{"id":19968,"date":"2020-07-04T17:29:27","date_gmt":"2020-07-04T16:29:27","guid":{"rendered":"http:\/\/montreux-vieux.net\/?page_id=19968"},"modified":"2020-07-04T17:29:27","modified_gmt":"2020-07-04T16:29:27","slug":"un-gang-de-gamins","status":"publish","type":"page","link":"https:\/\/montreux-vieux.net\/?page_id=19968","title":{"rendered":"Un \u00ab gang \u00bb de gamins ."},"content":{"rendered":"\n<p>Un \u00ab gang \u00bb de gamins . \u2014 Sur plainte des cultivateurs de Montreux-Vieux, les gendarmes arr\u00eatent\u00a0 six garnements \u00e2g\u00e9s de 12 \u00e0 14 ans qui pillaient les vergers et viviers et avaient commis toute une s\u00e9rie de vols\u00a0 \u00a0dont un de 97 000 francs<\/p>\n\n\n\n<p>Sources&nbsp;: Paris Presse l\u2019Intransigeant 14 octobre 1951<\/p>\n","protected":false},"excerpt":{"rendered":"<p>Un \u00ab gang \u00bb de gamins . \u2014 Sur plainte des cultivateurs de Montreux-Vieux, les gendarmes arr\u00eatent\u00a0 six garnements \u00e2g\u00e9s de 12 \u00e0 14 ans qui pillaient les vergers et viviers et avaient commis toute une s\u00e9rie de vols\u00a0 \u00a0dont &hellip; <a href=\"https:\/\/montreux-vieux.net\/?page_id=19968\">Continuer la lecture <span class=\"meta-nav\">&rarr;<\/span><\/a><\/p>\n","protected":false},"author":1,"featured_media":0,"parent":13044,"menu_order":320,"comment_status":"closed","ping_status":"open","template":"","meta":{"footnotes":""},"class_list":["post-19968","page","type-page","status-publish","hentry"],"_links":{"self":[{"href":"https:\/\/montreux-vieux.net\/index.php?rest_route=\/wp\/v2\/pages\/19968","targetHints":{"allow":["GET"]}}],"collection":[{"href":"https:\/\/montreux-vieux.net\/index.php?rest_route=\/wp\/v2\/pages"}],"about":[{"href":"https:\/\/montreux-vieux.net\/index.php?rest_route=\/wp\/v2\/types\/page"}],"author":[{"embeddable":true,"href":"https:\/\/montreux-vieux.net\/index.php?rest_route=\/wp\/v2\/users\/1"}],"replies":[{"embeddable":true,"href":"https:\/\/montreux-vieux.net\/index.php?rest_route=%2Fwp%2Fv2%2Fcomments&post=19968"}],"version-history":[{"count":1,"href":"https:\/\/montreux-vieux.net\/index.php?rest_route=\/wp\/v2\/pages\/19968\/revisions"}],"predecessor-version":[{"id":19969,"href":"https:\/\/montreux-vieux.net\/index.php?rest_route=\/wp\/v2\/pages\/19968\/revisions\/19969"}],"up":[{"embeddable":true,"href":"https:\/\/montreux-vieux.net\/index.php?rest_route=\/wp\/v2\/pages\/13044"}],"wp:attachment":[{"href":"https:\/\/montreux-vieux.net\/index.php?rest_route=%2Fwp%2Fv2%2Fmedia&parent=19968"}],"curies":[{"name":"wp","href":"https:\/\/api.w.org\/{rel}","templated":true}]}}