{"id":19971,"date":"2020-07-04T17:35:16","date_gmt":"2020-07-04T16:35:16","guid":{"rendered":"http:\/\/montreux-vieux.net\/?page_id=19971"},"modified":"2020-07-04T17:38:15","modified_gmt":"2020-07-04T16:38:15","slug":"accusee-de-bigamie","status":"publish","type":"page","link":"https:\/\/montreux-vieux.net\/?page_id=19971","title":{"rendered":"Accus\u00e9e de Bigamie"},"content":{"rendered":"\n<p><strong>COUR D\u2019ASSISES DU HAUT-RHIN<\/strong><\/p>\n\n\n\n<p>Accus\u00e9e de bigamie, une femme est acquitt\u00e9e. Une affaire de bigamie occupa les assises du Haut-Rhin dans la s\u00e9ance d\u2019avant-hier. Mme Riether, n\u00e9e Remetter Marie, \u00e0 Witternheim, se maria le 5 mars 1917 en pays de Bade, avec le nomm\u00e9 Albert Scheffel. Deux mois plus tard ce dernier, mobilis\u00e9, dut quitter sa femme. Celle-ci, aussit\u00f4t rentra en Alsace et s\u2019\u00e9tablit \u00e0 Hegenheim, o\u00f9 elle contracta un second mariage avec M. Rieth Thi\u00e9baut, en 1919. Les \u00e9poux d\u00e9m\u00e9nag\u00e8rent \u00e0 Valdoie, puis \u00e0 Montreux-Vieux. Mme Rielh est m\u00e8re de plusieurs enfants. Arr\u00eat\u00e9e pour bigamie, elle affirma que son premier mariage avait \u00e9t\u00e9 d\u00e9clar\u00e9 non valable, et qu&rsquo;elle en avait re\u00e7u confirmation avant de se remarier, par le tribunal cantonal. Ces d\u00e9clarations cependant furent d\u00e9menties par le tribunal en question et par les autorit\u00e9s municipales. N\u00e9anmoins Mme Rieth, apr\u00e8s un r\u00e9quisitoire peu s\u00e9v\u00e8re de l&rsquo;avocat g\u00e9n\u00e9ral et un plaidoyer \u00e9loquent de son d\u00e9fenseur, est acquitt\u00e9e. (Son premier mari, le nomm\u00e9 Schieffel, qui avait \u00e9galement contract\u00e9 un second mariage, a \u00e9t\u00e9 \u00e9crou\u00e9 pour bigamie, en pays de Bade et sera prochainement jug\u00e9<\/p>\n\n\n\n<p>Sources&nbsp;: L\u2019Express de Mulhouse 28 octobre 1927<\/p>\n","protected":false},"excerpt":{"rendered":"<p>COUR D\u2019ASSISES DU HAUT-RHIN Accus\u00e9e de bigamie, une femme est acquitt\u00e9e. Une affaire de bigamie occupa les assises du Haut-Rhin dans la s\u00e9ance d\u2019avant-hier. Mme Riether, n\u00e9e Remetter Marie, \u00e0 Witternheim, se maria le 5 mars 1917 en pays de &hellip; <a href=\"https:\/\/montreux-vieux.net\/?page_id=19971\">Continuer la lecture <span class=\"meta-nav\">&rarr;<\/span><\/a><\/p>\n","protected":false},"author":1,"featured_media":0,"parent":13044,"menu_order":330,"comment_status":"closed","ping_status":"open","template":"","meta":{"footnotes":""},"class_list":["post-19971","page","type-page","status-publish","hentry"],"_links":{"self":[{"href":"https:\/\/montreux-vieux.net\/index.php?rest_route=\/wp\/v2\/pages\/19971","targetHints":{"allow":["GET"]}}],"collection":[{"href":"https:\/\/montreux-vieux.net\/index.php?rest_route=\/wp\/v2\/pages"}],"about":[{"href":"https:\/\/montreux-vieux.net\/index.php?rest_route=\/wp\/v2\/types\/page"}],"author":[{"embeddable":true,"href":"https:\/\/montreux-vieux.net\/index.php?rest_route=\/wp\/v2\/users\/1"}],"replies":[{"embeddable":true,"href":"https:\/\/montreux-vieux.net\/index.php?rest_route=%2Fwp%2Fv2%2Fcomments&post=19971"}],"version-history":[{"count":2,"href":"https:\/\/montreux-vieux.net\/index.php?rest_route=\/wp\/v2\/pages\/19971\/revisions"}],"predecessor-version":[{"id":19974,"href":"https:\/\/montreux-vieux.net\/index.php?rest_route=\/wp\/v2\/pages\/19971\/revisions\/19974"}],"up":[{"embeddable":true,"href":"https:\/\/montreux-vieux.net\/index.php?rest_route=\/wp\/v2\/pages\/13044"}],"wp:attachment":[{"href":"https:\/\/montreux-vieux.net\/index.php?rest_route=%2Fwp%2Fv2%2Fmedia&parent=19971"}],"curies":[{"name":"wp","href":"https:\/\/api.w.org\/{rel}","templated":true}]}}