{"id":19982,"date":"2020-07-05T09:53:36","date_gmt":"2020-07-05T08:53:36","guid":{"rendered":"http:\/\/montreux-vieux.net\/?page_id=19982"},"modified":"2020-07-05T10:20:27","modified_gmt":"2020-07-05T09:20:27","slug":"vagabondage-et-vol-de-lard","status":"publish","type":"page","link":"https:\/\/montreux-vieux.net\/?page_id=19982","title":{"rendered":"Vagabondage et vol de lard"},"content":{"rendered":"\n<p>Fribourg Joseph, Ag\u00e9 de 38 ans, se disant n\u00e9 \u00e0 Montreux-Vieux (Alsace-Lorraine), journalier, sans domicile fixe, d\u00e9clar\u00e9 coupable de vagabondage et de vol de lard au pr\u00e9judice du sieur Vennesson Emile, de Magnant, a \u00e9t\u00e9 condamn\u00e9 \u00e0 13 mois d\u2019emprisonnement.<\/p>\n\n\n\n<p>Sources&nbsp;: Le Petit Courrier de Bar sur Seine 5 janvier 1894<\/p>\n","protected":false},"excerpt":{"rendered":"<p>Fribourg Joseph, Ag\u00e9 de 38 ans, se disant n\u00e9 \u00e0 Montreux-Vieux (Alsace-Lorraine), journalier, sans domicile fixe, d\u00e9clar\u00e9 coupable de vagabondage et de vol de lard au pr\u00e9judice du sieur Vennesson Emile, de Magnant, a \u00e9t\u00e9 condamn\u00e9 \u00e0 13 mois d\u2019emprisonnement. &hellip; <a href=\"https:\/\/montreux-vieux.net\/?page_id=19982\">Continuer la lecture <span class=\"meta-nav\">&rarr;<\/span><\/a><\/p>\n","protected":false},"author":1,"featured_media":0,"parent":13044,"menu_order":340,"comment_status":"closed","ping_status":"open","template":"","meta":{"footnotes":""},"class_list":["post-19982","page","type-page","status-publish","hentry"],"_links":{"self":[{"href":"https:\/\/montreux-vieux.net\/index.php?rest_route=\/wp\/v2\/pages\/19982","targetHints":{"allow":["GET"]}}],"collection":[{"href":"https:\/\/montreux-vieux.net\/index.php?rest_route=\/wp\/v2\/pages"}],"about":[{"href":"https:\/\/montreux-vieux.net\/index.php?rest_route=\/wp\/v2\/types\/page"}],"author":[{"embeddable":true,"href":"https:\/\/montreux-vieux.net\/index.php?rest_route=\/wp\/v2\/users\/1"}],"replies":[{"embeddable":true,"href":"https:\/\/montreux-vieux.net\/index.php?rest_route=%2Fwp%2Fv2%2Fcomments&post=19982"}],"version-history":[{"count":2,"href":"https:\/\/montreux-vieux.net\/index.php?rest_route=\/wp\/v2\/pages\/19982\/revisions"}],"predecessor-version":[{"id":19985,"href":"https:\/\/montreux-vieux.net\/index.php?rest_route=\/wp\/v2\/pages\/19982\/revisions\/19985"}],"up":[{"embeddable":true,"href":"https:\/\/montreux-vieux.net\/index.php?rest_route=\/wp\/v2\/pages\/13044"}],"wp:attachment":[{"href":"https:\/\/montreux-vieux.net\/index.php?rest_route=%2Fwp%2Fv2%2Fmedia&parent=19982"}],"curies":[{"name":"wp","href":"https:\/\/api.w.org\/{rel}","templated":true}]}}