{"id":19990,"date":"2020-07-06T08:24:17","date_gmt":"2020-07-06T07:24:17","guid":{"rendered":"http:\/\/montreux-vieux.net\/?page_id=19990"},"modified":"2020-07-06T08:24:17","modified_gmt":"2020-07-06T07:24:17","slug":"contrebande-de-papier-a-cigarettes","status":"publish","type":"page","link":"https:\/\/montreux-vieux.net\/?page_id=19990","title":{"rendered":"Contrebande de papier \u00e0 cigarettes"},"content":{"rendered":"\n<p>Emile Wendel, ouvrier chauffeur, \u00e0 Hohroder. fut pris en flagrant d\u00e9lit de contrebande de papier \u00e0 cigarettes, le 24 juin dernier, \u00e0 Montreux-Vieux. On constata \u00e9galement que Wendel \u00e9tait porteur d&rsquo;un revolver. L&rsquo;accus\u00e9, qui a d\u00e9j\u00e0 encouru des condamnations pour le m\u00eame d\u00e9lit en France, est condamn\u00e9 \u00e0 6 jours de prison et \u00e0 10 M. d&rsquo;amende ou 2 jours de prison. La&nbsp; peine prononc\u00e9e est purg\u00e9e par la pr\u00e9ventive.<\/p>\n\n\n\n<p>Sources&nbsp;: Express 13 janvier 1913<\/p>\n","protected":false},"excerpt":{"rendered":"<p>Emile Wendel, ouvrier chauffeur, \u00e0 Hohroder. fut pris en flagrant d\u00e9lit de contrebande de papier \u00e0 cigarettes, le 24 juin dernier, \u00e0 Montreux-Vieux. On constata \u00e9galement que Wendel \u00e9tait porteur d&rsquo;un revolver. L&rsquo;accus\u00e9, qui a d\u00e9j\u00e0 encouru des condamnations pour &hellip; <a href=\"https:\/\/montreux-vieux.net\/?page_id=19990\">Continuer la lecture <span class=\"meta-nav\">&rarr;<\/span><\/a><\/p>\n","protected":false},"author":1,"featured_media":0,"parent":13044,"menu_order":345,"comment_status":"closed","ping_status":"open","template":"","meta":{"footnotes":""},"class_list":["post-19990","page","type-page","status-publish","hentry"],"_links":{"self":[{"href":"https:\/\/montreux-vieux.net\/index.php?rest_route=\/wp\/v2\/pages\/19990","targetHints":{"allow":["GET"]}}],"collection":[{"href":"https:\/\/montreux-vieux.net\/index.php?rest_route=\/wp\/v2\/pages"}],"about":[{"href":"https:\/\/montreux-vieux.net\/index.php?rest_route=\/wp\/v2\/types\/page"}],"author":[{"embeddable":true,"href":"https:\/\/montreux-vieux.net\/index.php?rest_route=\/wp\/v2\/users\/1"}],"replies":[{"embeddable":true,"href":"https:\/\/montreux-vieux.net\/index.php?rest_route=%2Fwp%2Fv2%2Fcomments&post=19990"}],"version-history":[{"count":1,"href":"https:\/\/montreux-vieux.net\/index.php?rest_route=\/wp\/v2\/pages\/19990\/revisions"}],"predecessor-version":[{"id":19991,"href":"https:\/\/montreux-vieux.net\/index.php?rest_route=\/wp\/v2\/pages\/19990\/revisions\/19991"}],"up":[{"embeddable":true,"href":"https:\/\/montreux-vieux.net\/index.php?rest_route=\/wp\/v2\/pages\/13044"}],"wp:attachment":[{"href":"https:\/\/montreux-vieux.net\/index.php?rest_route=%2Fwp%2Fv2%2Fmedia&parent=19990"}],"curies":[{"name":"wp","href":"https:\/\/api.w.org\/{rel}","templated":true}]}}