{"id":19993,"date":"2020-07-06T08:43:32","date_gmt":"2020-07-06T07:43:32","guid":{"rendered":"http:\/\/montreux-vieux.net\/?page_id=19993"},"modified":"2020-07-06T08:43:32","modified_gmt":"2020-07-06T07:43:32","slug":"extradition-dun-individu-sous-le-coup-dune-faillite-frauduleuse","status":"publish","type":"page","link":"https:\/\/montreux-vieux.net\/?page_id=19993","title":{"rendered":"Extradition d&rsquo;un individu sous le coup d&rsquo;une faillite frauduleuse"},"content":{"rendered":"\n<p>Extradition. \u2014 La gendarmerie fran\u00e7aise a livr\u00e9 hier \u00e0 la gendarmerie allemande, \u00e0 Montreux-Vieux, un individu qui se trouve, parait-il, sous le coup d&rsquo;une faillite frauduleuse. Amen\u00e9 \u00e0 Mulhouse par le train de midi, il a fait connaissance pendant quelques heures avec I h\u00f4tel de l&rsquo;Etat de la rue de l\u2019esp\u00e9rance. A 5 h. 24, menottes aux mains et encha\u00een\u00e9, il a pris le train de Strasbourg, pour \u00eatre dirig\u00e9 de l\u00e0 sur L&rsquo;Im, qui a d\u00fb \u00eatre le th\u00e9\u00e2tre de ses exploits.<\/p>\n\n\n\n<p>Sources&nbsp;: Express 12 janvier 1890<\/p>\n","protected":false},"excerpt":{"rendered":"<p>Extradition. \u2014 La gendarmerie fran\u00e7aise a livr\u00e9 hier \u00e0 la gendarmerie allemande, \u00e0 Montreux-Vieux, un individu qui se trouve, parait-il, sous le coup d&rsquo;une faillite frauduleuse. Amen\u00e9 \u00e0 Mulhouse par le train de midi, il a fait connaissance pendant quelques &hellip; <a href=\"https:\/\/montreux-vieux.net\/?page_id=19993\">Continuer la lecture <span class=\"meta-nav\">&rarr;<\/span><\/a><\/p>\n","protected":false},"author":1,"featured_media":0,"parent":13044,"menu_order":350,"comment_status":"closed","ping_status":"open","template":"","meta":{"footnotes":""},"class_list":["post-19993","page","type-page","status-publish","hentry"],"_links":{"self":[{"href":"https:\/\/montreux-vieux.net\/index.php?rest_route=\/wp\/v2\/pages\/19993","targetHints":{"allow":["GET"]}}],"collection":[{"href":"https:\/\/montreux-vieux.net\/index.php?rest_route=\/wp\/v2\/pages"}],"about":[{"href":"https:\/\/montreux-vieux.net\/index.php?rest_route=\/wp\/v2\/types\/page"}],"author":[{"embeddable":true,"href":"https:\/\/montreux-vieux.net\/index.php?rest_route=\/wp\/v2\/users\/1"}],"replies":[{"embeddable":true,"href":"https:\/\/montreux-vieux.net\/index.php?rest_route=%2Fwp%2Fv2%2Fcomments&post=19993"}],"version-history":[{"count":1,"href":"https:\/\/montreux-vieux.net\/index.php?rest_route=\/wp\/v2\/pages\/19993\/revisions"}],"predecessor-version":[{"id":19994,"href":"https:\/\/montreux-vieux.net\/index.php?rest_route=\/wp\/v2\/pages\/19993\/revisions\/19994"}],"up":[{"embeddable":true,"href":"https:\/\/montreux-vieux.net\/index.php?rest_route=\/wp\/v2\/pages\/13044"}],"wp:attachment":[{"href":"https:\/\/montreux-vieux.net\/index.php?rest_route=%2Fwp%2Fv2%2Fmedia&parent=19993"}],"curies":[{"name":"wp","href":"https:\/\/api.w.org\/{rel}","templated":true}]}}