{"id":19997,"date":"2020-07-07T13:29:36","date_gmt":"2020-07-07T12:29:36","guid":{"rendered":"http:\/\/montreux-vieux.net\/?page_id=19997"},"modified":"2020-07-07T13:29:36","modified_gmt":"2020-07-07T12:29:36","slug":"arrestation-lors-dune-excursion-de-la-ste-de-chants-lalsatia","status":"publish","type":"page","link":"https:\/\/montreux-vieux.net\/?page_id=19997","title":{"rendered":"Arrestation lors d&rsquo;une excursion de la St\u00e9 de Chants L&rsquo;Alsatia"},"content":{"rendered":"\n<p>Arrestation. \u2014 La soci\u00e9t\u00e9 de chant l\u2019Alsatia a entrepris dimanche une excursion \u00e0 Ferrette et a quitt\u00e9 Mulhouse par le train de 5 h. 1\/2 du matin. Les membres de la soci\u00e9t\u00e9 portaient, sans doute pour se garantir contre la pluie qui tombait \u00e0 torrents, de vastes sombreros. Arriv\u00e9e \u00e0 Ferre!te, un commissaire de police d\u00e9couvrit autour du chapeau de l\u2019un des chanteurs une tresse en couronne aux couleurs nationales fran\u00e7aises. Le propri\u00e9taire du chapeau s\u00e9ditieux, le fils d\u2019un jardinier de la route de Brunstatt, fut imm\u00e9diatement arr\u00eat\u00e9 et ramen\u00e9 sous escorte \u00e0 Mulhouse par le train de 4 b. 50. Il est inutile de dire que cet incident a troubl\u00e9 la joie des excursionnistes qui sont revenus par le dernier train de Montreux-Vieux.<\/p>\n\n\n\n<p>Sources&nbsp;: Express 25 mai 1887<\/p>\n","protected":false},"excerpt":{"rendered":"<p>Arrestation. \u2014 La soci\u00e9t\u00e9 de chant l\u2019Alsatia a entrepris dimanche une excursion \u00e0 Ferrette et a quitt\u00e9 Mulhouse par le train de 5 h. 1\/2 du matin. Les membres de la soci\u00e9t\u00e9 portaient, sans doute pour se garantir contre la &hellip; <a href=\"https:\/\/montreux-vieux.net\/?page_id=19997\">Continuer la lecture <span class=\"meta-nav\">&rarr;<\/span><\/a><\/p>\n","protected":false},"author":1,"featured_media":0,"parent":13044,"menu_order":355,"comment_status":"closed","ping_status":"open","template":"","meta":{"footnotes":""},"class_list":["post-19997","page","type-page","status-publish","hentry"],"_links":{"self":[{"href":"https:\/\/montreux-vieux.net\/index.php?rest_route=\/wp\/v2\/pages\/19997","targetHints":{"allow":["GET"]}}],"collection":[{"href":"https:\/\/montreux-vieux.net\/index.php?rest_route=\/wp\/v2\/pages"}],"about":[{"href":"https:\/\/montreux-vieux.net\/index.php?rest_route=\/wp\/v2\/types\/page"}],"author":[{"embeddable":true,"href":"https:\/\/montreux-vieux.net\/index.php?rest_route=\/wp\/v2\/users\/1"}],"replies":[{"embeddable":true,"href":"https:\/\/montreux-vieux.net\/index.php?rest_route=%2Fwp%2Fv2%2Fcomments&post=19997"}],"version-history":[{"count":1,"href":"https:\/\/montreux-vieux.net\/index.php?rest_route=\/wp\/v2\/pages\/19997\/revisions"}],"predecessor-version":[{"id":19998,"href":"https:\/\/montreux-vieux.net\/index.php?rest_route=\/wp\/v2\/pages\/19997\/revisions\/19998"}],"up":[{"embeddable":true,"href":"https:\/\/montreux-vieux.net\/index.php?rest_route=\/wp\/v2\/pages\/13044"}],"wp:attachment":[{"href":"https:\/\/montreux-vieux.net\/index.php?rest_route=%2Fwp%2Fv2%2Fmedia&parent=19997"}],"curies":[{"name":"wp","href":"https:\/\/api.w.org\/{rel}","templated":true}]}}