{"id":2,"date":"2010-12-31T04:05:44","date_gmt":"2010-12-31T03:05:44","guid":{"rendered":"http:\/\/montreux-vieux.net\/?page_id=2"},"modified":"2018-11-21T10:02:17","modified_gmt":"2018-11-21T09:02:17","slug":"a-propos","status":"publish","type":"page","link":"https:\/\/montreux-vieux.net\/?page_id=2","title":{"rendered":"A propos"},"content":{"rendered":"<h3 style=\"text-align: center;\"><span style=\"color: #000000;\"><strong>Participez au blog de Montreux-Vieux<\/strong><\/span><\/h3>\n<p style=\"text-align: center;\"><a href=\"http:\/\/montreux-vieux.net\/montreux-vieux.net\/wp-content\/uploads\/2011\/12\/0022.jpg\" target=\"_blank\" rel=\"noopener\"><img loading=\"lazy\" decoding=\"async\" class=\"aligncenter wp-image-2620 size-full\" src=\"http:\/\/montreux-vieux.net\/montreux-vieux.net\/wp-content\/uploads\/2011\/12\/0022.jpg\" alt=\"L'orchestre Les Sylver Star\" width=\"600\" height=\"242\" srcset=\"https:\/\/montreux-vieux.net\/montreux-vieux.net\/wp-content\/uploads\/2011\/12\/0022.jpg 600w, https:\/\/montreux-vieux.net\/montreux-vieux.net\/wp-content\/uploads\/2011\/12\/0022-300x121.jpg 300w\" sizes=\"auto, (max-width: 600px) 100vw, 600px\" \/><\/a><\/p>\n<h4 style=\"text-align: justify;\">Ce blog se veut \u00eatre un lien entre tous les acteurs du village, associations, \u00e9coles, artisans commer\u00e7ants, etc.\u2026mais \u00e9galement pour les \u00a0montreusiennes, montreusiens\u00a0 domicili\u00e9s ou ayant v\u00e9cu au village sans oublier les habitants de\u00a0 la commune jumel\u00e9e de Voltago.<\/h4>\n<h4 style=\"text-align: justify;\">Vous \u00eates\u00a0par cons\u00e9quent cordialement \u00a0invit\u00e9s \u00e0 participer \u00e0 la vie de votre blog.<\/h4>\n<h4 style=\"text-align: justify;\">Cet outil permettra \u00e9galement aux personnes ayant quitt\u00e9es Montreux-Vieux\u00a0 ou celles \u00e9loign\u00e9es du fait de leur travail par exemple,\u00a0 d\u2019avoir un lien permanent sur les activit\u00e9s du village.<\/h4>\n<h4 style=\"text-align: justify;\">Venez communiquer sur les activit\u00e9s de votre association, de votre \u00e9cole, etc. Jean Michel Pfirsch\u00a0 vous offre gratuitement cet espace d&rsquo;expression afin de vous \u00a0assurer un\u00a0maximum <strong><span style=\"color: #993300;\">de visibilit\u00e9 sur internet.<\/span><\/strong><\/h4>\n<h4 style=\"text-align: justify;\">Pour celles ou ceux \u00a0qui le souhaitent. devenez r\u00e9dacteurs du blog. Pour cela il suffira de suivre les r\u00e8gles \u00e9l\u00e9mentaires de la \u00ab\u00a0n\u00e9tiquette\u00a0\u00bb (pas de messages \u00e0 caract\u00e8re insultant, diffamatoire etc&#8230;) Jean Michel Pfirsch, quant \u00e0 lui demeure l&rsquo;administrateur, se r\u00e9servant ainsi le droit de supprimer des messages qu&rsquo;il consid\u00e8rerait comme insultants ou hors sujet.<\/h4>\n<h4 style=\"text-align: justify;\">Conditions \u00e0 remplir pour obtenir un espace r\u00e9dacteur de ce blog, \u00eatre membre d&rsquo;une association montreusienne, \u00eatre enseignant(e) dans une \u00e9cole de Montreux-Vieux \u00a0ou \u00eatre install\u00e9(e) en tant que commer\u00e7ant, artisan, artiste\u00a0etc. au village.<\/h4>\n<h4 style=\"text-align: justify;\">Mettre en ligne des photos, des articles, annoncer vos \u00e9v\u00e8nements futurs Tout cela est possible, il y a simplement des r\u00e8gles techniques (notamment par rapport au format des images) \u00e0 suivre, que le webmaster du blog, Jean Michel Pfirsch, vous indiquera lorsque vous l&rsquo;aurez contact\u00e9.<\/h4>\n<h4 style=\"text-align: justify;\">Une facilit\u00e9 d&rsquo;utilisation et un accompagnement L&rsquo;int\u00e9r\u00eat de ce blog est le suivant\u00a0: si vous \u00eates muni d&rsquo;un ordinateur et d&rsquo;une connexion internet, vous pourrez, \u00e0 partir de chez vous, mettre imm\u00e9diatement en ligne les informations (ou reportages) de votre association ou de votre \u00e9cole etc..\u00a0 Le webmaster est l\u00e0 pour vous accompagner en cas de difficult\u00e9 mais il peut \u00e9galement mettre en ligne vos informations si vous lui envoyez vos articles et vos images directement par mail.<\/h4>\n<h4 style=\"text-align: justify;\">A vous de jouer, communiquez gratuitement sur internet, n&rsquo;h\u00e9sitez pas, vous aussi, \u00e0 venir nous rejoindre en vous assurant ainsi une pr\u00e9sence non n\u00e9gligeable sur internet.<\/h4>\n<h4 style=\"text-align: justify;\">Jean Michel Pfirsch<\/h4>\n","protected":false},"excerpt":{"rendered":"<p>Participez au blog de Montreux-Vieux Ce blog se veut \u00eatre un lien entre tous les acteurs du village, associations, \u00e9coles, artisans commer\u00e7ants, etc.\u2026mais \u00e9galement pour les \u00a0montreusiennes, montreusiens\u00a0 domicili\u00e9s ou ayant v\u00e9cu au village sans oublier les habitants de\u00a0 la &hellip; <a href=\"https:\/\/montreux-vieux.net\/?page_id=2\">Continuer la lecture <span class=\"meta-nav\">&rarr;<\/span><\/a><\/p>\n","protected":false},"author":1,"featured_media":0,"parent":0,"menu_order":0,"comment_status":"open","ping_status":"open","template":"","meta":{"footnotes":""},"class_list":["post-2","page","type-page","status-publish","hentry"],"_links":{"self":[{"href":"https:\/\/montreux-vieux.net\/index.php?rest_route=\/wp\/v2\/pages\/2","targetHints":{"allow":["GET"]}}],"collection":[{"href":"https:\/\/montreux-vieux.net\/index.php?rest_route=\/wp\/v2\/pages"}],"about":[{"href":"https:\/\/montreux-vieux.net\/index.php?rest_route=\/wp\/v2\/types\/page"}],"author":[{"embeddable":true,"href":"https:\/\/montreux-vieux.net\/index.php?rest_route=\/wp\/v2\/users\/1"}],"replies":[{"embeddable":true,"href":"https:\/\/montreux-vieux.net\/index.php?rest_route=%2Fwp%2Fv2%2Fcomments&post=2"}],"version-history":[{"count":14,"href":"https:\/\/montreux-vieux.net\/index.php?rest_route=\/wp\/v2\/pages\/2\/revisions"}],"predecessor-version":[{"id":10241,"href":"https:\/\/montreux-vieux.net\/index.php?rest_route=\/wp\/v2\/pages\/2\/revisions\/10241"}],"wp:attachment":[{"href":"https:\/\/montreux-vieux.net\/index.php?rest_route=%2Fwp%2Fv2%2Fmedia&parent=2"}],"curies":[{"name":"wp","href":"https:\/\/api.w.org\/{rel}","templated":true}]}}