{"id":20003,"date":"2020-07-08T13:30:41","date_gmt":"2020-07-08T12:30:41","guid":{"rendered":"http:\/\/montreux-vieux.net\/?page_id=20003"},"modified":"2020-07-08T13:31:31","modified_gmt":"2020-07-08T12:31:31","slug":"les-aventures-dun-evade","status":"publish","type":"page","link":"https:\/\/montreux-vieux.net\/?page_id=20003","title":{"rendered":"Les aventures d\u2019un \u00e9vad\u00e9"},"content":{"rendered":"\n<p>Les aventures d\u2019un \u00e9vad\u00e9. Les autorit\u00e9s fran\u00e7aises viennent de remettre entre les mains des gendarmes allemands, \u00e0 Montreux-Vieux (Alsace), un dangereux malfaiteur, le nomm\u00e9 Claude B\u00fcrr, qui, il y a 5 ans, s\u2019\u00e9tait \u00e9vad\u00e9 de la maison centrale d\u2019Ensisheim dans des circonstances dramatiques. Devant \u00eatre confront\u00e9 avec plusieurs t\u00e9moins dans une affaire de vol avec effraction, il prit place entre deux gardiens dans une voiture d\u00e9couverte pour se rendre \u00e0 la gare. En cours de route, ayant r\u00e9ussi \u00e0 se d\u00e9gager de ses liens, il assomma d\u2019un formidable coup de poing le gardien de gauche et, saisissant celui de droite \u00e0 la gorge, le jeta hors de la voiture sur la route. Puis, prenant ses jambes \u00e0 son cou, il disparut. Dans la nuit, il passa la fronti\u00e8re. Il serait encore en France, bien tranquille, si, derni\u00e8rement, il n\u2019avait attir\u00e9 l\u2019attention de la police sur lui. impliqu\u00e9 dans une affaire de cambriolage.il est con damn\u00e9 \u00e0 3 mois de prison et, \u00e0 l\u2019issue de sa peine, ramen\u00e9 \u00e0 la fronti\u00e8re. La gendarmerie allemande le re\u00e7ut \u00e0 bras ouverts.<\/p>\n\n\n\n<p>Sources&nbsp;: Courrier de Sa\u00f4ne et Loire 25 novembre 1906<\/p>\n","protected":false},"excerpt":{"rendered":"<p>Les aventures d\u2019un \u00e9vad\u00e9. Les autorit\u00e9s fran\u00e7aises viennent de remettre entre les mains des gendarmes allemands, \u00e0 Montreux-Vieux (Alsace), un dangereux malfaiteur, le nomm\u00e9 Claude B\u00fcrr, qui, il y a 5 ans, s\u2019\u00e9tait \u00e9vad\u00e9 de la maison centrale d\u2019Ensisheim dans &hellip; <a href=\"https:\/\/montreux-vieux.net\/?page_id=20003\">Continuer la lecture <span class=\"meta-nav\">&rarr;<\/span><\/a><\/p>\n","protected":false},"author":1,"featured_media":0,"parent":13044,"menu_order":360,"comment_status":"closed","ping_status":"open","template":"","meta":{"footnotes":""},"class_list":["post-20003","page","type-page","status-publish","hentry"],"_links":{"self":[{"href":"https:\/\/montreux-vieux.net\/index.php?rest_route=\/wp\/v2\/pages\/20003","targetHints":{"allow":["GET"]}}],"collection":[{"href":"https:\/\/montreux-vieux.net\/index.php?rest_route=\/wp\/v2\/pages"}],"about":[{"href":"https:\/\/montreux-vieux.net\/index.php?rest_route=\/wp\/v2\/types\/page"}],"author":[{"embeddable":true,"href":"https:\/\/montreux-vieux.net\/index.php?rest_route=\/wp\/v2\/users\/1"}],"replies":[{"embeddable":true,"href":"https:\/\/montreux-vieux.net\/index.php?rest_route=%2Fwp%2Fv2%2Fcomments&post=20003"}],"version-history":[{"count":2,"href":"https:\/\/montreux-vieux.net\/index.php?rest_route=\/wp\/v2\/pages\/20003\/revisions"}],"predecessor-version":[{"id":20005,"href":"https:\/\/montreux-vieux.net\/index.php?rest_route=\/wp\/v2\/pages\/20003\/revisions\/20005"}],"up":[{"embeddable":true,"href":"https:\/\/montreux-vieux.net\/index.php?rest_route=\/wp\/v2\/pages\/13044"}],"wp:attachment":[{"href":"https:\/\/montreux-vieux.net\/index.php?rest_route=%2Fwp%2Fv2%2Fmedia&parent=20003"}],"curies":[{"name":"wp","href":"https:\/\/api.w.org\/{rel}","templated":true}]}}