{"id":20010,"date":"2020-07-09T17:13:16","date_gmt":"2020-07-09T16:13:16","guid":{"rendered":"http:\/\/montreux-vieux.net\/?page_id=20010"},"modified":"2020-07-09T17:13:16","modified_gmt":"2020-07-09T16:13:16","slug":"les-otages-rapatries","status":"publish","type":"page","link":"https:\/\/montreux-vieux.net\/?page_id=20010","title":{"rendered":"LES OTAGES RAPATRIES"},"content":{"rendered":"\n<p>LES OTAGES RAPATRIES On sait qu\u2019un convoi de 285 prisonniers civils allemands, venant de France, est arriv\u00e9 vendredi dernier \u00e0 Singen, par Gen\u00e8ve et Zurich. Presque tous \u00e9taient des otages emmen\u00e9s par les Fran\u00e7ais dans les communes de Haute-Alsace occup\u00e9es par eux, \u00e0 titre de repr\u00e9sailles contre les innombrables d\u00e9portations d\u2019otages accomplies par les Allemands dans les provinces fran\u00e7aises envahies. Le rapatriement de ces intern\u00e9s civils est du, \u00e0 ce qu&rsquo;annonce la presse alsacienne, aux efforts du Bureau pour les otages civils, \u00e0 B\u00e2le, qui s\u2019emploie avec beaucoup de Z\u00e8le en faveur des otages allemands en France. 75 de ces otages sont des ressortissants de Montreux-Vieux et une cinquantaine proviennent de Dannemarie<\/p>\n\n\n\n<p>Sources&nbsp;:M\u00e9morial de la Loire et de la Haute Loire 12 ao\u00fbt 1915<\/p>\n","protected":false},"excerpt":{"rendered":"<p>LES OTAGES RAPATRIES On sait qu\u2019un convoi de 285 prisonniers civils allemands, venant de France, est arriv\u00e9 vendredi dernier \u00e0 Singen, par Gen\u00e8ve et Zurich. Presque tous \u00e9taient des otages emmen\u00e9s par les Fran\u00e7ais dans les communes de Haute-Alsace occup\u00e9es &hellip; <a href=\"https:\/\/montreux-vieux.net\/?page_id=20010\">Continuer la lecture <span class=\"meta-nav\">&rarr;<\/span><\/a><\/p>\n","protected":false},"author":1,"featured_media":0,"parent":12673,"menu_order":140,"comment_status":"closed","ping_status":"open","template":"","meta":{"footnotes":""},"class_list":["post-20010","page","type-page","status-publish","hentry"],"_links":{"self":[{"href":"https:\/\/montreux-vieux.net\/index.php?rest_route=\/wp\/v2\/pages\/20010","targetHints":{"allow":["GET"]}}],"collection":[{"href":"https:\/\/montreux-vieux.net\/index.php?rest_route=\/wp\/v2\/pages"}],"about":[{"href":"https:\/\/montreux-vieux.net\/index.php?rest_route=\/wp\/v2\/types\/page"}],"author":[{"embeddable":true,"href":"https:\/\/montreux-vieux.net\/index.php?rest_route=\/wp\/v2\/users\/1"}],"replies":[{"embeddable":true,"href":"https:\/\/montreux-vieux.net\/index.php?rest_route=%2Fwp%2Fv2%2Fcomments&post=20010"}],"version-history":[{"count":1,"href":"https:\/\/montreux-vieux.net\/index.php?rest_route=\/wp\/v2\/pages\/20010\/revisions"}],"predecessor-version":[{"id":20011,"href":"https:\/\/montreux-vieux.net\/index.php?rest_route=\/wp\/v2\/pages\/20010\/revisions\/20011"}],"up":[{"embeddable":true,"href":"https:\/\/montreux-vieux.net\/index.php?rest_route=\/wp\/v2\/pages\/12673"}],"wp:attachment":[{"href":"https:\/\/montreux-vieux.net\/index.php?rest_route=%2Fwp%2Fv2%2Fmedia&parent=20010"}],"curies":[{"name":"wp","href":"https:\/\/api.w.org\/{rel}","templated":true}]}}