{"id":20014,"date":"2020-07-10T13:13:05","date_gmt":"2020-07-10T12:13:05","guid":{"rendered":"http:\/\/montreux-vieux.net\/?page_id=20014"},"modified":"2020-07-10T13:13:05","modified_gmt":"2020-07-10T12:13:05","slug":"l-enterrement-du-malheureux-auguste-christen-ecrase-par-lexpress","status":"publish","type":"page","link":"https:\/\/montreux-vieux.net\/?page_id=20014","title":{"rendered":"L &lsquo;enterrement du malheureux Auguste Christen \u00e9cras\u00e9 par l\u2019express"},"content":{"rendered":"\n<p>MONTREUX-VIEUX. L &lsquo;enterrement du malheureux Auguste Christen \u00e9cras\u00e9 par l\u2019express vendredi matin, a eu lieu lundi malin au milieu d\u2019une affluence consid\u00e9rable. Tout le &nbsp;village, y compris les nombreux amis du malheureux, ont tenu \u00e0 t\u00e9moigner leur sympathie a la famille \u00e9prouv\u00e9e. Nombreuses furent les couronnes et surtout les fleurs d\u00e9pos\u00e9es \u00e0 la maison mortuaires. Des jeunes filles en blanc, avec des fleurs pr\u00e9c\u00e9daient le cercueil que port\u00e8rent les amis du d\u00e9funt. Au cimeti\u00e8re les adieux de la famille furent p\u00e9nibles et tout l\u2019assistance \u00e9tait touch\u00e9e jusqu\u2019aux larmes.<\/p>\n\n\n\n<p>Sources&nbsp;: Express de Mulhouse 12 octobre 1923<\/p>\n","protected":false},"excerpt":{"rendered":"<p>MONTREUX-VIEUX. L &lsquo;enterrement du malheureux Auguste Christen \u00e9cras\u00e9 par l\u2019express vendredi matin, a eu lieu lundi malin au milieu d\u2019une affluence consid\u00e9rable. Tout le &nbsp;village, y compris les nombreux amis du malheureux, ont tenu \u00e0 t\u00e9moigner leur sympathie a la &hellip; <a href=\"https:\/\/montreux-vieux.net\/?page_id=20014\">Continuer la lecture <span class=\"meta-nav\">&rarr;<\/span><\/a><\/p>\n","protected":false},"author":1,"featured_media":0,"parent":13009,"menu_order":40,"comment_status":"closed","ping_status":"open","template":"","meta":{"footnotes":""},"class_list":["post-20014","page","type-page","status-publish","hentry"],"_links":{"self":[{"href":"https:\/\/montreux-vieux.net\/index.php?rest_route=\/wp\/v2\/pages\/20014","targetHints":{"allow":["GET"]}}],"collection":[{"href":"https:\/\/montreux-vieux.net\/index.php?rest_route=\/wp\/v2\/pages"}],"about":[{"href":"https:\/\/montreux-vieux.net\/index.php?rest_route=\/wp\/v2\/types\/page"}],"author":[{"embeddable":true,"href":"https:\/\/montreux-vieux.net\/index.php?rest_route=\/wp\/v2\/users\/1"}],"replies":[{"embeddable":true,"href":"https:\/\/montreux-vieux.net\/index.php?rest_route=%2Fwp%2Fv2%2Fcomments&post=20014"}],"version-history":[{"count":1,"href":"https:\/\/montreux-vieux.net\/index.php?rest_route=\/wp\/v2\/pages\/20014\/revisions"}],"predecessor-version":[{"id":20015,"href":"https:\/\/montreux-vieux.net\/index.php?rest_route=\/wp\/v2\/pages\/20014\/revisions\/20015"}],"up":[{"embeddable":true,"href":"https:\/\/montreux-vieux.net\/index.php?rest_route=\/wp\/v2\/pages\/13009"}],"wp:attachment":[{"href":"https:\/\/montreux-vieux.net\/index.php?rest_route=%2Fwp%2Fv2%2Fmedia&parent=20014"}],"curies":[{"name":"wp","href":"https:\/\/api.w.org\/{rel}","templated":true}]}}