{"id":20027,"date":"2020-07-11T13:51:53","date_gmt":"2020-07-11T12:51:53","guid":{"rendered":"http:\/\/montreux-vieux.net\/?page_id=20027"},"modified":"2020-07-11T13:51:53","modified_gmt":"2020-07-11T12:51:53","slug":"accident-a-la-gare","status":"publish","type":"page","link":"https:\/\/montreux-vieux.net\/?page_id=20027","title":{"rendered":"Accident \u00e0 la gare"},"content":{"rendered":"\n<p>Montreux-Vieux, 28 juillet. \u2014 En changeant un rail \u00e0 la gare, un homme d\u2019\u00e9quipe a eu le malheur de se fracturer la clavicule droite; on a d\u00fb le transporter \u00e0 son domicile. o\u00f9 il est l objet de soins m\u00e9dicaux que n\u00e9cessite son \u00e9tat<\/p>\n\n\n\n<p>Sources&nbsp;: L\u2019Express 30 juillet 1886<\/p>\n","protected":false},"excerpt":{"rendered":"<p>Montreux-Vieux, 28 juillet. \u2014 En changeant un rail \u00e0 la gare, un homme d\u2019\u00e9quipe a eu le malheur de se fracturer la clavicule droite; on a d\u00fb le transporter \u00e0 son domicile. o\u00f9 il est l objet de soins m\u00e9dicaux &hellip; <a href=\"https:\/\/montreux-vieux.net\/?page_id=20027\">Continuer la lecture <span class=\"meta-nav\">&rarr;<\/span><\/a><\/p>\n","protected":false},"author":1,"featured_media":0,"parent":13044,"menu_order":370,"comment_status":"closed","ping_status":"open","template":"","meta":{"footnotes":""},"class_list":["post-20027","page","type-page","status-publish","hentry"],"_links":{"self":[{"href":"https:\/\/montreux-vieux.net\/index.php?rest_route=\/wp\/v2\/pages\/20027","targetHints":{"allow":["GET"]}}],"collection":[{"href":"https:\/\/montreux-vieux.net\/index.php?rest_route=\/wp\/v2\/pages"}],"about":[{"href":"https:\/\/montreux-vieux.net\/index.php?rest_route=\/wp\/v2\/types\/page"}],"author":[{"embeddable":true,"href":"https:\/\/montreux-vieux.net\/index.php?rest_route=\/wp\/v2\/users\/1"}],"replies":[{"embeddable":true,"href":"https:\/\/montreux-vieux.net\/index.php?rest_route=%2Fwp%2Fv2%2Fcomments&post=20027"}],"version-history":[{"count":1,"href":"https:\/\/montreux-vieux.net\/index.php?rest_route=\/wp\/v2\/pages\/20027\/revisions"}],"predecessor-version":[{"id":20028,"href":"https:\/\/montreux-vieux.net\/index.php?rest_route=\/wp\/v2\/pages\/20027\/revisions\/20028"}],"up":[{"embeddable":true,"href":"https:\/\/montreux-vieux.net\/index.php?rest_route=\/wp\/v2\/pages\/13044"}],"wp:attachment":[{"href":"https:\/\/montreux-vieux.net\/index.php?rest_route=%2Fwp%2Fv2%2Fmedia&parent=20027"}],"curies":[{"name":"wp","href":"https:\/\/api.w.org\/{rel}","templated":true}]}}