{"id":20036,"date":"2020-07-11T15:08:07","date_gmt":"2020-07-11T14:08:07","guid":{"rendered":"http:\/\/montreux-vieux.net\/?page_id=20036"},"modified":"2020-07-11T15:08:07","modified_gmt":"2020-07-11T14:08:07","slug":"entre-marseille-et-lalsace-lorraine","status":"publish","type":"page","link":"https:\/\/montreux-vieux.net\/?page_id=20036","title":{"rendered":"ENTRE MARSEILLE ET L\u2019ALSACE-LORRAINE"},"content":{"rendered":"\n<p><strong>ENTRE MARSEILLE ET L\u2019ALSACE-LORRAINE<\/strong><\/p>\n\n\n\n<p>\u00ab&nbsp;Exp\u00e9dition\u00bb de wagons complets &#8211; via Belfort \u2014 La Chambre de commerce de Marseille porte A la connaissance de ses ressortissants int\u00e9ress\u00e9s que la Cie P. L. M., en vue d\u2019am\u00e9liorer les conditions d\u2019acheminement du trafic P. V. par wagons complets entre Marseille et le r\u00e9seau d\u2019Alsace et Lorraine via Belfort, a d\u00e9cid\u00e9, d\u2019accord avec les r\u00e9seaux d\u2019Alsace et de Lorraine et de l\u2019Est, la cr\u00e9ation, A dater du 15 novembre courant, d&rsquo;un train de marchandises direct de chaque sens entre Marseille-Arenc et Montreux Vieux Ce train circulera dans l\u2019horaire cl apr\u00e8s :<\/p>\n\n\n\n<p>1. Marseille-Arenc-Montreux-Vieux, Marseille-Arenc, d\u00e9part 23 h. 9, Jour A.<\/p>\n\n\n\n<p>Belfort, arriv\u00e9e 12 h. 58, jour C; d\u00e9part 15 h. 30, jour C.<\/p>\n\n\n\n<p>Montreux-Vieux, arriv\u00e9e, 16 h. 07. Jour C.<\/p>\n\n\n\n<p> 2. Montreux Vieux-Marseille. \u2014 Montreux Vieux, d\u00e9part H h. 38, jour A; Belfort, arriv\u00e9e, 12 h. 35, Jour A; d\u00e9part 13 h. 38, Jour A.<\/p>\n\n\n\n<p>Marsellle-Arenc, arriv\u00e9e 3 h. 36. Jour C. La dur\u00e9e du parcours est ainsi ramen\u00e9e de 57 h. \u00e0 41 h., entre Marseille et Montreux-Vieux et de 54 h. \u00e0 40 h., dans Je sens inverse.<\/p>\n\n\n\n<p>Sources&nbsp;: Le Petit Proven\u00e7al 24 d\u00e9cembre 1927<\/p>\n","protected":false},"excerpt":{"rendered":"<p>ENTRE MARSEILLE ET L\u2019ALSACE-LORRAINE \u00ab&nbsp;Exp\u00e9dition\u00bb de wagons complets &#8211; via Belfort \u2014 La Chambre de commerce de Marseille porte A la connaissance de ses ressortissants int\u00e9ress\u00e9s que la Cie P. L. M., en vue d\u2019am\u00e9liorer les conditions d\u2019acheminement du trafic &hellip; <a href=\"https:\/\/montreux-vieux.net\/?page_id=20036\">Continuer la lecture <span class=\"meta-nav\">&rarr;<\/span><\/a><\/p>\n","protected":false},"author":1,"featured_media":0,"parent":13007,"menu_order":40,"comment_status":"closed","ping_status":"open","template":"","meta":{"footnotes":""},"class_list":["post-20036","page","type-page","status-publish","hentry"],"_links":{"self":[{"href":"https:\/\/montreux-vieux.net\/index.php?rest_route=\/wp\/v2\/pages\/20036","targetHints":{"allow":["GET"]}}],"collection":[{"href":"https:\/\/montreux-vieux.net\/index.php?rest_route=\/wp\/v2\/pages"}],"about":[{"href":"https:\/\/montreux-vieux.net\/index.php?rest_route=\/wp\/v2\/types\/page"}],"author":[{"embeddable":true,"href":"https:\/\/montreux-vieux.net\/index.php?rest_route=\/wp\/v2\/users\/1"}],"replies":[{"embeddable":true,"href":"https:\/\/montreux-vieux.net\/index.php?rest_route=%2Fwp%2Fv2%2Fcomments&post=20036"}],"version-history":[{"count":1,"href":"https:\/\/montreux-vieux.net\/index.php?rest_route=\/wp\/v2\/pages\/20036\/revisions"}],"predecessor-version":[{"id":20037,"href":"https:\/\/montreux-vieux.net\/index.php?rest_route=\/wp\/v2\/pages\/20036\/revisions\/20037"}],"up":[{"embeddable":true,"href":"https:\/\/montreux-vieux.net\/index.php?rest_route=\/wp\/v2\/pages\/13007"}],"wp:attachment":[{"href":"https:\/\/montreux-vieux.net\/index.php?rest_route=%2Fwp%2Fv2%2Fmedia&parent=20036"}],"curies":[{"name":"wp","href":"https:\/\/api.w.org\/{rel}","templated":true}]}}