{"id":20041,"date":"2020-07-11T15:16:45","date_gmt":"2020-07-11T14:16:45","guid":{"rendered":"http:\/\/montreux-vieux.net\/?page_id=20041"},"modified":"2020-07-11T15:16:45","modified_gmt":"2020-07-11T14:16:45","slug":"ralentissement-du-trafic-a-cause-des-passeports","status":"publish","type":"page","link":"https:\/\/montreux-vieux.net\/?page_id=20041","title":{"rendered":"Ralentissement du trafic \u00e0 cause des passeports"},"content":{"rendered":"\n<p>Montreux Vieux. \u2014 Ou nous \u00e9crit : La circulation et le mouvement de notre gare qui avaient subi un ralentissement consid\u00e9rable au cours de l&rsquo;\u00e9t\u00e9 dernier et m\u00f4me de l\u2019automne, semblent depuis quelque temps reprendre une vie nouvelle. En dehors des trains r\u00e8glementaires, l\u2019administration se voit oblig\u00e9e d&rsquo;organiser presque tous les jours des trains suppl\u00e9mentaires pour satisfaire aux exigences des exp\u00e9diteurs de marchandises. L\u2019importation du b\u00e9tail de France prend surtout de grandes proportions. On en fait des exp\u00e9ditions consid\u00e9rables qui sont dirig\u00e9es en grande partie sur Mayence et Bischofshelm.<\/p>\n\n\n\n<p>La circulation des voyageurs suit par contre un d\u00e9croissent progressif. Tandis qu\u2019en septembre dernier on a d\u00e9livr\u00e9 de et pour Montreux Vieux 2,916 billets, on n\u2019en a d\u00e9livr\u00e9 que 2,245 pendant le mois d\u2019octobre. Les petits commer\u00e7ants de notre commune qui vivent du trafic avec la France, souffrent beaucoup des circonstances actuelles. Ils souffriront probablement encore longtemps, car il n\u2019y a gu\u00e8re d\u2019espoir de voir adoucir dans un d\u00e9lai prochain les rigueurs dans la &nbsp;mesure des passeports.<\/p>\n\n\n\n<p>Sources&nbsp;: Express 9 d\u00e9cembre 1888<\/p>\n","protected":false},"excerpt":{"rendered":"<p>Montreux Vieux. \u2014 Ou nous \u00e9crit : La circulation et le mouvement de notre gare qui avaient subi un ralentissement consid\u00e9rable au cours de l&rsquo;\u00e9t\u00e9 dernier et m\u00f4me de l\u2019automne, semblent depuis quelque temps reprendre une vie nouvelle. En dehors &hellip; <a href=\"https:\/\/montreux-vieux.net\/?page_id=20041\">Continuer la lecture <span class=\"meta-nav\">&rarr;<\/span><\/a><\/p>\n","protected":false},"author":1,"featured_media":0,"parent":13007,"menu_order":45,"comment_status":"closed","ping_status":"open","template":"","meta":{"footnotes":""},"class_list":["post-20041","page","type-page","status-publish","hentry"],"_links":{"self":[{"href":"https:\/\/montreux-vieux.net\/index.php?rest_route=\/wp\/v2\/pages\/20041","targetHints":{"allow":["GET"]}}],"collection":[{"href":"https:\/\/montreux-vieux.net\/index.php?rest_route=\/wp\/v2\/pages"}],"about":[{"href":"https:\/\/montreux-vieux.net\/index.php?rest_route=\/wp\/v2\/types\/page"}],"author":[{"embeddable":true,"href":"https:\/\/montreux-vieux.net\/index.php?rest_route=\/wp\/v2\/users\/1"}],"replies":[{"embeddable":true,"href":"https:\/\/montreux-vieux.net\/index.php?rest_route=%2Fwp%2Fv2%2Fcomments&post=20041"}],"version-history":[{"count":1,"href":"https:\/\/montreux-vieux.net\/index.php?rest_route=\/wp\/v2\/pages\/20041\/revisions"}],"predecessor-version":[{"id":20042,"href":"https:\/\/montreux-vieux.net\/index.php?rest_route=\/wp\/v2\/pages\/20041\/revisions\/20042"}],"up":[{"embeddable":true,"href":"https:\/\/montreux-vieux.net\/index.php?rest_route=\/wp\/v2\/pages\/13007"}],"wp:attachment":[{"href":"https:\/\/montreux-vieux.net\/index.php?rest_route=%2Fwp%2Fv2%2Fmedia&parent=20041"}],"curies":[{"name":"wp","href":"https:\/\/api.w.org\/{rel}","templated":true}]}}