{"id":20047,"date":"2020-07-11T15:39:21","date_gmt":"2020-07-11T14:39:21","guid":{"rendered":"http:\/\/montreux-vieux.net\/?page_id=20047"},"modified":"2020-07-11T15:39:21","modified_gmt":"2020-07-11T14:39:21","slug":"expeditions-decorces-de-chenes","status":"publish","type":"page","link":"https:\/\/montreux-vieux.net\/?page_id=20047","title":{"rendered":"Exp\u00e9ditions d\u2019\u00e9corces de ch\u00eanes"},"content":{"rendered":"\n<p>Montreux-Vieux. \u2014 Les exp\u00e9ditions d\u2019\u00e9corces de ch\u00eanes venant du Midi de la France ont recommenc\u00e9 et de nombreux wagons charg\u00e9s de cet article qu\u2019utilisent les tanneurs, passent journellement par la gare de Montreux-Vieux. Ils sont dirig\u00e9s en grande partie sur la Basse-Alsace, le grand-duch\u00e9 de Bade et le Wurtemberg.<\/p>\n\n\n\n<p>Sources&nbsp;: Express 10 juin 1898<\/p>\n","protected":false},"excerpt":{"rendered":"<p>Montreux-Vieux. \u2014 Les exp\u00e9ditions d\u2019\u00e9corces de ch\u00eanes venant du Midi de la France ont recommenc\u00e9 et de nombreux wagons charg\u00e9s de cet article qu\u2019utilisent les tanneurs, passent journellement par la gare de Montreux-Vieux. Ils sont dirig\u00e9s en grande partie sur &hellip; <a href=\"https:\/\/montreux-vieux.net\/?page_id=20047\">Continuer la lecture <span class=\"meta-nav\">&rarr;<\/span><\/a><\/p>\n","protected":false},"author":1,"featured_media":0,"parent":13007,"menu_order":55,"comment_status":"closed","ping_status":"open","template":"","meta":{"footnotes":""},"class_list":["post-20047","page","type-page","status-publish","hentry"],"_links":{"self":[{"href":"https:\/\/montreux-vieux.net\/index.php?rest_route=\/wp\/v2\/pages\/20047","targetHints":{"allow":["GET"]}}],"collection":[{"href":"https:\/\/montreux-vieux.net\/index.php?rest_route=\/wp\/v2\/pages"}],"about":[{"href":"https:\/\/montreux-vieux.net\/index.php?rest_route=\/wp\/v2\/types\/page"}],"author":[{"embeddable":true,"href":"https:\/\/montreux-vieux.net\/index.php?rest_route=\/wp\/v2\/users\/1"}],"replies":[{"embeddable":true,"href":"https:\/\/montreux-vieux.net\/index.php?rest_route=%2Fwp%2Fv2%2Fcomments&post=20047"}],"version-history":[{"count":1,"href":"https:\/\/montreux-vieux.net\/index.php?rest_route=\/wp\/v2\/pages\/20047\/revisions"}],"predecessor-version":[{"id":20048,"href":"https:\/\/montreux-vieux.net\/index.php?rest_route=\/wp\/v2\/pages\/20047\/revisions\/20048"}],"up":[{"embeddable":true,"href":"https:\/\/montreux-vieux.net\/index.php?rest_route=\/wp\/v2\/pages\/13007"}],"wp:attachment":[{"href":"https:\/\/montreux-vieux.net\/index.php?rest_route=%2Fwp%2Fv2%2Fmedia&parent=20047"}],"curies":[{"name":"wp","href":"https:\/\/api.w.org\/{rel}","templated":true}]}}