{"id":20050,"date":"2020-07-11T15:42:58","date_gmt":"2020-07-11T14:42:58","guid":{"rendered":"http:\/\/montreux-vieux.net\/?page_id=20050"},"modified":"2020-07-11T15:46:24","modified_gmt":"2020-07-11T14:46:24","slug":"le-trafic-des-voyageurs-et-des-marchandises-est-tres-actif","status":"publish","type":"page","link":"https:\/\/montreux-vieux.net\/?page_id=20050","title":{"rendered":"Le trafic des voyageurs et des marchandises est tr\u00e8s actif"},"content":{"rendered":"\n<p>Montreux-Vieux. \u2014 Le trafic des voyageurs et des marchandises est tr\u00e8s actif en ce moment \u00e0&nbsp; la gare de Montreux Vieux. Les importations qui arrivent de France consistant sp\u00e9cialement en l\u00e9gumes, fruits et volaille; d\u2019Alsace et du duch\u00e9 de Bade arrivent, pour \u00eatre export\u00e9s en France des envois consid\u00e9rables de cerises<\/p>\n\n\n\n<p>Sources&nbsp;: Express 14 juillet 1894<\/p>\n","protected":false},"excerpt":{"rendered":"<p>Montreux-Vieux. \u2014 Le trafic des voyageurs et des marchandises est tr\u00e8s actif en ce moment \u00e0&nbsp; la gare de Montreux Vieux. Les importations qui arrivent de France consistant sp\u00e9cialement en l\u00e9gumes, fruits et volaille; d\u2019Alsace et du duch\u00e9 de Bade &hellip; <a href=\"https:\/\/montreux-vieux.net\/?page_id=20050\">Continuer la lecture <span class=\"meta-nav\">&rarr;<\/span><\/a><\/p>\n","protected":false},"author":1,"featured_media":0,"parent":13007,"menu_order":65,"comment_status":"closed","ping_status":"open","template":"","meta":{"footnotes":""},"class_list":["post-20050","page","type-page","status-publish","hentry"],"_links":{"self":[{"href":"https:\/\/montreux-vieux.net\/index.php?rest_route=\/wp\/v2\/pages\/20050","targetHints":{"allow":["GET"]}}],"collection":[{"href":"https:\/\/montreux-vieux.net\/index.php?rest_route=\/wp\/v2\/pages"}],"about":[{"href":"https:\/\/montreux-vieux.net\/index.php?rest_route=\/wp\/v2\/types\/page"}],"author":[{"embeddable":true,"href":"https:\/\/montreux-vieux.net\/index.php?rest_route=\/wp\/v2\/users\/1"}],"replies":[{"embeddable":true,"href":"https:\/\/montreux-vieux.net\/index.php?rest_route=%2Fwp%2Fv2%2Fcomments&post=20050"}],"version-history":[{"count":2,"href":"https:\/\/montreux-vieux.net\/index.php?rest_route=\/wp\/v2\/pages\/20050\/revisions"}],"predecessor-version":[{"id":20053,"href":"https:\/\/montreux-vieux.net\/index.php?rest_route=\/wp\/v2\/pages\/20050\/revisions\/20053"}],"up":[{"embeddable":true,"href":"https:\/\/montreux-vieux.net\/index.php?rest_route=\/wp\/v2\/pages\/13007"}],"wp:attachment":[{"href":"https:\/\/montreux-vieux.net\/index.php?rest_route=%2Fwp%2Fv2%2Fmedia&parent=20050"}],"curies":[{"name":"wp","href":"https:\/\/api.w.org\/{rel}","templated":true}]}}