{"id":20057,"date":"2020-07-12T10:25:54","date_gmt":"2020-07-12T09:25:54","guid":{"rendered":"http:\/\/montreux-vieux.net\/?page_id=20057"},"modified":"2021-06-27T08:50:23","modified_gmt":"2021-06-27T07:50:23","slug":"creation-dun-port-de-canal-a-montreux-vieux","status":"publish","type":"page","link":"https:\/\/montreux-vieux.net\/?page_id=20057","title":{"rendered":"Cr\u00e9ation d\u2019un port de canal \u00e0 Montreux-Vieux."},"content":{"rendered":"\n<p>Cr\u00e9ation d\u2019un port de canal \u00e0 Montreux-Vieux.<\/p>\n\n\n\n<p>M. l\u2019ing\u00e9nieur en chef du service de la navigation \u00e0 Strasbourg informe la Chambre de commerce que la soci\u00e9t\u00e9 Les Tuileries Clavey \u00e0 Foussemagne (territoire de Belfort) a appel\u00e9 .l\u2019attention de l\u2019administration sur l\u2019utilit\u00e9 de cr\u00e9er sur le canal du Rh\u00f4ne au Rhin, \u00e0 proximit\u00e9 de la gare de Montreux-Vieux, un port de raccordement. M. le Ministre des Travaux Publics serait dispos\u00e9 \u00e0 favoriser la cr\u00e9ation d\u2019une semblable &nbsp;installation. D\u2019une mani\u00e8re g\u00e9n\u00e9rale les ports &nbsp;de raccordement sont conc\u00e9d\u00e9s, \u00e0 titre outillage &nbsp;public, aux Chambres de commerce. Il se trouve dans le cas particulier que le port, bien que situ\u00e9 dans le Haut-Rhin et dans la circonscription de la Chambre de commerce de Mulhouse, serait destin\u00e9 \u00e0 desservir les \u00e9tablissements commerciaux et industriels du territoire de Belfort beaucoup plus que ceux du d\u00e9partement du Haut-Rhin. Dans ces conditions, le port de raccordement de Montreux-Vieux semblerait devoir \u00eatre conc\u00e9d\u00e9, soit en commun aux Chambres de Commerce de Mulhouse et de Belfort, soit \u00e0 la Chambre de commerce de Belfort, moyennant d\u00e9l\u00e9gation de celle de Mulhouse.<\/p>\n\n\n\n<p>M. le Pr\u00e9sident informa l\u2019assembl\u00e9e que la Chambre de commerce de Belfort, dans sa s\u00e9ance du 6 mai dernier, a discut\u00e9 cette question et a d\u00e9clar\u00e9 ne pas \u00eatre qualifi\u00e9e pour donner son avis, Montreux-Vieux \u00e9tant situ\u00e9 dans le d\u00e9part ment du Haut-Rhin.<\/p>\n\n\n\n<p>La Chambre de commerce de Mulhouse, estimant que la cr\u00e9ation du port de raccordement \u00e0 Montreux-Vieux ne pr\u00e9sente aucun int\u00e9r\u00eat pour les ressortissants de son rayon et que l\u2019unique int\u00e9ress\u00e9, la soci\u00e9t\u00e9 \u00abLes Tuileries Clavey\u00bb \u00e0 Foussemagne, ressortit \u00e0 la Chambre de commerce de Belfort, d\u00e9cide de ne pas donner suite au projet qui lui est soumis.<\/p>\n\n\n\n<p>Sources&nbsp;: Express de Mulhouse 28 juin 1929<\/p>\n","protected":false},"excerpt":{"rendered":"<p>Cr\u00e9ation d\u2019un port de canal \u00e0 Montreux-Vieux. M. l\u2019ing\u00e9nieur en chef du service de la navigation \u00e0 Strasbourg informe la Chambre de commerce que la soci\u00e9t\u00e9 Les Tuileries Clavey \u00e0 Foussemagne (territoire de Belfort) a appel\u00e9 .l\u2019attention de l\u2019administration sur &hellip; <a href=\"https:\/\/montreux-vieux.net\/?page_id=20057\">Continuer la lecture <span class=\"meta-nav\">&rarr;<\/span><\/a><\/p>\n","protected":false},"author":1,"featured_media":0,"parent":13099,"menu_order":20,"comment_status":"closed","ping_status":"open","template":"","meta":{"footnotes":""},"class_list":["post-20057","page","type-page","status-publish","hentry"],"_links":{"self":[{"href":"https:\/\/montreux-vieux.net\/index.php?rest_route=\/wp\/v2\/pages\/20057","targetHints":{"allow":["GET"]}}],"collection":[{"href":"https:\/\/montreux-vieux.net\/index.php?rest_route=\/wp\/v2\/pages"}],"about":[{"href":"https:\/\/montreux-vieux.net\/index.php?rest_route=\/wp\/v2\/types\/page"}],"author":[{"embeddable":true,"href":"https:\/\/montreux-vieux.net\/index.php?rest_route=\/wp\/v2\/users\/1"}],"replies":[{"embeddable":true,"href":"https:\/\/montreux-vieux.net\/index.php?rest_route=%2Fwp%2Fv2%2Fcomments&post=20057"}],"version-history":[{"count":2,"href":"https:\/\/montreux-vieux.net\/index.php?rest_route=\/wp\/v2\/pages\/20057\/revisions"}],"predecessor-version":[{"id":23231,"href":"https:\/\/montreux-vieux.net\/index.php?rest_route=\/wp\/v2\/pages\/20057\/revisions\/23231"}],"up":[{"embeddable":true,"href":"https:\/\/montreux-vieux.net\/index.php?rest_route=\/wp\/v2\/pages\/13099"}],"wp:attachment":[{"href":"https:\/\/montreux-vieux.net\/index.php?rest_route=%2Fwp%2Fv2%2Fmedia&parent=20057"}],"curies":[{"name":"wp","href":"https:\/\/api.w.org\/{rel}","templated":true}]}}