{"id":20066,"date":"2020-07-12T13:43:57","date_gmt":"2020-07-12T12:43:57","guid":{"rendered":"http:\/\/montreux-vieux.net\/?page_id=20066"},"modified":"2020-07-12T13:43:57","modified_gmt":"2020-07-12T12:43:57","slug":"forts-envois-de-chevaux-par-la-gare-de-montreux-vieux","status":"publish","type":"page","link":"https:\/\/montreux-vieux.net\/?page_id=20066","title":{"rendered":"Forts envois de chevaux par la gare de Montreux-Vieux"},"content":{"rendered":"\n<p>Montreux-Vieux. \u2014 De forts envois de chevaux passent \u00e0 la gare de Montreux, \u00e0 destination de I Allemagne et de la Suisse. Les chevaux sont les seuls animaux dont l\u2019importation est permise en Allemagne, mais on croit que bient\u00f4t sera lev\u00e9e l\u2019interdiction d\u2019importer des b\u00eates \u00e0 cornes et despotes, et l\u2019on pourra plus entrer du b\u00e9tail de France dans les m\u00eames conditions que te b\u00e9tail d\u2019Italie.<\/p>\n\n\n\n<p>Sources&nbsp;: Express 1<sup>er<\/sup> d\u00e9cembre 1894<\/p>\n","protected":false},"excerpt":{"rendered":"<p>Montreux-Vieux. \u2014 De forts envois de chevaux passent \u00e0 la gare de Montreux, \u00e0 destination de I Allemagne et de la Suisse. Les chevaux sont les seuls animaux dont l\u2019importation est permise en Allemagne, mais on croit que bient\u00f4t sera &hellip; <a href=\"https:\/\/montreux-vieux.net\/?page_id=20066\">Continuer la lecture <span class=\"meta-nav\">&rarr;<\/span><\/a><\/p>\n","protected":false},"author":1,"featured_media":0,"parent":13007,"menu_order":70,"comment_status":"closed","ping_status":"open","template":"","meta":{"footnotes":""},"class_list":["post-20066","page","type-page","status-publish","hentry"],"_links":{"self":[{"href":"https:\/\/montreux-vieux.net\/index.php?rest_route=\/wp\/v2\/pages\/20066","targetHints":{"allow":["GET"]}}],"collection":[{"href":"https:\/\/montreux-vieux.net\/index.php?rest_route=\/wp\/v2\/pages"}],"about":[{"href":"https:\/\/montreux-vieux.net\/index.php?rest_route=\/wp\/v2\/types\/page"}],"author":[{"embeddable":true,"href":"https:\/\/montreux-vieux.net\/index.php?rest_route=\/wp\/v2\/users\/1"}],"replies":[{"embeddable":true,"href":"https:\/\/montreux-vieux.net\/index.php?rest_route=%2Fwp%2Fv2%2Fcomments&post=20066"}],"version-history":[{"count":1,"href":"https:\/\/montreux-vieux.net\/index.php?rest_route=\/wp\/v2\/pages\/20066\/revisions"}],"predecessor-version":[{"id":20067,"href":"https:\/\/montreux-vieux.net\/index.php?rest_route=\/wp\/v2\/pages\/20066\/revisions\/20067"}],"up":[{"embeddable":true,"href":"https:\/\/montreux-vieux.net\/index.php?rest_route=\/wp\/v2\/pages\/13007"}],"wp:attachment":[{"href":"https:\/\/montreux-vieux.net\/index.php?rest_route=%2Fwp%2Fv2%2Fmedia&parent=20066"}],"curies":[{"name":"wp","href":"https:\/\/api.w.org\/{rel}","templated":true}]}}