{"id":20069,"date":"2020-07-12T13:47:48","date_gmt":"2020-07-12T12:47:48","guid":{"rendered":"http:\/\/montreux-vieux.net\/?page_id=20069"},"modified":"2020-07-12T13:50:17","modified_gmt":"2020-07-12T12:50:17","slug":"des-wagons-entiers-de-raisins","status":"publish","type":"page","link":"https:\/\/montreux-vieux.net\/?page_id=20069","title":{"rendered":"Des wagons entiers de raisins"},"content":{"rendered":"\n<p>MONTREUX-VIEUX. &#8211; Comme chaque ann\u00e9e \u00e0 pareille \u00e9poque l\u2019importation de raisins \u00e9trangers, notamment fran\u00e7ais et espagnols, a commenc\u00e9. Des wagons entiers arrivent chaque jour \u00e0 Petit-Croix. Les raisins se trouvent dans des corbeilles ou des paniers Ils sont alors d\u00e9charg\u00e9s, mis en f\u00fbts et press\u00e9s pour \u00eatre exp\u00e9di\u00e9s dans toutes les villes d&rsquo;Allemagne- Ils co\u00fbtent ainsi mis en f\u00fbts de 40 \u00e0 45 M. les cent kilos.<\/p>\n\n\n\n<p>Sources&nbsp;: L\u2019Alsacien Lorrain de Paris 29 septembre 1912<\/p>\n","protected":false},"excerpt":{"rendered":"<p>MONTREUX-VIEUX. &#8211; Comme chaque ann\u00e9e \u00e0 pareille \u00e9poque l\u2019importation de raisins \u00e9trangers, notamment fran\u00e7ais et espagnols, a commenc\u00e9. Des wagons entiers arrivent chaque jour \u00e0 Petit-Croix. Les raisins se trouvent dans des corbeilles ou des paniers Ils sont alors d\u00e9charg\u00e9s, &hellip; <a href=\"https:\/\/montreux-vieux.net\/?page_id=20069\">Continuer la lecture <span class=\"meta-nav\">&rarr;<\/span><\/a><\/p>\n","protected":false},"author":1,"featured_media":0,"parent":13007,"menu_order":75,"comment_status":"closed","ping_status":"open","template":"","meta":{"footnotes":""},"class_list":["post-20069","page","type-page","status-publish","hentry"],"_links":{"self":[{"href":"https:\/\/montreux-vieux.net\/index.php?rest_route=\/wp\/v2\/pages\/20069","targetHints":{"allow":["GET"]}}],"collection":[{"href":"https:\/\/montreux-vieux.net\/index.php?rest_route=\/wp\/v2\/pages"}],"about":[{"href":"https:\/\/montreux-vieux.net\/index.php?rest_route=\/wp\/v2\/types\/page"}],"author":[{"embeddable":true,"href":"https:\/\/montreux-vieux.net\/index.php?rest_route=\/wp\/v2\/users\/1"}],"replies":[{"embeddable":true,"href":"https:\/\/montreux-vieux.net\/index.php?rest_route=%2Fwp%2Fv2%2Fcomments&post=20069"}],"version-history":[{"count":2,"href":"https:\/\/montreux-vieux.net\/index.php?rest_route=\/wp\/v2\/pages\/20069\/revisions"}],"predecessor-version":[{"id":20074,"href":"https:\/\/montreux-vieux.net\/index.php?rest_route=\/wp\/v2\/pages\/20069\/revisions\/20074"}],"up":[{"embeddable":true,"href":"https:\/\/montreux-vieux.net\/index.php?rest_route=\/wp\/v2\/pages\/13007"}],"wp:attachment":[{"href":"https:\/\/montreux-vieux.net\/index.php?rest_route=%2Fwp%2Fv2%2Fmedia&parent=20069"}],"curies":[{"name":"wp","href":"https:\/\/api.w.org\/{rel}","templated":true}]}}