{"id":20077,"date":"2020-07-12T14:04:25","date_gmt":"2020-07-12T13:04:25","guid":{"rendered":"http:\/\/montreux-vieux.net\/?page_id=20077"},"modified":"2020-07-12T14:04:25","modified_gmt":"2020-07-12T13:04:25","slug":"aventure-dun-drapeau","status":"publish","type":"page","link":"https:\/\/montreux-vieux.net\/?page_id=20077","title":{"rendered":"AVENTURE D\u2019UN DRAPEAU"},"content":{"rendered":"\n<p>AVENTURE D\u2019UN DRAPEAU. Le 14 juillet par le train de quatre heures du matin, se dirigeant sur l\u2019Alsace, un voyageur l\u00e9g\u00e8rement&nbsp; \u00e9mu, faisait flotter un drapeau tricolore par la porti\u00e8re du wagon, en le tenant par sa hampe ; c\u2019est ainsi qu il arriva en grande pompe a Montreux-Vieux o\u00f9 le premier soin du gendarme de service fut de saisir l\u2019homme et le drapeau. \u00ab je ne suis pas Allemand, se d\u00e9fendit l\u2019 homme, je suis un soldat fran\u00e7ais, voici mon livret de zouave ; je suis patriote, et je vais de ce pas porter ce drapeau a mes amis de Mulhouse. &nbsp;Mais le gendarme confisqua le drapeau et r\u00e9clama 6 marks au voyageur qui&nbsp; d\u00e9clara n\u2019avoir pas d argent ; on le fourra au bloc en attendant qu\u2019il s&rsquo;en procure : quant au drapeau, il fut remis au chef du tram fran\u00e7ais rentrant &nbsp;\u00e0 Petit-Croix, et c est, avec ce troph\u00e9e valant 15 sous, que M Droit, chef de train, est rentre vers 7 heures du matin a Belfort.&nbsp;<\/p>\n\n\n\n<p>Sources&nbsp;: L\u2019Alsacien Lorrain 31 ao\u00fbt 1913<\/p>\n","protected":false},"excerpt":{"rendered":"<p>AVENTURE D\u2019UN DRAPEAU. Le 14 juillet par le train de quatre heures du matin, se dirigeant sur l\u2019Alsace, un voyageur l\u00e9g\u00e8rement&nbsp; \u00e9mu, faisait flotter un drapeau tricolore par la porti\u00e8re du wagon, en le tenant par sa hampe ; c\u2019est &hellip; <a href=\"https:\/\/montreux-vieux.net\/?page_id=20077\">Continuer la lecture <span class=\"meta-nav\">&rarr;<\/span><\/a><\/p>\n","protected":false},"author":1,"featured_media":0,"parent":13130,"menu_order":45,"comment_status":"closed","ping_status":"open","template":"","meta":{"footnotes":""},"class_list":["post-20077","page","type-page","status-publish","hentry"],"_links":{"self":[{"href":"https:\/\/montreux-vieux.net\/index.php?rest_route=\/wp\/v2\/pages\/20077","targetHints":{"allow":["GET"]}}],"collection":[{"href":"https:\/\/montreux-vieux.net\/index.php?rest_route=\/wp\/v2\/pages"}],"about":[{"href":"https:\/\/montreux-vieux.net\/index.php?rest_route=\/wp\/v2\/types\/page"}],"author":[{"embeddable":true,"href":"https:\/\/montreux-vieux.net\/index.php?rest_route=\/wp\/v2\/users\/1"}],"replies":[{"embeddable":true,"href":"https:\/\/montreux-vieux.net\/index.php?rest_route=%2Fwp%2Fv2%2Fcomments&post=20077"}],"version-history":[{"count":1,"href":"https:\/\/montreux-vieux.net\/index.php?rest_route=\/wp\/v2\/pages\/20077\/revisions"}],"predecessor-version":[{"id":20078,"href":"https:\/\/montreux-vieux.net\/index.php?rest_route=\/wp\/v2\/pages\/20077\/revisions\/20078"}],"up":[{"embeddable":true,"href":"https:\/\/montreux-vieux.net\/index.php?rest_route=\/wp\/v2\/pages\/13130"}],"wp:attachment":[{"href":"https:\/\/montreux-vieux.net\/index.php?rest_route=%2Fwp%2Fv2%2Fmedia&parent=20077"}],"curies":[{"name":"wp","href":"https:\/\/api.w.org\/{rel}","templated":true}]}}