{"id":20086,"date":"2020-07-13T13:22:53","date_gmt":"2020-07-13T12:22:53","guid":{"rendered":"http:\/\/montreux-vieux.net\/?page_id=20086"},"modified":"2020-07-13T13:22:53","modified_gmt":"2020-07-13T12:22:53","slug":"suites-mortelles-dune-chute-maison-neyer","status":"publish","type":"page","link":"https:\/\/montreux-vieux.net\/?page_id=20086","title":{"rendered":"Suites mortelles d\u2019une chute (Maison Neyer)"},"content":{"rendered":"\n<p>Suites mortelles d\u2019une chute \u00e0 Montreux-Vieux \u2014 En visitant samedi dernier la maison que ses parents font construire dans la localit\u00e9\u00a0 le jeune Marcel Neyer. 21 ans, fut un faux pas et en tombant, donna si violemment, de la hanche sur l\u2019ar\u00eate d\u2019une poutre qu\u2019il eut la rate sectionn\u00e9e A l\u2019h\u00f4pital Saint-Morand, une op\u00e9ration fut tent\u00e9e, qui \u00e9choua malheureusement. La malheureuse victime rendit, le dernier soupir dans la journ\u00e9e de lundi.<\/p>\n\n\n\n<p>Sources\u00a0: L\u2019Express de Mulhouse du 17 juin 1936<\/p>\n\n\n\n<p>Une autre version m&rsquo;a \u00e9t\u00e9 racont\u00e9e Le jeune Marcel aurait \u00e9t\u00e9 poser un sapin annon\u00e7ant la fin de la construction  du gros oeuvre de la maison,  tradition dite le\u00a0<em>Richtfest<\/em>\u00a0, en g\u00e9n\u00e9ral par la pose d&rsquo;un sapin au sommet du toit , suivit d&rsquo;un repas aux ouvriers.<\/p>\n","protected":false},"excerpt":{"rendered":"<p>Suites mortelles d\u2019une chute \u00e0 Montreux-Vieux \u2014 En visitant samedi dernier la maison que ses parents font construire dans la localit\u00e9\u00a0 le jeune Marcel Neyer. 21 ans, fut un faux pas et en tombant, donna si violemment, de la hanche &hellip; <a href=\"https:\/\/montreux-vieux.net\/?page_id=20086\">Continuer la lecture <span class=\"meta-nav\">&rarr;<\/span><\/a><\/p>\n","protected":false},"author":1,"featured_media":0,"parent":13044,"menu_order":385,"comment_status":"closed","ping_status":"open","template":"","meta":{"footnotes":""},"class_list":["post-20086","page","type-page","status-publish","hentry"],"_links":{"self":[{"href":"https:\/\/montreux-vieux.net\/index.php?rest_route=\/wp\/v2\/pages\/20086","targetHints":{"allow":["GET"]}}],"collection":[{"href":"https:\/\/montreux-vieux.net\/index.php?rest_route=\/wp\/v2\/pages"}],"about":[{"href":"https:\/\/montreux-vieux.net\/index.php?rest_route=\/wp\/v2\/types\/page"}],"author":[{"embeddable":true,"href":"https:\/\/montreux-vieux.net\/index.php?rest_route=\/wp\/v2\/users\/1"}],"replies":[{"embeddable":true,"href":"https:\/\/montreux-vieux.net\/index.php?rest_route=%2Fwp%2Fv2%2Fcomments&post=20086"}],"version-history":[{"count":1,"href":"https:\/\/montreux-vieux.net\/index.php?rest_route=\/wp\/v2\/pages\/20086\/revisions"}],"predecessor-version":[{"id":20087,"href":"https:\/\/montreux-vieux.net\/index.php?rest_route=\/wp\/v2\/pages\/20086\/revisions\/20087"}],"up":[{"embeddable":true,"href":"https:\/\/montreux-vieux.net\/index.php?rest_route=\/wp\/v2\/pages\/13044"}],"wp:attachment":[{"href":"https:\/\/montreux-vieux.net\/index.php?rest_route=%2Fwp%2Fv2%2Fmedia&parent=20086"}],"curies":[{"name":"wp","href":"https:\/\/api.w.org\/{rel}","templated":true}]}}