{"id":20092,"date":"2020-07-13T14:17:01","date_gmt":"2020-07-13T13:17:01","guid":{"rendered":"http:\/\/montreux-vieux.net\/?page_id=20092"},"modified":"2020-07-13T14:20:51","modified_gmt":"2020-07-13T13:20:51","slug":"coups-de-cannes-a-la-peches","status":"publish","type":"page","link":"https:\/\/montreux-vieux.net\/?page_id=20092","title":{"rendered":"Coups de cannes \u00e0 la p\u00eache"},"content":{"rendered":"\n<p>MONTREUX-VIEUX. Les p\u00eacheurs \u00e0 la ligne sont g\u00e9n\u00e9ralement des gens paisibles et patients. Quelques Belfortains font pourtant exception \u00e0 la r\u00e8gle, comme on a pu le constater dimanche. Des Mulhousiens, fermiers de la p\u00eache dans le bief du canal furent fort surpris de voir les Belfortains&nbsp; en question jeter leurs lignes et tirer brochets et carpillons de l\u2019eau, malgr\u00e9 les tableaux avertissant que c\u2019\u00e9tait l\u00e0 p\u00eache r\u00e9serv\u00e9e. Aux observations des l\u00e9gitimes fermiers, les Belfortains r\u00e9pondirent par des grossi\u00e8ret\u00e9s et il fallut requ\u00e9rir la police qui r\u00e9tablit l\u2019ordre en emmenant les. d\u00e9linquants \u00e0 Dannemarie. L\u00e0 ils furent remis en libert\u00e9. Ils en profit\u00e8rent pour invectiver les Mulhousiens les traiter de bouches et une rixe \u00e0 coups de cannes \u00e0 p\u00eaches en suivit. Proc\u00e8s verbal a \u00e9t\u00e9 dress\u00e9.<\/p>\n\n\n\n<p>Sources&nbsp;: Express&nbsp;: 29 septembre 1921<\/p>\n","protected":false},"excerpt":{"rendered":"<p>MONTREUX-VIEUX. Les p\u00eacheurs \u00e0 la ligne sont g\u00e9n\u00e9ralement des gens paisibles et patients. Quelques Belfortains font pourtant exception \u00e0 la r\u00e8gle, comme on a pu le constater dimanche. Des Mulhousiens, fermiers de la p\u00eache dans le bief du canal furent &hellip; <a href=\"https:\/\/montreux-vieux.net\/?page_id=20092\">Continuer la lecture <span class=\"meta-nav\">&rarr;<\/span><\/a><\/p>\n","protected":false},"author":1,"featured_media":0,"parent":13104,"menu_order":10,"comment_status":"closed","ping_status":"open","template":"","meta":{"footnotes":""},"class_list":["post-20092","page","type-page","status-publish","hentry"],"_links":{"self":[{"href":"https:\/\/montreux-vieux.net\/index.php?rest_route=\/wp\/v2\/pages\/20092","targetHints":{"allow":["GET"]}}],"collection":[{"href":"https:\/\/montreux-vieux.net\/index.php?rest_route=\/wp\/v2\/pages"}],"about":[{"href":"https:\/\/montreux-vieux.net\/index.php?rest_route=\/wp\/v2\/types\/page"}],"author":[{"embeddable":true,"href":"https:\/\/montreux-vieux.net\/index.php?rest_route=\/wp\/v2\/users\/1"}],"replies":[{"embeddable":true,"href":"https:\/\/montreux-vieux.net\/index.php?rest_route=%2Fwp%2Fv2%2Fcomments&post=20092"}],"version-history":[{"count":2,"href":"https:\/\/montreux-vieux.net\/index.php?rest_route=\/wp\/v2\/pages\/20092\/revisions"}],"predecessor-version":[{"id":20096,"href":"https:\/\/montreux-vieux.net\/index.php?rest_route=\/wp\/v2\/pages\/20092\/revisions\/20096"}],"up":[{"embeddable":true,"href":"https:\/\/montreux-vieux.net\/index.php?rest_route=\/wp\/v2\/pages\/13104"}],"wp:attachment":[{"href":"https:\/\/montreux-vieux.net\/index.php?rest_route=%2Fwp%2Fv2%2Fmedia&parent=20092"}],"curies":[{"name":"wp","href":"https:\/\/api.w.org\/{rel}","templated":true}]}}