{"id":20097,"date":"2020-07-13T14:30:03","date_gmt":"2020-07-13T13:30:03","guid":{"rendered":"http:\/\/montreux-vieux.net\/?page_id=20097"},"modified":"2020-07-13T14:30:03","modified_gmt":"2020-07-13T13:30:03","slug":"avis-aux-pecheurs","status":"publish","type":"page","link":"https:\/\/montreux-vieux.net\/?page_id=20097","title":{"rendered":"Avis aux p\u00eacheurs"},"content":{"rendered":"\n<p>MONTREUX-VIEUX Avis aux p\u00eacheurs de Montreux-Vieux et des environs. \u2014 Le comit\u00e9 rend attentifs les membres au fait que le vieux Canal sera ferm\u00e9 pour la p\u00eache de la carpe \u00e0 partir du premier octobre. Par contre, la p\u00e8che aux brochets y est autoris\u00e9e jusqu\u2019au 1er d\u00e9cembre.<\/p>\n\n\n\n<p>Sources&nbsp;: L\u2019Express de Mulhouse 26 septembre 1936<\/p>\n","protected":false},"excerpt":{"rendered":"<p>MONTREUX-VIEUX Avis aux p\u00eacheurs de Montreux-Vieux et des environs. \u2014 Le comit\u00e9 rend attentifs les membres au fait que le vieux Canal sera ferm\u00e9 pour la p\u00eache de la carpe \u00e0 partir du premier octobre. Par contre, la p\u00e8che aux &hellip; <a href=\"https:\/\/montreux-vieux.net\/?page_id=20097\">Continuer la lecture <span class=\"meta-nav\">&rarr;<\/span><\/a><\/p>\n","protected":false},"author":1,"featured_media":0,"parent":13104,"menu_order":15,"comment_status":"closed","ping_status":"open","template":"","meta":{"footnotes":""},"class_list":["post-20097","page","type-page","status-publish","hentry"],"_links":{"self":[{"href":"https:\/\/montreux-vieux.net\/index.php?rest_route=\/wp\/v2\/pages\/20097","targetHints":{"allow":["GET"]}}],"collection":[{"href":"https:\/\/montreux-vieux.net\/index.php?rest_route=\/wp\/v2\/pages"}],"about":[{"href":"https:\/\/montreux-vieux.net\/index.php?rest_route=\/wp\/v2\/types\/page"}],"author":[{"embeddable":true,"href":"https:\/\/montreux-vieux.net\/index.php?rest_route=\/wp\/v2\/users\/1"}],"replies":[{"embeddable":true,"href":"https:\/\/montreux-vieux.net\/index.php?rest_route=%2Fwp%2Fv2%2Fcomments&post=20097"}],"version-history":[{"count":1,"href":"https:\/\/montreux-vieux.net\/index.php?rest_route=\/wp\/v2\/pages\/20097\/revisions"}],"predecessor-version":[{"id":20098,"href":"https:\/\/montreux-vieux.net\/index.php?rest_route=\/wp\/v2\/pages\/20097\/revisions\/20098"}],"up":[{"embeddable":true,"href":"https:\/\/montreux-vieux.net\/index.php?rest_route=\/wp\/v2\/pages\/13104"}],"wp:attachment":[{"href":"https:\/\/montreux-vieux.net\/index.php?rest_route=%2Fwp%2Fv2%2Fmedia&parent=20097"}],"curies":[{"name":"wp","href":"https:\/\/api.w.org\/{rel}","templated":true}]}}