{"id":20107,"date":"2020-07-14T16:41:39","date_gmt":"2020-07-14T15:41:39","guid":{"rendered":"http:\/\/montreux-vieux.net\/?page_id=20107"},"modified":"2023-05-14T10:32:21","modified_gmt":"2023-05-14T09:32:21","slug":"un-deserteur-francais","status":"publish","type":"page","link":"https:\/\/montreux-vieux.net\/?page_id=20107","title":{"rendered":"Un d\u00e9serteur fran\u00e7ais"},"content":{"rendered":"\n<p>MONTREUX-VIEUX Ces jours-ci un d\u00e9serteur fran\u00e7ais, portant l\u2019uniforme des chasseurs \u00e0 pied, arrivait d Epinal et \u00e9tait appr\u00e9hend\u00e9 par les douaniers. Le d\u00e9serteur avait fait le chemin en longeant la voie ferr\u00e9e sans \u00eatre inqui\u00e9t\u00e9. On le conduisit \u00e0 la mairie, ou il changea son uniforme contre des habits civils, et on lui prit un billet pour la Suisse. Les habitants qui assistaient \u00e0 cette sc\u00e8ne ne purent retenir leur indignation et le peu honorable citoyen fut accabl\u00e9 d\u2019injures, qu&rsquo;il encaissa sans manifester la moindre \u00e9motion. Le d\u00e9serteur, \u00e2g\u00e9 de 25 ans, pr\u00e9tendait qu&rsquo;il \u00e9tait dans sa sixi\u00e8me ann\u00e9e de service, retenu \u00e0 chaque lib\u00e9ration d\u00e9class\u00e9 pour des punitions encourues par son inconduite.\u00a0<\/p>\n\n\n\n<p>Sources&nbsp;: L\u2019Alsacien Lorrain 14 mai 1911<\/p>\n","protected":false},"excerpt":{"rendered":"<p>MONTREUX-VIEUX Ces jours-ci un d\u00e9serteur fran\u00e7ais, portant l\u2019uniforme des chasseurs \u00e0 pied, arrivait d Epinal et \u00e9tait appr\u00e9hend\u00e9 par les douaniers. Le d\u00e9serteur avait fait le chemin en longeant la voie ferr\u00e9e sans \u00eatre inqui\u00e9t\u00e9. On le conduisit \u00e0 la &hellip; <a href=\"https:\/\/montreux-vieux.net\/?page_id=20107\">Continuer la lecture <span class=\"meta-nav\">&rarr;<\/span><\/a><\/p>\n","protected":false},"author":1,"featured_media":0,"parent":12673,"menu_order":145,"comment_status":"closed","ping_status":"open","template":"","meta":{"footnotes":""},"class_list":["post-20107","page","type-page","status-publish","hentry"],"_links":{"self":[{"href":"https:\/\/montreux-vieux.net\/index.php?rest_route=\/wp\/v2\/pages\/20107","targetHints":{"allow":["GET"]}}],"collection":[{"href":"https:\/\/montreux-vieux.net\/index.php?rest_route=\/wp\/v2\/pages"}],"about":[{"href":"https:\/\/montreux-vieux.net\/index.php?rest_route=\/wp\/v2\/types\/page"}],"author":[{"embeddable":true,"href":"https:\/\/montreux-vieux.net\/index.php?rest_route=\/wp\/v2\/users\/1"}],"replies":[{"embeddable":true,"href":"https:\/\/montreux-vieux.net\/index.php?rest_route=%2Fwp%2Fv2%2Fcomments&post=20107"}],"version-history":[{"count":3,"href":"https:\/\/montreux-vieux.net\/index.php?rest_route=\/wp\/v2\/pages\/20107\/revisions"}],"predecessor-version":[{"id":26006,"href":"https:\/\/montreux-vieux.net\/index.php?rest_route=\/wp\/v2\/pages\/20107\/revisions\/26006"}],"up":[{"embeddable":true,"href":"https:\/\/montreux-vieux.net\/index.php?rest_route=\/wp\/v2\/pages\/12673"}],"wp:attachment":[{"href":"https:\/\/montreux-vieux.net\/index.php?rest_route=%2Fwp%2Fv2%2Fmedia&parent=20107"}],"curies":[{"name":"wp","href":"https:\/\/api.w.org\/{rel}","templated":true}]}}