{"id":20115,"date":"2020-07-14T17:05:48","date_gmt":"2020-07-14T16:05:48","guid":{"rendered":"http:\/\/montreux-vieux.net\/?page_id=20115"},"modified":"2020-07-14T17:05:48","modified_gmt":"2020-07-14T16:05:48","slug":"nomination-dofficiers-de-pompiers","status":"publish","type":"page","link":"https:\/\/montreux-vieux.net\/?page_id=20115","title":{"rendered":"NOMINATION D\u2019OFFICIERS DE POMPIERS"},"content":{"rendered":"\n<p>NOMINATION D\u2019OFFICIERS DE POMPIERS Par d\u00e9cret en date du 10 septembre 1930 ont \u00e9t\u00e9 nomm\u00e9s aux grades ci-apr\u00e8s dans les corps des sapeurs-pompiers communaux du Haut-Rhin :<\/p>\n\n\n\n<p>Huggenberger Th\u00e9ophile, lieutenant \u00e0 Montreux-Vieux; Widemann Etienne, sous-lieutenant \u00e0 Montreux-Vieux;<\/p>\n\n\n\n<p>Sources&nbsp;: L\u2019Express de Mulhouse 13 octobre 1930<\/p>\n","protected":false},"excerpt":{"rendered":"<p>NOMINATION D\u2019OFFICIERS DE POMPIERS Par d\u00e9cret en date du 10 septembre 1930 ont \u00e9t\u00e9 nomm\u00e9s aux grades ci-apr\u00e8s dans les corps des sapeurs-pompiers communaux du Haut-Rhin : Huggenberger Th\u00e9ophile, lieutenant \u00e0 Montreux-Vieux; Widemann Etienne, sous-lieutenant \u00e0 Montreux-Vieux; Sources&nbsp;: L\u2019Express de &hellip; <a href=\"https:\/\/montreux-vieux.net\/?page_id=20115\">Continuer la lecture <span class=\"meta-nav\">&rarr;<\/span><\/a><\/p>\n","protected":false},"author":1,"featured_media":0,"parent":4107,"menu_order":35,"comment_status":"closed","ping_status":"open","template":"","meta":{"footnotes":""},"class_list":["post-20115","page","type-page","status-publish","hentry"],"_links":{"self":[{"href":"https:\/\/montreux-vieux.net\/index.php?rest_route=\/wp\/v2\/pages\/20115","targetHints":{"allow":["GET"]}}],"collection":[{"href":"https:\/\/montreux-vieux.net\/index.php?rest_route=\/wp\/v2\/pages"}],"about":[{"href":"https:\/\/montreux-vieux.net\/index.php?rest_route=\/wp\/v2\/types\/page"}],"author":[{"embeddable":true,"href":"https:\/\/montreux-vieux.net\/index.php?rest_route=\/wp\/v2\/users\/1"}],"replies":[{"embeddable":true,"href":"https:\/\/montreux-vieux.net\/index.php?rest_route=%2Fwp%2Fv2%2Fcomments&post=20115"}],"version-history":[{"count":1,"href":"https:\/\/montreux-vieux.net\/index.php?rest_route=\/wp\/v2\/pages\/20115\/revisions"}],"predecessor-version":[{"id":20116,"href":"https:\/\/montreux-vieux.net\/index.php?rest_route=\/wp\/v2\/pages\/20115\/revisions\/20116"}],"up":[{"embeddable":true,"href":"https:\/\/montreux-vieux.net\/index.php?rest_route=\/wp\/v2\/pages\/4107"}],"wp:attachment":[{"href":"https:\/\/montreux-vieux.net\/index.php?rest_route=%2Fwp%2Fv2%2Fmedia&parent=20115"}],"curies":[{"name":"wp","href":"https:\/\/api.w.org\/{rel}","templated":true}]}}