{"id":20118,"date":"2020-07-14T17:15:46","date_gmt":"2020-07-14T16:15:46","guid":{"rendered":"http:\/\/montreux-vieux.net\/?page_id=20118"},"modified":"2020-07-14T17:15:46","modified_gmt":"2020-07-14T16:15:46","slug":"promotion-au-grade-commandant-des-sapeurs-pompiers","status":"publish","type":"page","link":"https:\/\/montreux-vieux.net\/?page_id=20118","title":{"rendered":"Promotion au grade Commandant des Sapeurs-Pompiers"},"content":{"rendered":"\n<h3 class=\"has-text-align-center wp-block-heading\">Promotion au grade Commandant des Sapeurs-Pompiers<\/h3>\n\n\n\n<p> Bravo \u00e0 Fran\u00e7ois Notter qui a \u00e9t\u00e9 promu au grade de Commandant des sapeurs-pompiers ce matin. <\/p>\n\n\n\n<div class=\"wp-block-image\"><figure class=\"aligncenter\"><img decoding=\"async\" src=\"http:\/\/montreux-vieux.net\/montreux-vieux.net\/wp-content\/uploads\/2019\/06\/Photos-course-commandant-notter-003-1-1024x768.jpg\" alt=\"L\u2019attribut alt de cette image est vide, son nom de fichier est Photos-course-commandant-notter-003-1-1024x768.jpg.\"\/><\/figure><\/div>\n","protected":false},"excerpt":{"rendered":"<p>Promotion au grade Commandant des Sapeurs-Pompiers Bravo \u00e0 Fran\u00e7ois Notter qui a \u00e9t\u00e9 promu au grade de Commandant des sapeurs-pompiers ce matin.<\/p>\n","protected":false},"author":1,"featured_media":0,"parent":4107,"menu_order":40,"comment_status":"closed","ping_status":"open","template":"","meta":{"footnotes":""},"class_list":["post-20118","page","type-page","status-publish","hentry"],"_links":{"self":[{"href":"https:\/\/montreux-vieux.net\/index.php?rest_route=\/wp\/v2\/pages\/20118","targetHints":{"allow":["GET"]}}],"collection":[{"href":"https:\/\/montreux-vieux.net\/index.php?rest_route=\/wp\/v2\/pages"}],"about":[{"href":"https:\/\/montreux-vieux.net\/index.php?rest_route=\/wp\/v2\/types\/page"}],"author":[{"embeddable":true,"href":"https:\/\/montreux-vieux.net\/index.php?rest_route=\/wp\/v2\/users\/1"}],"replies":[{"embeddable":true,"href":"https:\/\/montreux-vieux.net\/index.php?rest_route=%2Fwp%2Fv2%2Fcomments&post=20118"}],"version-history":[{"count":1,"href":"https:\/\/montreux-vieux.net\/index.php?rest_route=\/wp\/v2\/pages\/20118\/revisions"}],"predecessor-version":[{"id":20119,"href":"https:\/\/montreux-vieux.net\/index.php?rest_route=\/wp\/v2\/pages\/20118\/revisions\/20119"}],"up":[{"embeddable":true,"href":"https:\/\/montreux-vieux.net\/index.php?rest_route=\/wp\/v2\/pages\/4107"}],"wp:attachment":[{"href":"https:\/\/montreux-vieux.net\/index.php?rest_route=%2Fwp%2Fv2%2Fmedia&parent=20118"}],"curies":[{"name":"wp","href":"https:\/\/api.w.org\/{rel}","templated":true}]}}