{"id":20125,"date":"2020-07-15T13:53:40","date_gmt":"2020-07-15T12:53:40","guid":{"rendered":"http:\/\/montreux-vieux.net\/?page_id=20125"},"modified":"2020-07-15T13:53:40","modified_gmt":"2020-07-15T12:53:40","slug":"premiere-sortie-des-engages-volontaires-alsaciens-lorrains","status":"publish","type":"page","link":"https:\/\/montreux-vieux.net\/?page_id=20125","title":{"rendered":"PREMIERE SORTIE DES ENGAG\u00c9S VOLONTAIRES ALSACIENS-LORRAINS"},"content":{"rendered":"\n<p><strong>LES ENGAG\u00c9S VOLONTAIRES ALSACIENS-LORRAINS<\/strong><\/p>\n\n\n\n<p>Premi\u00e8re sortie Dimanche dernier, 2 mai, \u00e0 7 h. et demi du matin, un grand nombre de nos engag\u00e9s volontaires, avec leurs familles el invit\u00e9s, s\u2019\u00e9taient donn\u00e9 rendez-vous \u00e0 la gare du chemin de fer d\u00e9partemental, pour participer \u00e2 la sortie que le comit\u00e9 &nbsp;avait organis\u00e9e.<\/p>\n\n\n\n<p>Rapidement, le tramway d\u00e9partemental les conduisait \u00e0 Vellescot, o\u00f9 ils commenc\u00e8rent la belle promenade matinale \u00e0 travers la campagne fleurie.<\/p>\n\n\n\n<p>Les effluves embaum\u00e9s des bois et le chant des oiseaux \u2014 m\u00eame le coucou \u00e9tait venu au rendez-vous \u2014 ne manquaient de rehausser la franche ga\u00eet\u00e9 des excursionn\u00e2tes et c\u2019est de grand app\u00e9tit qu&rsquo;ils remont\u00e8rent leurs forces, pendant une br\u00e8ve halte \u00e0 Chavannes-Les-Grands.<\/p>\n\n\n\n<p>Vers 11 h. et demi, les promeneurs arriv\u00e8rent \u00e0 Montreux-Jeune o\u00f9 le sympathique Maire de Montreux-Vieux, M. Catt\u00e9, pr\u00e9sident du groupe d e Montreux-Vieux des engag\u00e9s volontaires et anciens combattants, les attendait avec la musique municipale et les camarades du groupe de Montreux-Vieux. Musique et drapeaux en t\u00eate, le cort\u00e8ge se rendit au Monument aux Morts o\u00f9 M. Haurez, pr\u00e9sident d&rsquo;honneur de la f\u00e9d\u00e9ration des engag\u00e9s volontaires et pr\u00e9sident du groupe de Belfort, d\u00e9posa une gerbe, en invoquant, en une vibrante allocution, le souvenir de nos braves morts de la Grande Guerre.<\/p>\n\n\n\n<p>Le cort\u00e8ge, toujours pr\u00e9c\u00e9d\u00e9 de la jeune et bonne musique municipale de Montreux-Vieux, continua sa route jusqu\u2019\u00e0 Montreux-Vieux, au restaurant Heinis, o\u00f9 un banquet bien r\u00e9ussi r\u00e9unissait tous les camarades.<\/p>\n\n\n\n<p>La cuisine de Mme Heinis, particuli\u00e8rement soign\u00e9e, contribua largement \u00e0 la bonne camaraderie qui caract\u00e9risait ce banquet, pr\u00e9sid\u00e9 par M. Catte, Maire de Montreux-Vieux ayant \u00e0 ses c\u00f4t\u00e9s M. Haurez, pr\u00e9sident, MM. Marchal et Nied, vice-pr\u00e9sidents; ainsi que les membres du Comit\u00e9 du groupe de Belfort. et les membres du Comit\u00e9 du groupe de Montreux-Vieux.<\/p>\n\n\n\n<p>M. Catt\u00e9, en sa qualit\u00e9 de Maire et au nom fe la population de Montreux-Yeux d&rsquo;abord, et comme pr\u00e9sident des engag\u00e9s volontaires et anciens combattants de Montreux-Vieux ensuite, souhaita, en un discours tr\u00e8s applaudi, la bienvenue aux Belfortains. M. Haurez le remercia vivement, ainsi que la musique municipale et le groupe de Montreux-Vieux, du chaleureux accueil r\u00e9serv\u00e9 au groupe de Belfort. Il exprima l&rsquo;espoir d&rsquo;avoir bient\u00f4t l\u2019honneur et le plaisir de recevoir \u00e0 Belfort le groupe de Montreux-Vieux et il vida son verre \u00e0 la prosp\u00e9rit\u00e9 de ce groupe et \u00e0 la sant\u00e9 de son d\u00e9vou\u00e9 pr\u00e9sident, M. Catt\u00e9.<\/p>\n\n\n\n<p>Apr\u00e8s le dessert, les chansons battirent leur plein, et plus d\u2019un camarade r\u00e9v\u00e9la des talents jusqu\u2019ici insoup\u00e7onn\u00e9s.<\/p>\n\n\n\n<p>Entre temps, les familles des membres de Montreux-Vieux arrivaient et M. Haurez s\u2019empressa de donner le signal de l&rsquo;ouverture de la sauterie, \u00e0 la&nbsp; grande satisfaction<\/p>\n\n\n\n<p>de la jeunesse de &nbsp;16 \u00e0 65ans. Cette sauterie termina agr\u00e9ablement une journ\u00e9e inoubliable.<\/p>\n\n\n\n<p>Le train de 8 heures ramena la joyeuse Soci\u00e9t\u00e9 \u00e0 Belfort, ou tout le monde se s\u00e9parait avec le cri du c\u0153ur : \u00abA bient\u00f4t une nouvelle sortie \u00bb.<\/p>\n\n\n\n<p>Source&nbsp;: Le R\u00e9publicain de Belfort 8 mai 1926<\/p>\n","protected":false},"excerpt":{"rendered":"<p>LES ENGAG\u00c9S VOLONTAIRES ALSACIENS-LORRAINS Premi\u00e8re sortie Dimanche dernier, 2 mai, \u00e0 7 h. et demi du matin, un grand nombre de nos engag\u00e9s volontaires, avec leurs familles el invit\u00e9s, s\u2019\u00e9taient donn\u00e9 rendez-vous \u00e0 la gare du chemin de fer d\u00e9partemental, &hellip; <a href=\"https:\/\/montreux-vieux.net\/?page_id=20125\">Continuer la lecture <span class=\"meta-nav\">&rarr;<\/span><\/a><\/p>\n","protected":false},"author":1,"featured_media":0,"parent":20123,"menu_order":2,"comment_status":"closed","ping_status":"open","template":"","meta":{"footnotes":""},"class_list":["post-20125","page","type-page","status-publish","hentry"],"_links":{"self":[{"href":"https:\/\/montreux-vieux.net\/index.php?rest_route=\/wp\/v2\/pages\/20125","targetHints":{"allow":["GET"]}}],"collection":[{"href":"https:\/\/montreux-vieux.net\/index.php?rest_route=\/wp\/v2\/pages"}],"about":[{"href":"https:\/\/montreux-vieux.net\/index.php?rest_route=\/wp\/v2\/types\/page"}],"author":[{"embeddable":true,"href":"https:\/\/montreux-vieux.net\/index.php?rest_route=\/wp\/v2\/users\/1"}],"replies":[{"embeddable":true,"href":"https:\/\/montreux-vieux.net\/index.php?rest_route=%2Fwp%2Fv2%2Fcomments&post=20125"}],"version-history":[{"count":1,"href":"https:\/\/montreux-vieux.net\/index.php?rest_route=\/wp\/v2\/pages\/20125\/revisions"}],"predecessor-version":[{"id":20126,"href":"https:\/\/montreux-vieux.net\/index.php?rest_route=\/wp\/v2\/pages\/20125\/revisions\/20126"}],"up":[{"embeddable":true,"href":"https:\/\/montreux-vieux.net\/index.php?rest_route=\/wp\/v2\/pages\/20123"}],"wp:attachment":[{"href":"https:\/\/montreux-vieux.net\/index.php?rest_route=%2Fwp%2Fv2%2Fmedia&parent=20125"}],"curies":[{"name":"wp","href":"https:\/\/api.w.org\/{rel}","templated":true}]}}