{"id":20132,"date":"2020-07-15T14:12:25","date_gmt":"2020-07-15T13:12:25","guid":{"rendered":"http:\/\/montreux-vieux.net\/?page_id=20132"},"modified":"2020-07-15T14:12:25","modified_gmt":"2020-07-15T13:12:25","slug":"coup-de-couteau-sur-un-garde-forestier","status":"publish","type":"page","link":"https:\/\/montreux-vieux.net\/?page_id=20132","title":{"rendered":"Coup de couteau sur un garde forestier"},"content":{"rendered":"\n<p>MONTREUX-VIEUX, 27 d\u00e9cembre. &#8211;<\/p>\n\n\n\n<p>Dans le courant de l&rsquo;ann\u00e9e 1874, le garde forestier de P\u00e9rouse avait dress\u00e9 proc\u00e8s-verbal contre un Italien, du nom de Negroni, qui s&rsquo;\u00e9tait rendu coupable d&rsquo;un d\u00e9lit de chasse. Il y a deux mois environ, l&rsquo;Italien rencontra ce garde-forestier dans une auberge. Celui-ci ayant quitt\u00e9 l&rsquo;\u00e9tablissement, Negroni le suivit, se pr\u00e9cipita sur lui au moment o\u00f9 il allait rentrer dans sa maison, et le frappa d&rsquo;un coup de couteau dans l&rsquo;abdomen. Aux cris de la victime, le fils du garde-forestier accourut, mais l&rsquo;Italien le frappa \u00e9galement de son couteau \u00e0 la poitrine et au bas-ventre. Le p\u00e8re et le fils ont succomb\u00e9, il y a quelques jours, \u00e0 leurs blessures. Negroni a \u00e9t\u00e9 arr\u00eat\u00e9 par la police de Colmar, et conduit sous bonne escorte \u00e0 Montreux-Vieux, o\u00f9 il vient d&rsquo;\u00eatre remis entre les mains de la police fran\u00e7aise.<\/p>\n\n\n\n<p>Sources&nbsp;: Le Figaro 29 d\u00e9cembre 1883<\/p>\n","protected":false},"excerpt":{"rendered":"<p>MONTREUX-VIEUX, 27 d\u00e9cembre. &#8211; Dans le courant de l&rsquo;ann\u00e9e 1874, le garde forestier de P\u00e9rouse avait dress\u00e9 proc\u00e8s-verbal contre un Italien, du nom de Negroni, qui s&rsquo;\u00e9tait rendu coupable d&rsquo;un d\u00e9lit de chasse. Il y a deux mois environ, l&rsquo;Italien &hellip; <a href=\"https:\/\/montreux-vieux.net\/?page_id=20132\">Continuer la lecture <span class=\"meta-nav\">&rarr;<\/span><\/a><\/p>\n","protected":false},"author":1,"featured_media":0,"parent":13044,"menu_order":400,"comment_status":"closed","ping_status":"open","template":"","meta":{"footnotes":""},"class_list":["post-20132","page","type-page","status-publish","hentry"],"_links":{"self":[{"href":"https:\/\/montreux-vieux.net\/index.php?rest_route=\/wp\/v2\/pages\/20132","targetHints":{"allow":["GET"]}}],"collection":[{"href":"https:\/\/montreux-vieux.net\/index.php?rest_route=\/wp\/v2\/pages"}],"about":[{"href":"https:\/\/montreux-vieux.net\/index.php?rest_route=\/wp\/v2\/types\/page"}],"author":[{"embeddable":true,"href":"https:\/\/montreux-vieux.net\/index.php?rest_route=\/wp\/v2\/users\/1"}],"replies":[{"embeddable":true,"href":"https:\/\/montreux-vieux.net\/index.php?rest_route=%2Fwp%2Fv2%2Fcomments&post=20132"}],"version-history":[{"count":1,"href":"https:\/\/montreux-vieux.net\/index.php?rest_route=\/wp\/v2\/pages\/20132\/revisions"}],"predecessor-version":[{"id":20133,"href":"https:\/\/montreux-vieux.net\/index.php?rest_route=\/wp\/v2\/pages\/20132\/revisions\/20133"}],"up":[{"embeddable":true,"href":"https:\/\/montreux-vieux.net\/index.php?rest_route=\/wp\/v2\/pages\/13044"}],"wp:attachment":[{"href":"https:\/\/montreux-vieux.net\/index.php?rest_route=%2Fwp%2Fv2%2Fmedia&parent=20132"}],"curies":[{"name":"wp","href":"https:\/\/api.w.org\/{rel}","templated":true}]}}