{"id":20136,"date":"2020-07-15T14:20:54","date_gmt":"2020-07-15T13:20:54","guid":{"rendered":"http:\/\/montreux-vieux.net\/?page_id=20136"},"modified":"2020-07-15T14:20:54","modified_gmt":"2020-07-15T13:20:54","slug":"un-vieux-cheval-de-retour","status":"publish","type":"page","link":"https:\/\/montreux-vieux.net\/?page_id=20136","title":{"rendered":"Un vieux cheval de retour"},"content":{"rendered":"\n<p>BLIESBRUCK. \u2014 Un vieux cheval de retour se fait encore pincer. \u2014 L&rsquo;inspecteur de police sp\u00e9ciale, M. Beauvais, a r\u00e9ussi \u00e0 mettre&nbsp; la main au collet d&rsquo;un individu dangereux, recherch\u00e9 par plusieurs parquets&nbsp; pour escroquerie, vol et griv\u00e8lerie. Il s\u2019agit du nomm\u00e9 Meyer Joseph, natif de Montreux-Vieux, dont le casier judiciaire porte 22 condamnations.<\/p>\n\n\n\n<p>Cet individu avait fuit \u00e0 Sarreguemines la connaissance du nomm\u00e9 Delhaye&nbsp; auquel il offrit d&rsquo;acheter sa motocyclette. Cependant Meyer voulait avant tout essayer la machine, et une fois en&nbsp; selle, il fila pour ne plus revenir. Delhaye se mit \u00e0 la poursuite de l&rsquo;individu et r\u00e9ussit \u00e0 le d\u00e9couvrir \u00e0 Bliesbruck, o\u00f9, cependant, il \u00e9tait d\u00e9j\u00e0 tomb\u00e9 dans les mains de l&rsquo;inspecteur Beauvais, charg\u00e9 de la surveillance de la fronti\u00e8re.<\/p>\n\n\n\n<p>Meyer avait l&rsquo;intention de franchir la fronti\u00e8re avec la motocyclette, pour se r\u00e9fugier ensuite en Sarre et y vendre la machine.<\/p>\n\n\n\n<p>La 28e condamnation qui attend Meyer, sera particuli\u00e8rement sal\u00e9e !<\/p>\n\n\n\n<p>Sources&nbsp;: L\u2019Express de Mulhouse 2 octobre 1928<\/p>\n","protected":false},"excerpt":{"rendered":"<p>BLIESBRUCK. \u2014 Un vieux cheval de retour se fait encore pincer. \u2014 L&rsquo;inspecteur de police sp\u00e9ciale, M. Beauvais, a r\u00e9ussi \u00e0 mettre&nbsp; la main au collet d&rsquo;un individu dangereux, recherch\u00e9 par plusieurs parquets&nbsp; pour escroquerie, vol et griv\u00e8lerie. Il s\u2019agit &hellip; <a href=\"https:\/\/montreux-vieux.net\/?page_id=20136\">Continuer la lecture <span class=\"meta-nav\">&rarr;<\/span><\/a><\/p>\n","protected":false},"author":1,"featured_media":0,"parent":13044,"menu_order":405,"comment_status":"closed","ping_status":"open","template":"","meta":{"footnotes":""},"class_list":["post-20136","page","type-page","status-publish","hentry"],"_links":{"self":[{"href":"https:\/\/montreux-vieux.net\/index.php?rest_route=\/wp\/v2\/pages\/20136","targetHints":{"allow":["GET"]}}],"collection":[{"href":"https:\/\/montreux-vieux.net\/index.php?rest_route=\/wp\/v2\/pages"}],"about":[{"href":"https:\/\/montreux-vieux.net\/index.php?rest_route=\/wp\/v2\/types\/page"}],"author":[{"embeddable":true,"href":"https:\/\/montreux-vieux.net\/index.php?rest_route=\/wp\/v2\/users\/1"}],"replies":[{"embeddable":true,"href":"https:\/\/montreux-vieux.net\/index.php?rest_route=%2Fwp%2Fv2%2Fcomments&post=20136"}],"version-history":[{"count":1,"href":"https:\/\/montreux-vieux.net\/index.php?rest_route=\/wp\/v2\/pages\/20136\/revisions"}],"predecessor-version":[{"id":20137,"href":"https:\/\/montreux-vieux.net\/index.php?rest_route=\/wp\/v2\/pages\/20136\/revisions\/20137"}],"up":[{"embeddable":true,"href":"https:\/\/montreux-vieux.net\/index.php?rest_route=\/wp\/v2\/pages\/13044"}],"wp:attachment":[{"href":"https:\/\/montreux-vieux.net\/index.php?rest_route=%2Fwp%2Fv2%2Fmedia&parent=20136"}],"curies":[{"name":"wp","href":"https:\/\/api.w.org\/{rel}","templated":true}]}}