{"id":20148,"date":"2020-07-16T14:50:41","date_gmt":"2020-07-16T13:50:41","guid":{"rendered":"http:\/\/montreux-vieux.net\/?page_id=20148"},"modified":"2021-07-15T10:40:43","modified_gmt":"2021-07-15T09:40:43","slug":"coup-de-couteau","status":"publish","type":"page","link":"https:\/\/montreux-vieux.net\/?page_id=20148","title":{"rendered":"Coup de couteau"},"content":{"rendered":"\n<p>Le jeune Joseph Sahm, 17 ans, journalier \u00e0 Montreux-Jeune, a le 15 juillet dernier sur la route entre Montreux-Vieux et Montreux-Jeune volontairement port\u00e9 des coups et fait dos blessures \u00e0 Ernest Geiss, en le blessant assez gri\u00e8vement \u00e0 l\u2019\u0153il droit. Le tribunal le condamne \u00e0 100 fr. d\u2019amende avec sursis, et a d\u00e9clar\u00e9 le  p\u00e8re du pr\u00e9venu civilement responsable.<\/p>\n\n\n\n<p>Sources&nbsp;: L\u2019Express de Mulhouse 7 octobre 1921<\/p>\n","protected":false},"excerpt":{"rendered":"<p>Le jeune Joseph Sahm, 17 ans, journalier \u00e0 Montreux-Jeune, a le 15 juillet dernier sur la route entre Montreux-Vieux et Montreux-Jeune volontairement port\u00e9 des coups et fait dos blessures \u00e0 Ernest Geiss, en le blessant assez gri\u00e8vement \u00e0 l\u2019\u0153il droit. &hellip; <a href=\"https:\/\/montreux-vieux.net\/?page_id=20148\">Continuer la lecture <span class=\"meta-nav\">&rarr;<\/span><\/a><\/p>\n","protected":false},"author":1,"featured_media":0,"parent":13044,"menu_order":410,"comment_status":"closed","ping_status":"open","template":"","meta":{"footnotes":""},"class_list":["post-20148","page","type-page","status-publish","hentry"],"_links":{"self":[{"href":"https:\/\/montreux-vieux.net\/index.php?rest_route=\/wp\/v2\/pages\/20148","targetHints":{"allow":["GET"]}}],"collection":[{"href":"https:\/\/montreux-vieux.net\/index.php?rest_route=\/wp\/v2\/pages"}],"about":[{"href":"https:\/\/montreux-vieux.net\/index.php?rest_route=\/wp\/v2\/types\/page"}],"author":[{"embeddable":true,"href":"https:\/\/montreux-vieux.net\/index.php?rest_route=\/wp\/v2\/users\/1"}],"replies":[{"embeddable":true,"href":"https:\/\/montreux-vieux.net\/index.php?rest_route=%2Fwp%2Fv2%2Fcomments&post=20148"}],"version-history":[{"count":2,"href":"https:\/\/montreux-vieux.net\/index.php?rest_route=\/wp\/v2\/pages\/20148\/revisions"}],"predecessor-version":[{"id":23381,"href":"https:\/\/montreux-vieux.net\/index.php?rest_route=\/wp\/v2\/pages\/20148\/revisions\/23381"}],"up":[{"embeddable":true,"href":"https:\/\/montreux-vieux.net\/index.php?rest_route=\/wp\/v2\/pages\/13044"}],"wp:attachment":[{"href":"https:\/\/montreux-vieux.net\/index.php?rest_route=%2Fwp%2Fv2%2Fmedia&parent=20148"}],"curies":[{"name":"wp","href":"https:\/\/api.w.org\/{rel}","templated":true}]}}