{"id":20152,"date":"2020-07-16T14:58:05","date_gmt":"2020-07-16T13:58:05","guid":{"rendered":"http:\/\/montreux-vieux.net\/?page_id=20152"},"modified":"2020-07-16T14:58:05","modified_gmt":"2020-07-16T13:58:05","slug":"le-medecin-escroc","status":"publish","type":"page","link":"https:\/\/montreux-vieux.net\/?page_id=20152","title":{"rendered":"Le m\u00e9decin escroc"},"content":{"rendered":"\n<p>MONTREUX-VIEUX, 30 d\u00e9c. \u2014 La police fran\u00e7aise a remis hier entre les mains de la gendarmerie allemande \u00e0 Montreux-Vieux le docteur Wi\u00e9gand, ce m\u00e9decin de Strasbourg qui condamn\u00e9 \u00e0 3 mois de prison pour escroqueries, s\u2019est r\u00e9fugi\u00e9 en France o\u00f9 il a \u00e9t\u00e9 compromis dans une affaire d&rsquo;espionnage et condamn\u00e9 \u00e0 16 mois de prison. Ayant subi sa peine, le Dr Wiegand a \u00e9t\u00e9 expuls\u00e9 de France et livr\u00e9 a justice allemande<\/p>\n\n\n\n<p>Sources&nbsp;: Express 31 d\u00e9cembre 1907<\/p>\n","protected":false},"excerpt":{"rendered":"<p>MONTREUX-VIEUX, 30 d\u00e9c. \u2014 La police fran\u00e7aise a remis hier entre les mains de la gendarmerie allemande \u00e0 Montreux-Vieux le docteur Wi\u00e9gand, ce m\u00e9decin de Strasbourg qui condamn\u00e9 \u00e0 3 mois de prison pour escroqueries, s\u2019est r\u00e9fugi\u00e9 en France o\u00f9 &hellip; <a href=\"https:\/\/montreux-vieux.net\/?page_id=20152\">Continuer la lecture <span class=\"meta-nav\">&rarr;<\/span><\/a><\/p>\n","protected":false},"author":1,"featured_media":0,"parent":13044,"menu_order":415,"comment_status":"closed","ping_status":"open","template":"","meta":{"footnotes":""},"class_list":["post-20152","page","type-page","status-publish","hentry"],"_links":{"self":[{"href":"https:\/\/montreux-vieux.net\/index.php?rest_route=\/wp\/v2\/pages\/20152","targetHints":{"allow":["GET"]}}],"collection":[{"href":"https:\/\/montreux-vieux.net\/index.php?rest_route=\/wp\/v2\/pages"}],"about":[{"href":"https:\/\/montreux-vieux.net\/index.php?rest_route=\/wp\/v2\/types\/page"}],"author":[{"embeddable":true,"href":"https:\/\/montreux-vieux.net\/index.php?rest_route=\/wp\/v2\/users\/1"}],"replies":[{"embeddable":true,"href":"https:\/\/montreux-vieux.net\/index.php?rest_route=%2Fwp%2Fv2%2Fcomments&post=20152"}],"version-history":[{"count":1,"href":"https:\/\/montreux-vieux.net\/index.php?rest_route=\/wp\/v2\/pages\/20152\/revisions"}],"predecessor-version":[{"id":20153,"href":"https:\/\/montreux-vieux.net\/index.php?rest_route=\/wp\/v2\/pages\/20152\/revisions\/20153"}],"up":[{"embeddable":true,"href":"https:\/\/montreux-vieux.net\/index.php?rest_route=\/wp\/v2\/pages\/13044"}],"wp:attachment":[{"href":"https:\/\/montreux-vieux.net\/index.php?rest_route=%2Fwp%2Fv2%2Fmedia&parent=20152"}],"curies":[{"name":"wp","href":"https:\/\/api.w.org\/{rel}","templated":true}]}}