{"id":20157,"date":"2020-07-17T16:26:48","date_gmt":"2020-07-17T15:26:48","guid":{"rendered":"http:\/\/montreux-vieux.net\/?page_id=20157"},"modified":"2026-04-30T08:37:13","modified_gmt":"2026-04-30T07:37:13","slug":"arrestation-du-fils-du-chef-de-gare-de-montreux-vieux-medecin","status":"publish","type":"page","link":"https:\/\/montreux-vieux.net\/?page_id=20157","title":{"rendered":"Arrestation du fils du chef de gare de Montreux-Vieux,  m\u00e9decin."},"content":{"rendered":"\n<p>Autour de l\u2019arrestation du docteur Koehler. &#8212; Les journaux signalent l\u2019arrestation, \u00e0 Kehl, du docteur Koehler, qui n&rsquo;est pas un inconnu a Mulhouse. Le docteur&nbsp; a un pass\u00e9 mouvement\u00e9 et obscur. Il est le fils d&rsquo;un ancien chef de&nbsp; gare de Montreux-Vieux. Il suivit un certain temps a Strasbourg les cours de m\u00e9decine, mais ne termina pas ses \u00e9ludes, pour des causes qui rest\u00e8rent &nbsp;inconnues. Ce fait ne l&#8217;emp\u00eacha nullement de s\u2019installer \u00e0 Strasbourg, en 1921 d\u00e9j\u00e0, docteur en m\u00e9decine, ce oui lui valut, pour abus de titre, une amende de 100 francs. Sur ces entrefaites, il alla s\u2019installer \u00e0 Kehl, tout en maintenant son logement et l&rsquo;enseigne \u00e0 Strasbourg.<\/p>\n\n\n\n<p>D\u2019apr\u00e8s les renseignements de Kehl l\u2019arrestation a \u00e9t\u00e9 op\u00e9r\u00e9e a la demande &nbsp;d\u2019une dame de Mulhouse, qui est devenue sa victime, Koehler l\u2019ayant \u00e9pous\u00e9e \u00e0 Mulhouse, en 1921, alors qu\u2019il \u00e9tait d\u00e9j\u00e0 mari\u00e9. Mme V. est Allemande, dont les biens ont \u00e9t\u00e9 s\u00e9questr\u00e9s et elle esp\u00e9rait obtenir, en devenant Fran\u00e7aise par suite de son mariage, la main lev\u00e9e de ses biens. Quoique la possibilit\u00e9, d&rsquo;un second mariage paraisse impossible \u00e0 premi\u00e8re vue, le fait a pu se r\u00e9aliser en forme d\u2019une farce, gr\u00e2ce \u00e0 la na\u00efvet\u00e9 de la victime. La c\u00e9r\u00e9monie et la signature de l\u2019acte ont en lieu devant un pseudo-officier de l\u2019\u00e9tat civil dans un restaurant.<\/p>\n\n\n\n<p>Comme nous disions plus haut, ce n\u2019est que gr\u00e2ce a ses deux logements que Koehler a pu continuer son man\u00e8ge aussi longtemps, mais finalement son \u00e9pous\u00e9 de la \u00abmain gauche &gt; a eu des soup\u00e7ons, par la rapide diminution de son argent et finalement elle a d\u00e9couvert le pot aux roses.<\/p>\n\n\n\n<p>K. est sous les verrous, mais la plainte pour bigamie de Mme Y. n\u2019a pu \u00eatre maintenue, un second mariage en forme n\u2019ayant pas \u00e9t\u00e9 contract\u00e9. Mais M. le procureur de la R\u00e9publique a Strasbourg aurait encore a r\u00e9gler, d\u2019apr\u00e8s ce qu&rsquo;on affirme, un compte avec le&nbsp; \u00ab&nbsp;docteur &nbsp;Koehler.&nbsp;\u00bb\u2019<\/p>\n\n\n\n<p>Sources&nbsp;: L\u2019Express de Mulhouse 30 avril 1927<\/p>\n","protected":false},"excerpt":{"rendered":"<p>Autour de l\u2019arrestation du docteur Koehler. &#8212; Les journaux signalent l\u2019arrestation, \u00e0 Kehl, du docteur Koehler, qui n&rsquo;est pas un inconnu a Mulhouse. Le docteur&nbsp; a un pass\u00e9 mouvement\u00e9 et obscur. Il est le fils d&rsquo;un ancien chef de&nbsp; gare &hellip; <a href=\"https:\/\/montreux-vieux.net\/?page_id=20157\">Continuer la lecture <span class=\"meta-nav\">&rarr;<\/span><\/a><\/p>\n","protected":false},"author":1,"featured_media":0,"parent":13044,"menu_order":420,"comment_status":"closed","ping_status":"open","template":"","meta":{"footnotes":""},"class_list":["post-20157","page","type-page","status-publish","hentry"],"_links":{"self":[{"href":"https:\/\/montreux-vieux.net\/index.php?rest_route=\/wp\/v2\/pages\/20157","targetHints":{"allow":["GET"]}}],"collection":[{"href":"https:\/\/montreux-vieux.net\/index.php?rest_route=\/wp\/v2\/pages"}],"about":[{"href":"https:\/\/montreux-vieux.net\/index.php?rest_route=\/wp\/v2\/types\/page"}],"author":[{"embeddable":true,"href":"https:\/\/montreux-vieux.net\/index.php?rest_route=\/wp\/v2\/users\/1"}],"replies":[{"embeddable":true,"href":"https:\/\/montreux-vieux.net\/index.php?rest_route=%2Fwp%2Fv2%2Fcomments&post=20157"}],"version-history":[{"count":4,"href":"https:\/\/montreux-vieux.net\/index.php?rest_route=\/wp\/v2\/pages\/20157\/revisions"}],"predecessor-version":[{"id":28665,"href":"https:\/\/montreux-vieux.net\/index.php?rest_route=\/wp\/v2\/pages\/20157\/revisions\/28665"}],"up":[{"embeddable":true,"href":"https:\/\/montreux-vieux.net\/index.php?rest_route=\/wp\/v2\/pages\/13044"}],"wp:attachment":[{"href":"https:\/\/montreux-vieux.net\/index.php?rest_route=%2Fwp%2Fv2%2Fmedia&parent=20157"}],"curies":[{"name":"wp","href":"https:\/\/api.w.org\/{rel}","templated":true}]}}