{"id":20173,"date":"2020-07-18T12:57:45","date_gmt":"2020-07-18T11:57:45","guid":{"rendered":"http:\/\/montreux-vieux.net\/?page_id=20173"},"modified":"2020-07-18T12:57:45","modified_gmt":"2020-07-18T11:57:45","slug":"conference-sur-les-associations-danciens-combattants","status":"publish","type":"page","link":"https:\/\/montreux-vieux.net\/?page_id=20173","title":{"rendered":"Conf\u00e9rence sur les associations d&rsquo;anciens combattants"},"content":{"rendered":"\n<p>MONTREUX-VIEUX. Groupe des Engag\u00e9s volontaires et anciens combattants. \u2014 M. Armbr\u00fcster, Commissaire g\u00e9n\u00e9ral de l\u2019union des grandes Associations pour l\u2019essor national, a fait dimanche \u00e0 Montreux-.Vieux une conf\u00e9rence sur les associations d&rsquo;anciens combattants et leur r\u00f4le dans la propagande fran\u00e7aise.<\/p>\n\n\n\n<p>La f\u00eate de l&rsquo;inauguration du nouveau groupe aura lieu fin septembre.<\/p>\n\n\n\n<p>Sources&nbsp;: L\u2019Express de Mulhouse 21 ao\u00fbt 1923<\/p>\n","protected":false},"excerpt":{"rendered":"<p>MONTREUX-VIEUX. Groupe des Engag\u00e9s volontaires et anciens combattants. \u2014 M. Armbr\u00fcster, Commissaire g\u00e9n\u00e9ral de l\u2019union des grandes Associations pour l\u2019essor national, a fait dimanche \u00e0 Montreux-.Vieux une conf\u00e9rence sur les associations d&rsquo;anciens combattants et leur r\u00f4le dans la propagande fran\u00e7aise. &hellip; <a href=\"https:\/\/montreux-vieux.net\/?page_id=20173\">Continuer la lecture <span class=\"meta-nav\">&rarr;<\/span><\/a><\/p>\n","protected":false},"author":1,"featured_media":0,"parent":20123,"menu_order":5,"comment_status":"closed","ping_status":"open","template":"","meta":{"footnotes":""},"class_list":["post-20173","page","type-page","status-publish","hentry"],"_links":{"self":[{"href":"https:\/\/montreux-vieux.net\/index.php?rest_route=\/wp\/v2\/pages\/20173","targetHints":{"allow":["GET"]}}],"collection":[{"href":"https:\/\/montreux-vieux.net\/index.php?rest_route=\/wp\/v2\/pages"}],"about":[{"href":"https:\/\/montreux-vieux.net\/index.php?rest_route=\/wp\/v2\/types\/page"}],"author":[{"embeddable":true,"href":"https:\/\/montreux-vieux.net\/index.php?rest_route=\/wp\/v2\/users\/1"}],"replies":[{"embeddable":true,"href":"https:\/\/montreux-vieux.net\/index.php?rest_route=%2Fwp%2Fv2%2Fcomments&post=20173"}],"version-history":[{"count":1,"href":"https:\/\/montreux-vieux.net\/index.php?rest_route=\/wp\/v2\/pages\/20173\/revisions"}],"predecessor-version":[{"id":20174,"href":"https:\/\/montreux-vieux.net\/index.php?rest_route=\/wp\/v2\/pages\/20173\/revisions\/20174"}],"up":[{"embeddable":true,"href":"https:\/\/montreux-vieux.net\/index.php?rest_route=\/wp\/v2\/pages\/20123"}],"wp:attachment":[{"href":"https:\/\/montreux-vieux.net\/index.php?rest_route=%2Fwp%2Fv2%2Fmedia&parent=20173"}],"curies":[{"name":"wp","href":"https:\/\/api.w.org\/{rel}","templated":true}]}}