{"id":20176,"date":"2020-07-18T13:06:08","date_gmt":"2020-07-18T12:06:08","guid":{"rendered":"http:\/\/montreux-vieux.net\/?page_id=20176"},"modified":"2020-07-18T13:06:08","modified_gmt":"2020-07-18T12:06:08","slug":"la-locomotive-incendiaire","status":"publish","type":"page","link":"https:\/\/montreux-vieux.net\/?page_id=20176","title":{"rendered":"La locomotive incendiaire."},"content":{"rendered":"\n<p>MONTREUX-VIEUX La locomotive incendiaire.<\/p>\n\n\n\n<p>\u2014 Mardi apr\u00e8s-midi, un train passait sur la ligne Montreux-Vieux \u2014 Foussemagne, lorsqu\u2019une \u00e9tincelle, jaillie de la chemin\u00e9e de la locomotive, mit le feu aux pr\u00e9s, grill\u00e9s par le soleil. L\u2019incendie prit rapidement de grandes proportions, et il fallut l\u2019intervention \u00e9nergique des pompiers pour enrayer le danger. Les dommages, heureusement, ne sont gu\u00e8re importants<\/p>\n\n\n\n<p>Sources&nbsp;: L\u2019Express de Mulhouse 13 juillet 1934<\/p>\n","protected":false},"excerpt":{"rendered":"<p>MONTREUX-VIEUX La locomotive incendiaire. \u2014 Mardi apr\u00e8s-midi, un train passait sur la ligne Montreux-Vieux \u2014 Foussemagne, lorsqu\u2019une \u00e9tincelle, jaillie de la chemin\u00e9e de la locomotive, mit le feu aux pr\u00e9s, grill\u00e9s par le soleil. L\u2019incendie prit rapidement de grandes proportions, &hellip; <a href=\"https:\/\/montreux-vieux.net\/?page_id=20176\">Continuer la lecture <span class=\"meta-nav\">&rarr;<\/span><\/a><\/p>\n","protected":false},"author":1,"featured_media":0,"parent":13013,"menu_order":75,"comment_status":"closed","ping_status":"open","template":"","meta":{"footnotes":""},"class_list":["post-20176","page","type-page","status-publish","hentry"],"_links":{"self":[{"href":"https:\/\/montreux-vieux.net\/index.php?rest_route=\/wp\/v2\/pages\/20176","targetHints":{"allow":["GET"]}}],"collection":[{"href":"https:\/\/montreux-vieux.net\/index.php?rest_route=\/wp\/v2\/pages"}],"about":[{"href":"https:\/\/montreux-vieux.net\/index.php?rest_route=\/wp\/v2\/types\/page"}],"author":[{"embeddable":true,"href":"https:\/\/montreux-vieux.net\/index.php?rest_route=\/wp\/v2\/users\/1"}],"replies":[{"embeddable":true,"href":"https:\/\/montreux-vieux.net\/index.php?rest_route=%2Fwp%2Fv2%2Fcomments&post=20176"}],"version-history":[{"count":1,"href":"https:\/\/montreux-vieux.net\/index.php?rest_route=\/wp\/v2\/pages\/20176\/revisions"}],"predecessor-version":[{"id":20177,"href":"https:\/\/montreux-vieux.net\/index.php?rest_route=\/wp\/v2\/pages\/20176\/revisions\/20177"}],"up":[{"embeddable":true,"href":"https:\/\/montreux-vieux.net\/index.php?rest_route=\/wp\/v2\/pages\/13013"}],"wp:attachment":[{"href":"https:\/\/montreux-vieux.net\/index.php?rest_route=%2Fwp%2Fv2%2Fmedia&parent=20176"}],"curies":[{"name":"wp","href":"https:\/\/api.w.org\/{rel}","templated":true}]}}