{"id":20179,"date":"2020-07-18T13:17:47","date_gmt":"2020-07-18T12:17:47","guid":{"rendered":"http:\/\/montreux-vieux.net\/?page_id=20179"},"modified":"2020-07-18T13:17:47","modified_gmt":"2020-07-18T12:17:47","slug":"train-special-menagerie","status":"publish","type":"page","link":"https:\/\/montreux-vieux.net\/?page_id=20179","title":{"rendered":"Train sp\u00e9cial (m\u00e9nagerie)"},"content":{"rendered":"\n<p>Hier, \u00e0 2 heures? a pass\u00e9 aussi par notre gare un train sp\u00e9cial venant de B\u00e2le et transportant via Montreux-Vieux, en France, les animaux et le mat\u00e9riel de la m\u00e9nagerie Pianet.<\/p>\n\n\n\n<p>Sources&nbsp;: Express 20 novembre 1889<\/p>\n","protected":false},"excerpt":{"rendered":"<p>Hier, \u00e0 2 heures? a pass\u00e9 aussi par notre gare un train sp\u00e9cial venant de B\u00e2le et transportant via Montreux-Vieux, en France, les animaux et le mat\u00e9riel de la m\u00e9nagerie Pianet. Sources&nbsp;: Express 20 novembre 1889<\/p>\n","protected":false},"author":1,"featured_media":0,"parent":13007,"menu_order":85,"comment_status":"closed","ping_status":"open","template":"","meta":{"footnotes":""},"class_list":["post-20179","page","type-page","status-publish","hentry"],"_links":{"self":[{"href":"https:\/\/montreux-vieux.net\/index.php?rest_route=\/wp\/v2\/pages\/20179","targetHints":{"allow":["GET"]}}],"collection":[{"href":"https:\/\/montreux-vieux.net\/index.php?rest_route=\/wp\/v2\/pages"}],"about":[{"href":"https:\/\/montreux-vieux.net\/index.php?rest_route=\/wp\/v2\/types\/page"}],"author":[{"embeddable":true,"href":"https:\/\/montreux-vieux.net\/index.php?rest_route=\/wp\/v2\/users\/1"}],"replies":[{"embeddable":true,"href":"https:\/\/montreux-vieux.net\/index.php?rest_route=%2Fwp%2Fv2%2Fcomments&post=20179"}],"version-history":[{"count":2,"href":"https:\/\/montreux-vieux.net\/index.php?rest_route=\/wp\/v2\/pages\/20179\/revisions"}],"predecessor-version":[{"id":28404,"href":"https:\/\/montreux-vieux.net\/index.php?rest_route=\/wp\/v2\/pages\/20179\/revisions\/28404"}],"up":[{"embeddable":true,"href":"https:\/\/montreux-vieux.net\/index.php?rest_route=\/wp\/v2\/pages\/13007"}],"wp:attachment":[{"href":"https:\/\/montreux-vieux.net\/index.php?rest_route=%2Fwp%2Fv2%2Fmedia&parent=20179"}],"curies":[{"name":"wp","href":"https:\/\/api.w.org\/{rel}","templated":true}]}}