{"id":20191,"date":"2020-07-19T15:38:13","date_gmt":"2020-07-19T14:38:13","guid":{"rendered":"http:\/\/montreux-vieux.net\/?page_id=20191"},"modified":"2020-07-19T15:38:13","modified_gmt":"2020-07-19T14:38:13","slug":"sauvetage-dun-gamin","status":"publish","type":"page","link":"https:\/\/montreux-vieux.net\/?page_id=20191","title":{"rendered":"Sauvetage d&rsquo;un gamin"},"content":{"rendered":"\n<p>Montreux-Vieux Sauvetage. \u2014 En jouant sur la rive du canal du Rh\u00f4ne-au-Rhin un gamin de 8 ans, demeurant dans la localit\u00e9 proche de Montreux-Ch\u00e2teau, tomba soudain dans l\u2019eau. Il allait dispara\u00eetre dans les flots, lorsque survint par bonheur M. Henri Vourion de Belfort, qui r\u00e9ussit \u00e0 le sortir de l\u2019\u00e9l\u00e9ment liquide. \u00a0Avec l\u2019aide de deux autres t\u00e9moins de l\u2019accident, il r\u00e9ussit \u00e0 ranimer le petit imprudent, \u00a0qui en sera cette fois quitte pour un rhume qu&rsquo;il n\u2019a certes pas vol\u00e9,<\/p>\n\n\n\n<p>Sources&nbsp;: L\u2019Express de Mulhouse 12 avril 1935<\/p>\n","protected":false},"excerpt":{"rendered":"<p>Montreux-Vieux Sauvetage. \u2014 En jouant sur la rive du canal du Rh\u00f4ne-au-Rhin un gamin de 8 ans, demeurant dans la localit\u00e9 proche de Montreux-Ch\u00e2teau, tomba soudain dans l\u2019eau. Il allait dispara\u00eetre dans les flots, lorsque survint par bonheur M. Henri &hellip; <a href=\"https:\/\/montreux-vieux.net\/?page_id=20191\">Continuer la lecture <span class=\"meta-nav\">&rarr;<\/span><\/a><\/p>\n","protected":false},"author":1,"featured_media":0,"parent":13044,"menu_order":440,"comment_status":"closed","ping_status":"open","template":"","meta":{"footnotes":""},"class_list":["post-20191","page","type-page","status-publish","hentry"],"_links":{"self":[{"href":"https:\/\/montreux-vieux.net\/index.php?rest_route=\/wp\/v2\/pages\/20191","targetHints":{"allow":["GET"]}}],"collection":[{"href":"https:\/\/montreux-vieux.net\/index.php?rest_route=\/wp\/v2\/pages"}],"about":[{"href":"https:\/\/montreux-vieux.net\/index.php?rest_route=\/wp\/v2\/types\/page"}],"author":[{"embeddable":true,"href":"https:\/\/montreux-vieux.net\/index.php?rest_route=\/wp\/v2\/users\/1"}],"replies":[{"embeddable":true,"href":"https:\/\/montreux-vieux.net\/index.php?rest_route=%2Fwp%2Fv2%2Fcomments&post=20191"}],"version-history":[{"count":1,"href":"https:\/\/montreux-vieux.net\/index.php?rest_route=\/wp\/v2\/pages\/20191\/revisions"}],"predecessor-version":[{"id":20192,"href":"https:\/\/montreux-vieux.net\/index.php?rest_route=\/wp\/v2\/pages\/20191\/revisions\/20192"}],"up":[{"embeddable":true,"href":"https:\/\/montreux-vieux.net\/index.php?rest_route=\/wp\/v2\/pages\/13044"}],"wp:attachment":[{"href":"https:\/\/montreux-vieux.net\/index.php?rest_route=%2Fwp%2Fv2%2Fmedia&parent=20191"}],"curies":[{"name":"wp","href":"https:\/\/api.w.org\/{rel}","templated":true}]}}