{"id":20194,"date":"2020-07-19T15:43:25","date_gmt":"2020-07-19T14:43:25","guid":{"rendered":"http:\/\/montreux-vieux.net\/?page_id=20194"},"modified":"2020-07-19T15:43:25","modified_gmt":"2020-07-19T14:43:25","slug":"un-bel-acte-de-sauvetage","status":"publish","type":"page","link":"https:\/\/montreux-vieux.net\/?page_id=20194","title":{"rendered":"Un bel acte de sauvetage"},"content":{"rendered":"\n<p>Un bel acte de sauvetage. \u2013 Un enfant, qui faisait des ricochets dans le canal&nbsp; du Rh\u00f4ne au-Rhin&nbsp; tomba soudain \u00e0 l\u2019eau Il se serait indubitablement noy\u00e9 si un p\u00eacheur belfortain, M. Mantaudron, ne s \u00e9tait r\u00e9solument jet\u00e9 \u00e0 l&rsquo;eau et ne l\u2019avait retir\u00e9. Nos f\u00e9licitations pour ce bel acte de sauvetage.<\/p>\n\n\n\n<p>Sources Express de Mulhouse 16 ao\u00fbt 1937<\/p>\n","protected":false},"excerpt":{"rendered":"<p>Un bel acte de sauvetage. \u2013 Un enfant, qui faisait des ricochets dans le canal&nbsp; du Rh\u00f4ne au-Rhin&nbsp; tomba soudain \u00e0 l\u2019eau Il se serait indubitablement noy\u00e9 si un p\u00eacheur belfortain, M. Mantaudron, ne s \u00e9tait r\u00e9solument jet\u00e9 \u00e0 l&rsquo;eau &hellip; <a href=\"https:\/\/montreux-vieux.net\/?page_id=20194\">Continuer la lecture <span class=\"meta-nav\">&rarr;<\/span><\/a><\/p>\n","protected":false},"author":1,"featured_media":0,"parent":13044,"menu_order":445,"comment_status":"closed","ping_status":"open","template":"","meta":{"footnotes":""},"class_list":["post-20194","page","type-page","status-publish","hentry"],"_links":{"self":[{"href":"https:\/\/montreux-vieux.net\/index.php?rest_route=\/wp\/v2\/pages\/20194","targetHints":{"allow":["GET"]}}],"collection":[{"href":"https:\/\/montreux-vieux.net\/index.php?rest_route=\/wp\/v2\/pages"}],"about":[{"href":"https:\/\/montreux-vieux.net\/index.php?rest_route=\/wp\/v2\/types\/page"}],"author":[{"embeddable":true,"href":"https:\/\/montreux-vieux.net\/index.php?rest_route=\/wp\/v2\/users\/1"}],"replies":[{"embeddable":true,"href":"https:\/\/montreux-vieux.net\/index.php?rest_route=%2Fwp%2Fv2%2Fcomments&post=20194"}],"version-history":[{"count":1,"href":"https:\/\/montreux-vieux.net\/index.php?rest_route=\/wp\/v2\/pages\/20194\/revisions"}],"predecessor-version":[{"id":20195,"href":"https:\/\/montreux-vieux.net\/index.php?rest_route=\/wp\/v2\/pages\/20194\/revisions\/20195"}],"up":[{"embeddable":true,"href":"https:\/\/montreux-vieux.net\/index.php?rest_route=\/wp\/v2\/pages\/13044"}],"wp:attachment":[{"href":"https:\/\/montreux-vieux.net\/index.php?rest_route=%2Fwp%2Fv2%2Fmedia&parent=20194"}],"curies":[{"name":"wp","href":"https:\/\/api.w.org\/{rel}","templated":true}]}}