{"id":20210,"date":"2020-07-20T10:18:38","date_gmt":"2020-07-20T09:18:38","guid":{"rendered":"http:\/\/montreux-vieux.net\/?page_id=20210"},"modified":"2020-07-20T10:18:38","modified_gmt":"2020-07-20T09:18:38","slug":"un-peu-scrupuleux-compatriote","status":"publish","type":"page","link":"https:\/\/montreux-vieux.net\/?page_id=20210","title":{"rendered":"Un peu scrupuleux compatriote"},"content":{"rendered":"\n<p>MONTREUX-VIEUX Un peu scrupuleux compatriote. \u2014 Le Polonais Baran Wladislaw avait \u00e9t\u00e9 fort aise de trouver asile \u00e0 bon compte chez Mme M. T., \u00e9galement Polonaise, qui lui avait lou\u00e9 cour quelques francs une chambre qui m\u00eame entre compatriotes, valait le double. Mais notre Polonais remercia bien mal son h\u00f4tesse de cet accueil d\u00e9sint\u00e9ress\u00e9. Il resta juste le temps n\u00e9cessaire pour se mettre au courant des lieux, et d\u00e9couvrir l\u2019emplacement, o\u00f9 Mme M. T. mettait ses disponibilit\u00e9s. Puis il disparut avec les 300 francs trouv\u00e9s dans la cachette&#8230;. La gendarmerie recherche l\u2019impudent voleur et Mme T. a jur\u00e9 de d\u00e9sormais se m\u00e9fier, m\u00eame tisses ses compatriotes.<\/p>\n\n\n\n<p>Sources&nbsp;: Express de Mulhouse 11 ao\u00fbt 1931<\/p>\n","protected":false},"excerpt":{"rendered":"<p>MONTREUX-VIEUX Un peu scrupuleux compatriote. \u2014 Le Polonais Baran Wladislaw avait \u00e9t\u00e9 fort aise de trouver asile \u00e0 bon compte chez Mme M. T., \u00e9galement Polonaise, qui lui avait lou\u00e9 cour quelques francs une chambre qui m\u00eame entre compatriotes, valait &hellip; <a href=\"https:\/\/montreux-vieux.net\/?page_id=20210\">Continuer la lecture <span class=\"meta-nav\">&rarr;<\/span><\/a><\/p>\n","protected":false},"author":1,"featured_media":0,"parent":13044,"menu_order":450,"comment_status":"closed","ping_status":"open","template":"","meta":{"footnotes":""},"class_list":["post-20210","page","type-page","status-publish","hentry"],"_links":{"self":[{"href":"https:\/\/montreux-vieux.net\/index.php?rest_route=\/wp\/v2\/pages\/20210","targetHints":{"allow":["GET"]}}],"collection":[{"href":"https:\/\/montreux-vieux.net\/index.php?rest_route=\/wp\/v2\/pages"}],"about":[{"href":"https:\/\/montreux-vieux.net\/index.php?rest_route=\/wp\/v2\/types\/page"}],"author":[{"embeddable":true,"href":"https:\/\/montreux-vieux.net\/index.php?rest_route=\/wp\/v2\/users\/1"}],"replies":[{"embeddable":true,"href":"https:\/\/montreux-vieux.net\/index.php?rest_route=%2Fwp%2Fv2%2Fcomments&post=20210"}],"version-history":[{"count":1,"href":"https:\/\/montreux-vieux.net\/index.php?rest_route=\/wp\/v2\/pages\/20210\/revisions"}],"predecessor-version":[{"id":20211,"href":"https:\/\/montreux-vieux.net\/index.php?rest_route=\/wp\/v2\/pages\/20210\/revisions\/20211"}],"up":[{"embeddable":true,"href":"https:\/\/montreux-vieux.net\/index.php?rest_route=\/wp\/v2\/pages\/13044"}],"wp:attachment":[{"href":"https:\/\/montreux-vieux.net\/index.php?rest_route=%2Fwp%2Fv2%2Fmedia&parent=20210"}],"curies":[{"name":"wp","href":"https:\/\/api.w.org\/{rel}","templated":true}]}}