{"id":20222,"date":"2020-07-20T16:33:11","date_gmt":"2020-07-20T15:33:11","guid":{"rendered":"http:\/\/montreux-vieux.net\/?page_id=20222"},"modified":"2020-07-20T16:33:11","modified_gmt":"2020-07-20T15:33:11","slug":"un-collier-de-perles-disparait","status":"publish","type":"page","link":"https:\/\/montreux-vieux.net\/?page_id=20222","title":{"rendered":"Un collier de perles dispara\u00eet"},"content":{"rendered":"\n<p>Un collier de perles dispara\u00eet. \u2014 On se figure la surprise p\u00e9nible de Mme B. D., de nationalit\u00e9 suisse, qui, de passage \u00e0 Ferrette constata l&rsquo;autre, jour, en entrant dans sa chambre d&rsquo;h\u00f4tel, que son collier de perles, \u00e9valu\u00e9 \u00e0 7.500 francs, avait disparu. Toutes les recherches faites rest\u00e8rent vaines.<\/p>\n\n\n\n<p>Il ne lui resta plus qu\u2019\u00e0 d\u00e9poser une plainte a la gendarmerie. Celle-ci a ouvert une enqu\u00eate pour retrouver les auteurs du vol.<\/p>\n\n\n\n<p>D\u2019autre part, comme Mme B.D avait fait une excursion en auto \u00e0 Montreux-Vieux ce jour-l\u00e0, il se pourrait qu\u2019elle ait perdu son collier en cours de route.<\/p>\n\n\n\n<p>Sources&nbsp;: L\u2019Express de Mulhouse 8 septembre 1929<\/p>\n","protected":false},"excerpt":{"rendered":"<p>Un collier de perles dispara\u00eet. \u2014 On se figure la surprise p\u00e9nible de Mme B. D., de nationalit\u00e9 suisse, qui, de passage \u00e0 Ferrette constata l&rsquo;autre, jour, en entrant dans sa chambre d&rsquo;h\u00f4tel, que son collier de perles, \u00e9valu\u00e9 \u00e0 &hellip; <a href=\"https:\/\/montreux-vieux.net\/?page_id=20222\">Continuer la lecture <span class=\"meta-nav\">&rarr;<\/span><\/a><\/p>\n","protected":false},"author":1,"featured_media":0,"parent":13044,"menu_order":455,"comment_status":"closed","ping_status":"open","template":"","meta":{"footnotes":""},"class_list":["post-20222","page","type-page","status-publish","hentry"],"_links":{"self":[{"href":"https:\/\/montreux-vieux.net\/index.php?rest_route=\/wp\/v2\/pages\/20222","targetHints":{"allow":["GET"]}}],"collection":[{"href":"https:\/\/montreux-vieux.net\/index.php?rest_route=\/wp\/v2\/pages"}],"about":[{"href":"https:\/\/montreux-vieux.net\/index.php?rest_route=\/wp\/v2\/types\/page"}],"author":[{"embeddable":true,"href":"https:\/\/montreux-vieux.net\/index.php?rest_route=\/wp\/v2\/users\/1"}],"replies":[{"embeddable":true,"href":"https:\/\/montreux-vieux.net\/index.php?rest_route=%2Fwp%2Fv2%2Fcomments&post=20222"}],"version-history":[{"count":1,"href":"https:\/\/montreux-vieux.net\/index.php?rest_route=\/wp\/v2\/pages\/20222\/revisions"}],"predecessor-version":[{"id":20223,"href":"https:\/\/montreux-vieux.net\/index.php?rest_route=\/wp\/v2\/pages\/20222\/revisions\/20223"}],"up":[{"embeddable":true,"href":"https:\/\/montreux-vieux.net\/index.php?rest_route=\/wp\/v2\/pages\/13044"}],"wp:attachment":[{"href":"https:\/\/montreux-vieux.net\/index.php?rest_route=%2Fwp%2Fv2%2Fmedia&parent=20222"}],"curies":[{"name":"wp","href":"https:\/\/api.w.org\/{rel}","templated":true}]}}