{"id":20248,"date":"2020-07-26T10:29:41","date_gmt":"2020-07-26T09:29:41","guid":{"rendered":"http:\/\/montreux-vieux.net\/?page_id=20248"},"modified":"2020-07-26T10:29:41","modified_gmt":"2020-07-26T09:29:41","slug":"lobservatoire-de-montreux-vieux","status":"publish","type":"page","link":"https:\/\/montreux-vieux.net\/?page_id=20248","title":{"rendered":"L&rsquo;Observatoire de Montreux-Vieux"},"content":{"rendered":"\n<p>C\u2019est avec une curiosit\u00e9 toujours en \u00e9veil que les Allemands suivent la manifestation des sentiments patriotiques qui animent toutes ces vaillantes populations et surtout progression des \u0153uvres quelles accomplissent; car, \u00e0 vingt kilom\u00e8tres de l\u00e0, dans le premier village qui leur appartient, \u00e0 Montreux-Vieux, ils ont fait \u00e9difier un mauvais observatoire en charpente, sorte de carcasse de gu\u00e9rite, et, chaque semaine, ils envoient des officiers d\u2019\u00e9tat-major qui s&rsquo;installent dans cet appareil et qui, munis de longues-vues et d\u2019instruments d\u2019optique, examinent, pendant de longues heures, les travaux de fortification de la trou\u00e9e.<\/p>\n\n\n\n<p>Pour faire savoir que ce sol leur appartient , il n\u2019est point de carrefour de routes, de coin de chemin ou de sellier, qu&rsquo;ils n\u2019aient muni d\u2019un poteau, orn\u00e9 en spirale des couleurs de la Conf\u00e9d\u00e9ration germanique, blanc, rouge et noir, et surmont\u00e9 d&rsquo;un placard couvert d&rsquo;une \u00e9criture gothique, indiquant que clans ce lieu c\u2019est l\u2019empereur Guillaume qui gouverne.<\/p>\n\n\n\n<p>Sources&nbsp;; l\u2019Ev\u00e9nement 1<sup>er<\/sup> septembre 1877<\/p>\n","protected":false},"excerpt":{"rendered":"<p>C\u2019est avec une curiosit\u00e9 toujours en \u00e9veil que les Allemands suivent la manifestation des sentiments patriotiques qui animent toutes ces vaillantes populations et surtout progression des \u0153uvres quelles accomplissent; car, \u00e0 vingt kilom\u00e8tres de l\u00e0, dans le premier village qui &hellip; <a href=\"https:\/\/montreux-vieux.net\/?page_id=20248\">Continuer la lecture <span class=\"meta-nav\">&rarr;<\/span><\/a><\/p>\n","protected":false},"author":1,"featured_media":0,"parent":12673,"menu_order":150,"comment_status":"closed","ping_status":"open","template":"","meta":{"footnotes":""},"class_list":["post-20248","page","type-page","status-publish","hentry"],"_links":{"self":[{"href":"https:\/\/montreux-vieux.net\/index.php?rest_route=\/wp\/v2\/pages\/20248","targetHints":{"allow":["GET"]}}],"collection":[{"href":"https:\/\/montreux-vieux.net\/index.php?rest_route=\/wp\/v2\/pages"}],"about":[{"href":"https:\/\/montreux-vieux.net\/index.php?rest_route=\/wp\/v2\/types\/page"}],"author":[{"embeddable":true,"href":"https:\/\/montreux-vieux.net\/index.php?rest_route=\/wp\/v2\/users\/1"}],"replies":[{"embeddable":true,"href":"https:\/\/montreux-vieux.net\/index.php?rest_route=%2Fwp%2Fv2%2Fcomments&post=20248"}],"version-history":[{"count":1,"href":"https:\/\/montreux-vieux.net\/index.php?rest_route=\/wp\/v2\/pages\/20248\/revisions"}],"predecessor-version":[{"id":20249,"href":"https:\/\/montreux-vieux.net\/index.php?rest_route=\/wp\/v2\/pages\/20248\/revisions\/20249"}],"up":[{"embeddable":true,"href":"https:\/\/montreux-vieux.net\/index.php?rest_route=\/wp\/v2\/pages\/12673"}],"wp:attachment":[{"href":"https:\/\/montreux-vieux.net\/index.php?rest_route=%2Fwp%2Fv2%2Fmedia&parent=20248"}],"curies":[{"name":"wp","href":"https:\/\/api.w.org\/{rel}","templated":true}]}}