{"id":20254,"date":"2020-07-26T16:32:54","date_gmt":"2020-07-26T15:32:54","guid":{"rendered":"http:\/\/montreux-vieux.net\/?page_id=20254"},"modified":"2020-07-26T16:32:54","modified_gmt":"2020-07-26T15:32:54","slug":"remise-dun-drapeau","status":"publish","type":"page","link":"https:\/\/montreux-vieux.net\/?page_id=20254","title":{"rendered":"Remise d\u2019un drapeau"},"content":{"rendered":"\n<p>MONTREUX-VIEUX. Remise d\u2019un drapeau. \u2014 Dimanche a eu lieu la remise du drapeau par M. le g\u00e9n\u00e9rai Petit \u00e0 la soci\u00e9t\u00e9 des Engag\u00e9s volontaires alsaciens et lorrains, anciens combattants et mobilis\u00e9s fran\u00e7ais, Cette c\u00e9r\u00e9monie s\u2019est d\u00e9roul\u00e9e, malgr\u00e9, la pluie, au milieu d\u2019une nombreuse affluence et a profond\u00e9ment&nbsp; impressionn\u00e9 les assistants. A midi un banquet r\u00e9unissait&nbsp; dans une&nbsp; salle du restaurant Heinis, tr\u00e8s bien d\u00e9cor\u00e9, et devant un menu excellent&nbsp; les membres actifs et honoraires de la soci\u00e9t\u00e9 et des invit\u00e9s. Parmi ceux-ci on remarquait&nbsp;&nbsp; M M. Laurent Thi\u00e9ry, s\u00e9nateur ; Saget d\u00e9put\u00e9,&nbsp; Jourdain, d\u00e9put\u00e9, ancien ministre du travail&nbsp; .Nef, sous-pr\u00e9fet d\u2019Altkirch ; Bouvier, pr\u00e9sident &nbsp;du Conseil g\u00e9n\u00e9ral du Territoire&nbsp; de Belfort ; Centlivre, Conseiller g\u00e9n\u00e9ral; Armbruster, pr\u00e9sident de la &nbsp;F\u00e9d\u00e9ration des &nbsp;engag\u00e9s volontaires alsaciens et Lorrains \u00e0 Paris, etc. Plusieurs discours- furent prononc\u00e9s, entre autres par M. Saget, d\u00e9put\u00e9, heureux d\u2019assister \u00e0 la c\u00e9r\u00e9monie dans le lieu o\u00f9 il fit les premiers combats de 1914.<\/p>\n\n\n\n<p>A la mairie \u00e0 lieu, apr\u00e8s le d\u00e9fil\u00e9 la remise solennelle du drapeau \u00e0 I issue de laquelle quatre jolies Alsaciennes &nbsp;en costume viennent offrir des &nbsp;bouquets &nbsp;aux autorit\u00e9s et l&rsquo;une d\u2019elle r\u00e9cite un compliment \u00e0 M. le g\u00e9n\u00e9ral Petit. Il prononce un discours qui impressionna toute la foule.<\/p>\n\n\n\n<p>Le &nbsp;g\u00e9n\u00e9ral donna l&rsquo;accolade \u00e0 notre d\u00e9vou\u00e9 &nbsp;pr\u00e9sident et maire et le compliment sur la bonne marche de la Soci\u00e9t\u00e9 de plus en plus prosp\u00e8re &nbsp;gr\u00e2ce \u00e0 son organisation.<\/p>\n\n\n\n<p>Le soir au restaurant Heinis un grand bal public offert par 1a soci\u00e9t\u00e9, r\u00e9unit jeunes et &nbsp;vieux et jusqu\u2019au &nbsp;matin les couples &nbsp;tourbillonnent dans une salle comble o\u00f9 jamais &nbsp;il n\u2019y &nbsp;eut aussi grande foule.<\/p>\n\n\n\n<p>Sources&nbsp;: L\u2019Express de Mulhouse 1<sup>er<\/sup> octobre 1923<\/p>\n","protected":false},"excerpt":{"rendered":"<p>MONTREUX-VIEUX. Remise d\u2019un drapeau. \u2014 Dimanche a eu lieu la remise du drapeau par M. le g\u00e9n\u00e9rai Petit \u00e0 la soci\u00e9t\u00e9 des Engag\u00e9s volontaires alsaciens et lorrains, anciens combattants et mobilis\u00e9s fran\u00e7ais, Cette c\u00e9r\u00e9monie s\u2019est d\u00e9roul\u00e9e, malgr\u00e9, la pluie, au &hellip; <a href=\"https:\/\/montreux-vieux.net\/?page_id=20254\">Continuer la lecture <span class=\"meta-nav\">&rarr;<\/span><\/a><\/p>\n","protected":false},"author":1,"featured_media":0,"parent":20123,"menu_order":10,"comment_status":"closed","ping_status":"open","template":"","meta":{"footnotes":""},"class_list":["post-20254","page","type-page","status-publish","hentry"],"_links":{"self":[{"href":"https:\/\/montreux-vieux.net\/index.php?rest_route=\/wp\/v2\/pages\/20254","targetHints":{"allow":["GET"]}}],"collection":[{"href":"https:\/\/montreux-vieux.net\/index.php?rest_route=\/wp\/v2\/pages"}],"about":[{"href":"https:\/\/montreux-vieux.net\/index.php?rest_route=\/wp\/v2\/types\/page"}],"author":[{"embeddable":true,"href":"https:\/\/montreux-vieux.net\/index.php?rest_route=\/wp\/v2\/users\/1"}],"replies":[{"embeddable":true,"href":"https:\/\/montreux-vieux.net\/index.php?rest_route=%2Fwp%2Fv2%2Fcomments&post=20254"}],"version-history":[{"count":2,"href":"https:\/\/montreux-vieux.net\/index.php?rest_route=\/wp\/v2\/pages\/20254\/revisions"}],"predecessor-version":[{"id":28328,"href":"https:\/\/montreux-vieux.net\/index.php?rest_route=\/wp\/v2\/pages\/20254\/revisions\/28328"}],"up":[{"embeddable":true,"href":"https:\/\/montreux-vieux.net\/index.php?rest_route=\/wp\/v2\/pages\/20123"}],"wp:attachment":[{"href":"https:\/\/montreux-vieux.net\/index.php?rest_route=%2Fwp%2Fv2%2Fmedia&parent=20254"}],"curies":[{"name":"wp","href":"https:\/\/api.w.org\/{rel}","templated":true}]}}