{"id":20257,"date":"2020-07-27T14:18:54","date_gmt":"2020-07-27T13:18:54","guid":{"rendered":"http:\/\/montreux-vieux.net\/?page_id=20257"},"modified":"2020-07-27T14:18:54","modified_gmt":"2020-07-27T13:18:54","slug":"une-pierre-se-detache-du-mur-de-lancienne-eglise","status":"publish","type":"page","link":"https:\/\/montreux-vieux.net\/?page_id=20257","title":{"rendered":"Une pierre se d\u00e9tache du mur de l&rsquo;ancienne \u00e9glise"},"content":{"rendered":"\n<p>Montreux-vieux. \u2014 Dimanche, pendant que les fid\u00e8les assistaient \u00e0 l&rsquo;office, une pierre se d\u00e9tacha du mur de fond de l\u2019\u00e9glise et roula au milieu du couloir qui s\u00e9pare les deux rang\u00e9es de chaises. Il n\u2019y a pas eu de bless\u00e9s heureusement, mais toutes les personnes qui occupaient le couloir, faute de place, l\u2019\u00e9vacu\u00e8rent. Il y a longtemps que la petite \u00e9glise paroissial menace ruine. La population esp\u00e8re que le petit incident de dimanche influera sur les autorit\u00e9s comp\u00e9tentes et les d\u00e9terminera \u00e0 doter la commune d\u2019une nouvelle \u00e9glise.<\/p>\n\n\n\n<p>Sources&nbsp;: Express 11 ao\u00fbt 1891<\/p>\n","protected":false},"excerpt":{"rendered":"<p>Montreux-vieux. \u2014 Dimanche, pendant que les fid\u00e8les assistaient \u00e0 l&rsquo;office, une pierre se d\u00e9tacha du mur de fond de l\u2019\u00e9glise et roula au milieu du couloir qui s\u00e9pare les deux rang\u00e9es de chaises. Il n\u2019y a pas eu de bless\u00e9s &hellip; <a href=\"https:\/\/montreux-vieux.net\/?page_id=20257\">Continuer la lecture <span class=\"meta-nav\">&rarr;<\/span><\/a><\/p>\n","protected":false},"author":1,"featured_media":0,"parent":13028,"menu_order":35,"comment_status":"closed","ping_status":"open","template":"","meta":{"footnotes":""},"class_list":["post-20257","page","type-page","status-publish","hentry"],"_links":{"self":[{"href":"https:\/\/montreux-vieux.net\/index.php?rest_route=\/wp\/v2\/pages\/20257","targetHints":{"allow":["GET"]}}],"collection":[{"href":"https:\/\/montreux-vieux.net\/index.php?rest_route=\/wp\/v2\/pages"}],"about":[{"href":"https:\/\/montreux-vieux.net\/index.php?rest_route=\/wp\/v2\/types\/page"}],"author":[{"embeddable":true,"href":"https:\/\/montreux-vieux.net\/index.php?rest_route=\/wp\/v2\/users\/1"}],"replies":[{"embeddable":true,"href":"https:\/\/montreux-vieux.net\/index.php?rest_route=%2Fwp%2Fv2%2Fcomments&post=20257"}],"version-history":[{"count":1,"href":"https:\/\/montreux-vieux.net\/index.php?rest_route=\/wp\/v2\/pages\/20257\/revisions"}],"predecessor-version":[{"id":20258,"href":"https:\/\/montreux-vieux.net\/index.php?rest_route=\/wp\/v2\/pages\/20257\/revisions\/20258"}],"up":[{"embeddable":true,"href":"https:\/\/montreux-vieux.net\/index.php?rest_route=\/wp\/v2\/pages\/13028"}],"wp:attachment":[{"href":"https:\/\/montreux-vieux.net\/index.php?rest_route=%2Fwp%2Fv2%2Fmedia&parent=20257"}],"curies":[{"name":"wp","href":"https:\/\/api.w.org\/{rel}","templated":true}]}}