{"id":20269,"date":"2020-07-30T16:04:47","date_gmt":"2020-07-30T15:04:47","guid":{"rendered":"http:\/\/montreux-vieux.net\/?page_id=20269"},"modified":"2020-07-30T16:04:47","modified_gmt":"2020-07-30T15:04:47","slug":"conferences-sur-lempaillage-des-oiseaux-et-des-mammiferes","status":"publish","type":"page","link":"https:\/\/montreux-vieux.net\/?page_id=20269","title":{"rendered":"Conf\u00e9rences sur l&#8217;empaillage  des oiseaux et des mammif\u00e8res"},"content":{"rendered":"\n<p>Montreux-Vieux. \u2014 Les instituteurs du canton de Dannemarie ont assist\u00e9, avant-hier, \u00e0 une conf\u00e9rence de M. Bur, de Willern, sur l\u2019empaillage des oiseaux et des mammif\u00e8res<\/p>\n\n\n\n<p>Sources\u00a0: Express 8 juin 1895<\/p>\n","protected":false},"excerpt":{"rendered":"<p>Montreux-Vieux. \u2014 Les instituteurs du canton de Dannemarie ont assist\u00e9, avant-hier, \u00e0 une conf\u00e9rence de M. Bur, de Willern, sur l\u2019empaillage des oiseaux et des mammif\u00e8res Sources\u00a0: Express 8 juin 1895<\/p>\n","protected":false},"author":1,"featured_media":0,"parent":12826,"menu_order":60,"comment_status":"closed","ping_status":"open","template":"","meta":{"footnotes":""},"class_list":["post-20269","page","type-page","status-publish","hentry"],"_links":{"self":[{"href":"https:\/\/montreux-vieux.net\/index.php?rest_route=\/wp\/v2\/pages\/20269","targetHints":{"allow":["GET"]}}],"collection":[{"href":"https:\/\/montreux-vieux.net\/index.php?rest_route=\/wp\/v2\/pages"}],"about":[{"href":"https:\/\/montreux-vieux.net\/index.php?rest_route=\/wp\/v2\/types\/page"}],"author":[{"embeddable":true,"href":"https:\/\/montreux-vieux.net\/index.php?rest_route=\/wp\/v2\/users\/1"}],"replies":[{"embeddable":true,"href":"https:\/\/montreux-vieux.net\/index.php?rest_route=%2Fwp%2Fv2%2Fcomments&post=20269"}],"version-history":[{"count":1,"href":"https:\/\/montreux-vieux.net\/index.php?rest_route=\/wp\/v2\/pages\/20269\/revisions"}],"predecessor-version":[{"id":20270,"href":"https:\/\/montreux-vieux.net\/index.php?rest_route=\/wp\/v2\/pages\/20269\/revisions\/20270"}],"up":[{"embeddable":true,"href":"https:\/\/montreux-vieux.net\/index.php?rest_route=\/wp\/v2\/pages\/12826"}],"wp:attachment":[{"href":"https:\/\/montreux-vieux.net\/index.php?rest_route=%2Fwp%2Fv2%2Fmedia&parent=20269"}],"curies":[{"name":"wp","href":"https:\/\/api.w.org\/{rel}","templated":true}]}}