{"id":20279,"date":"2020-07-31T10:12:28","date_gmt":"2020-07-31T09:12:28","guid":{"rendered":"http:\/\/montreux-vieux.net\/?page_id=20279"},"modified":"2020-07-31T10:12:28","modified_gmt":"2020-07-31T09:12:28","slug":"deraillement-en-1891","status":"publish","type":"page","link":"https:\/\/montreux-vieux.net\/?page_id=20279","title":{"rendered":"D\u00e9raillement en 1891"},"content":{"rendered":"\n<p>D\u00e9raillement. \u2014 Lundi soir, vers 10 heures, la locomotive du train de Montreux Vieux qui faisait vapeur vers la rotonde o\u00f9 elle allait \u00eatre remis\u00e9e, a d\u00e9raill\u00e9 en gare. Il n\u2019y a pas eu heureusement d\u2019accident de personne<\/p>\n\n\n\n<p>Sources&nbsp;: Express 1<sup>er<\/sup> avril 1891<\/p>\n","protected":false},"excerpt":{"rendered":"<p>D\u00e9raillement. \u2014 Lundi soir, vers 10 heures, la locomotive du train de Montreux Vieux qui faisait vapeur vers la rotonde o\u00f9 elle allait \u00eatre remis\u00e9e, a d\u00e9raill\u00e9 en gare. Il n\u2019y a pas eu heureusement d\u2019accident de personne Sources&nbsp;: Express &hellip; <a href=\"https:\/\/montreux-vieux.net\/?page_id=20279\">Continuer la lecture <span class=\"meta-nav\">&rarr;<\/span><\/a><\/p>\n","protected":false},"author":1,"featured_media":0,"parent":13009,"menu_order":50,"comment_status":"closed","ping_status":"open","template":"","meta":{"footnotes":""},"class_list":["post-20279","page","type-page","status-publish","hentry"],"_links":{"self":[{"href":"https:\/\/montreux-vieux.net\/index.php?rest_route=\/wp\/v2\/pages\/20279","targetHints":{"allow":["GET"]}}],"collection":[{"href":"https:\/\/montreux-vieux.net\/index.php?rest_route=\/wp\/v2\/pages"}],"about":[{"href":"https:\/\/montreux-vieux.net\/index.php?rest_route=\/wp\/v2\/types\/page"}],"author":[{"embeddable":true,"href":"https:\/\/montreux-vieux.net\/index.php?rest_route=\/wp\/v2\/users\/1"}],"replies":[{"embeddable":true,"href":"https:\/\/montreux-vieux.net\/index.php?rest_route=%2Fwp%2Fv2%2Fcomments&post=20279"}],"version-history":[{"count":1,"href":"https:\/\/montreux-vieux.net\/index.php?rest_route=\/wp\/v2\/pages\/20279\/revisions"}],"predecessor-version":[{"id":20280,"href":"https:\/\/montreux-vieux.net\/index.php?rest_route=\/wp\/v2\/pages\/20279\/revisions\/20280"}],"up":[{"embeddable":true,"href":"https:\/\/montreux-vieux.net\/index.php?rest_route=\/wp\/v2\/pages\/13009"}],"wp:attachment":[{"href":"https:\/\/montreux-vieux.net\/index.php?rest_route=%2Fwp%2Fv2%2Fmedia&parent=20279"}],"curies":[{"name":"wp","href":"https:\/\/api.w.org\/{rel}","templated":true}]}}