{"id":20282,"date":"2020-07-31T10:21:30","date_gmt":"2020-07-31T09:21:30","guid":{"rendered":"http:\/\/montreux-vieux.net\/?page_id=20282"},"modified":"2020-07-31T10:21:30","modified_gmt":"2020-07-31T09:21:30","slug":"leglise-paroissiale-fermee","status":"publish","type":"page","link":"https:\/\/montreux-vieux.net\/?page_id=20282","title":{"rendered":"L&rsquo;Eglise paroissiale ferm\u00e9e"},"content":{"rendered":"\n<p>Montreux-Vieux. on nous \u00e9crit le 1er : Voil\u00e0 bient\u00f4t un an que l\u2019\u00e9glise paroissiale\u00a0 est ferm\u00e9e pour cause de danger public. Elle tombe en ruine, il serait temps qu\u2019on construisit un nouvel \u00e9difice.<\/p>\n\n\n\n<p>Sources\u00a0: Express 2 juin 1894<\/p>\n","protected":false},"excerpt":{"rendered":"<p>Montreux-Vieux. on nous \u00e9crit le 1er : Voil\u00e0 bient\u00f4t un an que l\u2019\u00e9glise paroissiale\u00a0 est ferm\u00e9e pour cause de danger public. Elle tombe en ruine, il serait temps qu\u2019on construisit un nouvel \u00e9difice. Sources\u00a0: Express 2 juin 1894<\/p>\n","protected":false},"author":1,"featured_media":0,"parent":13028,"menu_order":40,"comment_status":"closed","ping_status":"open","template":"","meta":{"footnotes":""},"class_list":["post-20282","page","type-page","status-publish","hentry"],"_links":{"self":[{"href":"https:\/\/montreux-vieux.net\/index.php?rest_route=\/wp\/v2\/pages\/20282","targetHints":{"allow":["GET"]}}],"collection":[{"href":"https:\/\/montreux-vieux.net\/index.php?rest_route=\/wp\/v2\/pages"}],"about":[{"href":"https:\/\/montreux-vieux.net\/index.php?rest_route=\/wp\/v2\/types\/page"}],"author":[{"embeddable":true,"href":"https:\/\/montreux-vieux.net\/index.php?rest_route=\/wp\/v2\/users\/1"}],"replies":[{"embeddable":true,"href":"https:\/\/montreux-vieux.net\/index.php?rest_route=%2Fwp%2Fv2%2Fcomments&post=20282"}],"version-history":[{"count":1,"href":"https:\/\/montreux-vieux.net\/index.php?rest_route=\/wp\/v2\/pages\/20282\/revisions"}],"predecessor-version":[{"id":20283,"href":"https:\/\/montreux-vieux.net\/index.php?rest_route=\/wp\/v2\/pages\/20282\/revisions\/20283"}],"up":[{"embeddable":true,"href":"https:\/\/montreux-vieux.net\/index.php?rest_route=\/wp\/v2\/pages\/13028"}],"wp:attachment":[{"href":"https:\/\/montreux-vieux.net\/index.php?rest_route=%2Fwp%2Fv2%2Fmedia&parent=20282"}],"curies":[{"name":"wp","href":"https:\/\/api.w.org\/{rel}","templated":true}]}}