{"id":20286,"date":"2020-07-31T10:28:54","date_gmt":"2020-07-31T09:28:54","guid":{"rendered":"http:\/\/montreux-vieux.net\/?page_id=20286"},"modified":"2020-09-25T16:45:07","modified_gmt":"2020-09-25T15:45:07","slug":"train-de-pelerins","status":"publish","type":"page","link":"https:\/\/montreux-vieux.net\/?page_id=20286","title":{"rendered":"Train de p\u00e8lerins"},"content":{"rendered":"\n<p>Train de p\u00e8lerins, \u2014 Hier matin, peu apr\u00e8s 10 h. a pass\u00e9 ici venant de Lourdes, par&nbsp; Montreux-Vieux, un train de 800 p\u00e8lerins qui ont pris les trains de l\u2019apr\u00e8s-midi pour rentrer chez eux.<\/p>\n\n\n\n<p>Sources\u00a0: Express 19 mai 1900<\/p>\n\n\n\n<p>Un train de p\u00e8lerinage \u00e0 destination de Lourdes partira mercredi, le 2 mai, \u00e0 1 b. 30 de l\u2019apr\u00e8s-midi. Environ 650 p\u00e8lerins y prendront place. Le retour s\u2019effectuera, le 11 mai, par Montreux-Vieux.<\/p>\n\n\n\n<p>Sources&nbsp;: Express 1<sup>er<\/sup> mai 1894<\/p>\n","protected":false},"excerpt":{"rendered":"<p>Train de p\u00e8lerins, \u2014 Hier matin, peu apr\u00e8s 10 h. a pass\u00e9 ici venant de Lourdes, par&nbsp; Montreux-Vieux, un train de 800 p\u00e8lerins qui ont pris les trains de l\u2019apr\u00e8s-midi pour rentrer chez eux. Sources\u00a0: Express 19 mai 1900 Un &hellip; <a href=\"https:\/\/montreux-vieux.net\/?page_id=20286\">Continuer la lecture <span class=\"meta-nav\">&rarr;<\/span><\/a><\/p>\n","protected":false},"author":1,"featured_media":0,"parent":13013,"menu_order":80,"comment_status":"closed","ping_status":"open","template":"","meta":{"footnotes":""},"class_list":["post-20286","page","type-page","status-publish","hentry"],"_links":{"self":[{"href":"https:\/\/montreux-vieux.net\/index.php?rest_route=\/wp\/v2\/pages\/20286","targetHints":{"allow":["GET"]}}],"collection":[{"href":"https:\/\/montreux-vieux.net\/index.php?rest_route=\/wp\/v2\/pages"}],"about":[{"href":"https:\/\/montreux-vieux.net\/index.php?rest_route=\/wp\/v2\/types\/page"}],"author":[{"embeddable":true,"href":"https:\/\/montreux-vieux.net\/index.php?rest_route=\/wp\/v2\/users\/1"}],"replies":[{"embeddable":true,"href":"https:\/\/montreux-vieux.net\/index.php?rest_route=%2Fwp%2Fv2%2Fcomments&post=20286"}],"version-history":[{"count":2,"href":"https:\/\/montreux-vieux.net\/index.php?rest_route=\/wp\/v2\/pages\/20286\/revisions"}],"predecessor-version":[{"id":21135,"href":"https:\/\/montreux-vieux.net\/index.php?rest_route=\/wp\/v2\/pages\/20286\/revisions\/21135"}],"up":[{"embeddable":true,"href":"https:\/\/montreux-vieux.net\/index.php?rest_route=\/wp\/v2\/pages\/13013"}],"wp:attachment":[{"href":"https:\/\/montreux-vieux.net\/index.php?rest_route=%2Fwp%2Fv2%2Fmedia&parent=20286"}],"curies":[{"name":"wp","href":"https:\/\/api.w.org\/{rel}","templated":true}]}}