{"id":20292,"date":"2020-08-01T16:25:00","date_gmt":"2020-08-01T15:25:00","guid":{"rendered":"http:\/\/montreux-vieux.net\/?page_id=20292"},"modified":"2020-08-01T16:25:00","modified_gmt":"2020-08-01T15:25:00","slug":"les-obseques-de-scheurer-kestner-senateur-a-thann","status":"publish","type":"page","link":"https:\/\/montreux-vieux.net\/?page_id=20292","title":{"rendered":"Les obs\u00e8ques  de Scheurer-Kestner (S\u00e9nateur) \u00e0 Thann"},"content":{"rendered":"\n<p>Les obs\u00e8ques &nbsp;de Scheurer-Kestner (S\u00e9nateur) \u00e0 Thann<\/p>\n\n\n\n<p>Voici le r\u00e9cit d\u00e9taill\u00e9 de cette c\u00e9r\u00e9monie, qui a pris dans celte partie de L\u2019Alsace l\u2019importance de fun\u00e9railles nationales.<\/p>\n\n\n\n<p>A Montreux-Vieux, la douane allemande avait fait ouvrir le fourgon des couronnes en m\u00e9tal, perles porcelaine pour les peser et percevoir les droits, qui sont d\u2019ailleurs rembours\u00e9s quand il est attest\u00e9 qu\u2019elles ont \u00e9t\u00e9 d\u00e9pos\u00e9es sur la tombe. Jusque-l\u00e0 elles sont consid\u00e9r\u00e9es comme produit manufactur\u00e9 neuf. Les couronnes en fleurs naturelles passent .en franchise.<\/p>\n\n\n\n<p>Sources&nbsp;: Le Voltaire 28 septembre 1899<\/p>\n","protected":false},"excerpt":{"rendered":"<p>Les obs\u00e8ques &nbsp;de Scheurer-Kestner (S\u00e9nateur) \u00e0 Thann Voici le r\u00e9cit d\u00e9taill\u00e9 de cette c\u00e9r\u00e9monie, qui a pris dans celte partie de L\u2019Alsace l\u2019importance de fun\u00e9railles nationales. A Montreux-Vieux, la douane allemande avait fait ouvrir le fourgon des couronnes en m\u00e9tal, &hellip; <a href=\"https:\/\/montreux-vieux.net\/?page_id=20292\">Continuer la lecture <span class=\"meta-nav\">&rarr;<\/span><\/a><\/p>\n","protected":false},"author":1,"featured_media":0,"parent":4091,"menu_order":120,"comment_status":"closed","ping_status":"open","template":"","meta":{"footnotes":""},"class_list":["post-20292","page","type-page","status-publish","hentry"],"_links":{"self":[{"href":"https:\/\/montreux-vieux.net\/index.php?rest_route=\/wp\/v2\/pages\/20292","targetHints":{"allow":["GET"]}}],"collection":[{"href":"https:\/\/montreux-vieux.net\/index.php?rest_route=\/wp\/v2\/pages"}],"about":[{"href":"https:\/\/montreux-vieux.net\/index.php?rest_route=\/wp\/v2\/types\/page"}],"author":[{"embeddable":true,"href":"https:\/\/montreux-vieux.net\/index.php?rest_route=\/wp\/v2\/users\/1"}],"replies":[{"embeddable":true,"href":"https:\/\/montreux-vieux.net\/index.php?rest_route=%2Fwp%2Fv2%2Fcomments&post=20292"}],"version-history":[{"count":1,"href":"https:\/\/montreux-vieux.net\/index.php?rest_route=\/wp\/v2\/pages\/20292\/revisions"}],"predecessor-version":[{"id":20293,"href":"https:\/\/montreux-vieux.net\/index.php?rest_route=\/wp\/v2\/pages\/20292\/revisions\/20293"}],"up":[{"embeddable":true,"href":"https:\/\/montreux-vieux.net\/index.php?rest_route=\/wp\/v2\/pages\/4091"}],"wp:attachment":[{"href":"https:\/\/montreux-vieux.net\/index.php?rest_route=%2Fwp%2Fv2%2Fmedia&parent=20292"}],"curies":[{"name":"wp","href":"https:\/\/api.w.org\/{rel}","templated":true}]}}