{"id":20303,"date":"2020-08-03T10:25:50","date_gmt":"2020-08-03T09:25:50","guid":{"rendered":"http:\/\/montreux-vieux.net\/?page_id=20303"},"modified":"2020-08-03T10:25:50","modified_gmt":"2020-08-03T09:25:50","slug":"neff-constructeur-dorgues","status":"publish","type":"page","link":"https:\/\/montreux-vieux.net\/?page_id=20303","title":{"rendered":"Neff constructeur d&rsquo;orgues"},"content":{"rendered":"\n<p> On nous \u00e9crit que M. Neff, le grand constructeur d\u2019orgues de Montreux-Vieux, a achet\u00e9 pour 9000 francs la maison des h\u00e9ritiers Neff, vis-\u00e0-vis l\u2019h\u00f4tel de la Couronne, pour y installer des ateliers.<\/p>\n\n\n\n<p>&nbsp;Sources&nbsp;; Express 17 f\u00e9vrier 1895<\/p>\n","protected":false},"excerpt":{"rendered":"<p>On nous \u00e9crit que M. Neff, le grand constructeur d\u2019orgues de Montreux-Vieux, a achet\u00e9 pour 9000 francs la maison des h\u00e9ritiers Neff, vis-\u00e0-vis l\u2019h\u00f4tel de la Couronne, pour y installer des ateliers. &nbsp;Sources&nbsp;; Express 17 f\u00e9vrier 1895<\/p>\n","protected":false},"author":1,"featured_media":0,"parent":4091,"menu_order":125,"comment_status":"closed","ping_status":"open","template":"","meta":{"footnotes":""},"class_list":["post-20303","page","type-page","status-publish","hentry"],"_links":{"self":[{"href":"https:\/\/montreux-vieux.net\/index.php?rest_route=\/wp\/v2\/pages\/20303","targetHints":{"allow":["GET"]}}],"collection":[{"href":"https:\/\/montreux-vieux.net\/index.php?rest_route=\/wp\/v2\/pages"}],"about":[{"href":"https:\/\/montreux-vieux.net\/index.php?rest_route=\/wp\/v2\/types\/page"}],"author":[{"embeddable":true,"href":"https:\/\/montreux-vieux.net\/index.php?rest_route=\/wp\/v2\/users\/1"}],"replies":[{"embeddable":true,"href":"https:\/\/montreux-vieux.net\/index.php?rest_route=%2Fwp%2Fv2%2Fcomments&post=20303"}],"version-history":[{"count":1,"href":"https:\/\/montreux-vieux.net\/index.php?rest_route=\/wp\/v2\/pages\/20303\/revisions"}],"predecessor-version":[{"id":20304,"href":"https:\/\/montreux-vieux.net\/index.php?rest_route=\/wp\/v2\/pages\/20303\/revisions\/20304"}],"up":[{"embeddable":true,"href":"https:\/\/montreux-vieux.net\/index.php?rest_route=\/wp\/v2\/pages\/4091"}],"wp:attachment":[{"href":"https:\/\/montreux-vieux.net\/index.php?rest_route=%2Fwp%2Fv2%2Fmedia&parent=20303"}],"curies":[{"name":"wp","href":"https:\/\/api.w.org\/{rel}","templated":true}]}}