{"id":20306,"date":"2020-08-03T15:52:55","date_gmt":"2020-08-03T14:52:55","guid":{"rendered":"http:\/\/montreux-vieux.net\/?page_id=20306"},"modified":"2020-08-03T15:52:55","modified_gmt":"2020-08-03T14:52:55","slug":"deux-belles-carpes","status":"publish","type":"page","link":"https:\/\/montreux-vieux.net\/?page_id=20306","title":{"rendered":"Deux belles carpes."},"content":{"rendered":"\n<p>MONTREUX-VIEUX Deux belles carpes. \u2014 Pr\u00e8s de Montreux-Vieux, dans le canal du Rh\u00f4ne-au-Rhin, M. Maillard, un fervent de la gaule, a p\u00e9ch\u00e9 l\u2019autre matin deux superbes carpes pesant respectivement 6 et 8 livres. \u2014 Elles sont si belles, a-t-il d\u00e9clar\u00e9, que je n\u2019aurai pas besoin de mentir en parlant d&rsquo;elles<\/p>\n\n\n\n<p>Sources&nbsp;: L\u2019Express de Mulhouse 12 ao\u00fbt 1933<\/p>\n","protected":false},"excerpt":{"rendered":"<p>MONTREUX-VIEUX Deux belles carpes. \u2014 Pr\u00e8s de Montreux-Vieux, dans le canal du Rh\u00f4ne-au-Rhin, M. Maillard, un fervent de la gaule, a p\u00e9ch\u00e9 l\u2019autre matin deux superbes carpes pesant respectivement 6 et 8 livres. \u2014 Elles sont si belles, a-t-il d\u00e9clar\u00e9, &hellip; <a href=\"https:\/\/montreux-vieux.net\/?page_id=20306\">Continuer la lecture <span class=\"meta-nav\">&rarr;<\/span><\/a><\/p>\n","protected":false},"author":1,"featured_media":0,"parent":13104,"menu_order":20,"comment_status":"closed","ping_status":"open","template":"","meta":{"footnotes":""},"class_list":["post-20306","page","type-page","status-publish","hentry"],"_links":{"self":[{"href":"https:\/\/montreux-vieux.net\/index.php?rest_route=\/wp\/v2\/pages\/20306","targetHints":{"allow":["GET"]}}],"collection":[{"href":"https:\/\/montreux-vieux.net\/index.php?rest_route=\/wp\/v2\/pages"}],"about":[{"href":"https:\/\/montreux-vieux.net\/index.php?rest_route=\/wp\/v2\/types\/page"}],"author":[{"embeddable":true,"href":"https:\/\/montreux-vieux.net\/index.php?rest_route=\/wp\/v2\/users\/1"}],"replies":[{"embeddable":true,"href":"https:\/\/montreux-vieux.net\/index.php?rest_route=%2Fwp%2Fv2%2Fcomments&post=20306"}],"version-history":[{"count":1,"href":"https:\/\/montreux-vieux.net\/index.php?rest_route=\/wp\/v2\/pages\/20306\/revisions"}],"predecessor-version":[{"id":20307,"href":"https:\/\/montreux-vieux.net\/index.php?rest_route=\/wp\/v2\/pages\/20306\/revisions\/20307"}],"up":[{"embeddable":true,"href":"https:\/\/montreux-vieux.net\/index.php?rest_route=\/wp\/v2\/pages\/13104"}],"wp:attachment":[{"href":"https:\/\/montreux-vieux.net\/index.php?rest_route=%2Fwp%2Fv2%2Fmedia&parent=20306"}],"curies":[{"name":"wp","href":"https:\/\/api.w.org\/{rel}","templated":true}]}}