{"id":20309,"date":"2020-08-03T16:05:05","date_gmt":"2020-08-03T15:05:05","guid":{"rendered":"http:\/\/montreux-vieux.net\/?page_id=20309"},"modified":"2020-08-03T16:05:27","modified_gmt":"2020-08-03T15:05:27","slug":"un-cultivateur-blesse-grievement-son-neveu","status":"publish","type":"page","link":"https:\/\/montreux-vieux.net\/?page_id=20309","title":{"rendered":"Un cultivateur blesse gri\u00e8vement son neveu"},"content":{"rendered":"\n<p>MONTREUX-VIEUX. \u2014 Un cultivateur blesse gri\u00e8vement son neveu. Quelques\u00a0 personnes \u00e9taient attabl\u00e9es l\u2019autre soir dans le restaurant de la Poste. Une\u00a0 violente discussion \u00e9clata entre le nomm\u00e9 Ried \u00e2g\u00e9 de\u00a0 55 ans, et son neveu Feyertag \u00e2g\u00e9 de 25 ans. L&rsquo;aubergiste, en fin de compte, expulsa ses clients trop bruyants. La\u00a0 tension continua dan la rue et, Ried, devenant\u00a0 de plus en plus mena\u00e7ant, son neveu prit la fuite et se barricada dans la salle d\u2019attente de la gare. Son oncle, cependant, le\u00a0 poursuivit et enfon\u00e7a la porte. Une bagarre s&rsquo;en suivit, les amis et\u00a0 parents des\u00a0 combattants s\u2019\u00e9tant m\u00eal\u00e9s \u00e0 la rixe. Subitement Feyertag s&rsquo;\u00e9croula un coup de couteau dans le\u00a0 dos. Le malheureux jeune homme a \u00e9t\u00e9 hospitalis\u00e9 dans un \u00e9tat tr\u00e8s alarmant.<\/p>\n\n\n\n<p>Ried&nbsp; qui fut trouv\u00e9 en possession d\u2019un couteau ensanglant\u00e9, \u00e9videmment, l&rsquo;arme du crime, a \u00e9t\u00e9 arr\u00eat\u00e9 sous l&rsquo;inculpation d&rsquo;avoir frapp\u00e9 le coup fatal<\/p>\n\n\n\n<p>Sources : L\u2019Express de Mulhouse 30 octobre 1927<\/p>\n","protected":false},"excerpt":{"rendered":"<p>MONTREUX-VIEUX. \u2014 Un cultivateur blesse gri\u00e8vement son neveu. Quelques\u00a0 personnes \u00e9taient attabl\u00e9es l\u2019autre soir dans le restaurant de la Poste. Une\u00a0 violente discussion \u00e9clata entre le nomm\u00e9 Ried \u00e2g\u00e9 de\u00a0 55 ans, et son neveu Feyertag \u00e2g\u00e9 de 25 ans. &hellip; <a href=\"https:\/\/montreux-vieux.net\/?page_id=20309\">Continuer la lecture <span class=\"meta-nav\">&rarr;<\/span><\/a><\/p>\n","protected":false},"author":1,"featured_media":0,"parent":13044,"menu_order":460,"comment_status":"closed","ping_status":"open","template":"","meta":{"footnotes":""},"class_list":["post-20309","page","type-page","status-publish","hentry"],"_links":{"self":[{"href":"https:\/\/montreux-vieux.net\/index.php?rest_route=\/wp\/v2\/pages\/20309","targetHints":{"allow":["GET"]}}],"collection":[{"href":"https:\/\/montreux-vieux.net\/index.php?rest_route=\/wp\/v2\/pages"}],"about":[{"href":"https:\/\/montreux-vieux.net\/index.php?rest_route=\/wp\/v2\/types\/page"}],"author":[{"embeddable":true,"href":"https:\/\/montreux-vieux.net\/index.php?rest_route=\/wp\/v2\/users\/1"}],"replies":[{"embeddable":true,"href":"https:\/\/montreux-vieux.net\/index.php?rest_route=%2Fwp%2Fv2%2Fcomments&post=20309"}],"version-history":[{"count":2,"href":"https:\/\/montreux-vieux.net\/index.php?rest_route=\/wp\/v2\/pages\/20309\/revisions"}],"predecessor-version":[{"id":20311,"href":"https:\/\/montreux-vieux.net\/index.php?rest_route=\/wp\/v2\/pages\/20309\/revisions\/20311"}],"up":[{"embeddable":true,"href":"https:\/\/montreux-vieux.net\/index.php?rest_route=\/wp\/v2\/pages\/13044"}],"wp:attachment":[{"href":"https:\/\/montreux-vieux.net\/index.php?rest_route=%2Fwp%2Fv2%2Fmedia&parent=20309"}],"curies":[{"name":"wp","href":"https:\/\/api.w.org\/{rel}","templated":true}]}}