{"id":20313,"date":"2020-08-03T16:38:00","date_gmt":"2020-08-03T15:38:00","guid":{"rendered":"http:\/\/montreux-vieux.net\/?page_id=20313"},"modified":"2020-08-03T16:38:00","modified_gmt":"2020-08-03T15:38:00","slug":"encore-une-qui-disparait","status":"publish","type":"page","link":"https:\/\/montreux-vieux.net\/?page_id=20313","title":{"rendered":"Encore une qui dispara\u00eet."},"content":{"rendered":"\n<p>MONTREUX-VIEUX Encore une qui dispara\u00eet. \u2014 Dans la nuit du 28 au 29 juillet une bicyclette appartenant \u00e0 M. A. W. \u00e9tudiant demeurant \u00e0 Montreux-Vieux, a \u00e9t\u00e9 vol\u00e9e dans la cour de sa maison. La gendarmerie enqu\u00eate.<\/p>\n\n\n\n<p>Sources\u00a0: Express de Mulhouse 4 ao\u00fbt 1937<\/p>\n","protected":false},"excerpt":{"rendered":"<p>MONTREUX-VIEUX Encore une qui dispara\u00eet. \u2014 Dans la nuit du 28 au 29 juillet une bicyclette appartenant \u00e0 M. A. W. \u00e9tudiant demeurant \u00e0 Montreux-Vieux, a \u00e9t\u00e9 vol\u00e9e dans la cour de sa maison. La gendarmerie enqu\u00eate. Sources\u00a0: Express de &hellip; <a href=\"https:\/\/montreux-vieux.net\/?page_id=20313\">Continuer la lecture <span class=\"meta-nav\">&rarr;<\/span><\/a><\/p>\n","protected":false},"author":1,"featured_media":0,"parent":13044,"menu_order":465,"comment_status":"closed","ping_status":"open","template":"","meta":{"footnotes":""},"class_list":["post-20313","page","type-page","status-publish","hentry"],"_links":{"self":[{"href":"https:\/\/montreux-vieux.net\/index.php?rest_route=\/wp\/v2\/pages\/20313","targetHints":{"allow":["GET"]}}],"collection":[{"href":"https:\/\/montreux-vieux.net\/index.php?rest_route=\/wp\/v2\/pages"}],"about":[{"href":"https:\/\/montreux-vieux.net\/index.php?rest_route=\/wp\/v2\/types\/page"}],"author":[{"embeddable":true,"href":"https:\/\/montreux-vieux.net\/index.php?rest_route=\/wp\/v2\/users\/1"}],"replies":[{"embeddable":true,"href":"https:\/\/montreux-vieux.net\/index.php?rest_route=%2Fwp%2Fv2%2Fcomments&post=20313"}],"version-history":[{"count":1,"href":"https:\/\/montreux-vieux.net\/index.php?rest_route=\/wp\/v2\/pages\/20313\/revisions"}],"predecessor-version":[{"id":20314,"href":"https:\/\/montreux-vieux.net\/index.php?rest_route=\/wp\/v2\/pages\/20313\/revisions\/20314"}],"up":[{"embeddable":true,"href":"https:\/\/montreux-vieux.net\/index.php?rest_route=\/wp\/v2\/pages\/13044"}],"wp:attachment":[{"href":"https:\/\/montreux-vieux.net\/index.php?rest_route=%2Fwp%2Fv2%2Fmedia&parent=20313"}],"curies":[{"name":"wp","href":"https:\/\/api.w.org\/{rel}","templated":true}]}}